{"id":11631,"date":"2025-09-20T08:36:35","date_gmt":"2025-09-20T08:36:35","guid":{"rendered":"https:\/\/wham-vintage.com\/la-torre-oscura-el-nacimiento-del-pistolero-stephen-king-marvel-comics\/"},"modified":"2025-11-09T19:10:30","modified_gmt":"2025-11-09T19:10:30","slug":"la-torre-fosca-el-naixement-del-pistoler-stephen-king-marvel-comics","status":"publish","type":"product","link":"https:\/\/wham-vintage.com\/ca\/la-torre-fosca-el-naixement-del-pistoler-stephen-king-marvel-comics\/","title":{"rendered":"La Torre Fosca: El Naixement del Pistoler \u2013 Stephen King \/ Marvel Comics"},"content":{"rendered":"<p>Novel\u00b7la gr\u00e0fica que narra els or\u00edgens de Roland. Art espectacular de Jae Lee i expansi\u00f3 de l&#039;univers de la Torre Fosca.<\/p>","protected":false},"excerpt":{"rendered":"<p>Novel\u00b7la gr\u00e0fica que narra els or\u00edgens de Roland. Art espectacular i expansi\u00f3 de l\u00b4univers de La Torre Oscura.<\/p>","protected":false},"featured_media":11632,"template":"","meta":{"_acf_changed":false,"_relevanssi_hide_post":"","_relevanssi_pin_for_all":"","_relevanssi_pin_keywords":"","_relevanssi_unpin_keywords":"","_relevanssi_related_keywords":"","_relevanssi_related_include_ids":"","_relevanssi_related_exclude_ids":"","_relevanssi_related_no_append":"","_relevanssi_related_not_related":"","_relevanssi_related_posts":"33503,18122,40980,18152,18162,18128","_relevanssi_noindex_reason":""},"genero-musical":[],"product_brand":[],"product_cat":[22,21],"product_tag":[],"tematica":[968],"class_list":{"0":"post-11631","1":"product","2":"type-product","3":"status-publish","4":"has-post-thumbnail","6":"product_cat-comics-tebeos-vintage","7":"product_cat-libros-antiguos-de-ocasion-y-coleccion","8":"tematica-terror","10":"first","11":"instock","12":"sold-individually","13":"purchasable","14":"product-type-simple"},"acf":[],"_links":{"self":[{"href":"https:\/\/wham-vintage.com\/ca\/wp-json\/wp\/v2\/product\/11631","targetHints":{"allow":["GET"]}}],"collection":[{"href":"https:\/\/wham-vintage.com\/ca\/wp-json\/wp\/v2\/product"}],"about":[{"href":"https:\/\/wham-vintage.com\/ca\/wp-json\/wp\/v2\/types\/product"}],"wp:featuredmedia":[{"embeddable":true,"href":"https:\/\/wham-vintage.com\/ca\/wp-json\/wp\/v2\/media\/11632"}],"wp:attachment":[{"href":"https:\/\/wham-vintage.com\/ca\/wp-json\/wp\/v2\/media?parent=11631"}],"wp:term":[{"taxonomy":"genero-musical","embeddable":true,"href":"https:\/\/wham-vintage.com\/ca\/wp-json\/wp\/v2\/genero-musical?post=11631"},{"taxonomy":"product_brand","embeddable":true,"href":"https:\/\/wham-vintage.com\/ca\/wp-json\/wp\/v2\/product_brand?post=11631"},{"taxonomy":"product_cat","embeddable":true,"href":"https:\/\/wham-vintage.com\/ca\/wp-json\/wp\/v2\/product_cat?post=11631"},{"taxonomy":"product_tag","embeddable":true,"href":"https:\/\/wham-vintage.com\/ca\/wp-json\/wp\/v2\/product_tag?post=11631"},{"taxonomy":"tematica","embeddable":true,"href":"https:\/\/wham-vintage.com\/ca\/wp-json\/wp\/v2\/tematica?post=11631"}],"curies":[{"name":"wp","href":"https:\/\/api.w.org\/{rel}","templated":true}]}}