{"id":11766,"date":"2025-09-21T15:34:58","date_gmt":"2025-09-21T15:34:58","guid":{"rendered":"https:\/\/wham-vintage.com\/bum-bum-bam-bam\/"},"modified":"2026-04-11T17:18:30","modified_gmt":"2026-04-11T16:18:30","slug":"bum-bam-art-cancons-rock","status":"publish","type":"product","link":"https:\/\/wham-vintage.com\/ca\/bum-bam-art-cancons-rock\/","title":{"rendered":"Bum Bum Bam Bam!! Art i fulgor a les can\u00e7ons del rock \u2013 Javier Parrilla Romero"},"content":{"rendered":"<p>Amb inspiraci\u00f3 i enginy, l&#039;obra de molts m\u00fasics i artistes d&#039;aleshores va aconseguir transformar aquesta idea per una altra de m\u00e9s actual que veu en la m\u00fasica popular la plena manifestaci\u00f3 de l&#039;art, cosa que es conformaria no nom\u00e9s amb el sentir dels aficionats i especialistes, sin\u00f3 amb la d&#039;un m\u00f3n que cada vegada necessita unir bellesa i llibertat per recompondre el sentit imprec\u00eds de la seva acci\u00f3. Noms com Els Beatles, Leonard Cohen o Bob Dylan, a qui se li ha reconegut la import\u00e0ncia de la lletres de les seves can\u00e7ons amb el Nobel de Literatura, han eixamplat el c\u00e0non art\u00edstic occidental, perqu\u00e8 hi puguin figurar aquestes altres formes de veure i explicar la vida que acompanyen les obres de la m\u00fasica popular. Sense oblidar que la significaci\u00f3 art\u00edstica d&#039;aquesta ha estat augmentada mitjan\u00e7ant el treball de creaci\u00f3 que dibuixants, il\u00b7lustradors, fot\u00f2grafs o dissenyadors han dipositat a les portades de discos, especialment les abocades en vinil.<\/p>\n<p>Amb les noves tecnologies aplicables a la creaci\u00f3, l&#039;enregistrament i la reproducci\u00f3 del so, els marges de l&#039;experi\u00e8ncia musical s&#039;amplien tant per a l&#039;esperit creador com per al simple oient. I aix\u00ed, aquest llibre es completa a la segona part amb una \u00e0mplia mostra d&#039;artistes i can\u00e7ons, abocada en refer\u00e8ncies a discos c\u00e8lebres. Un est\u00edmul m\u00e9s perqu\u00e8 el lector acudeixi directament a la m\u00fasica referenciada, i tingui ocasi\u00f3 de gaudir del moment privilegiat en qu\u00e8 l&#039;art sorgeix al doble vessant de m\u00fasica i poesia.<\/p>","protected":false},"excerpt":{"rendered":"<p>A mitjan d\u00e8cada dels seixanta del segle passat, la m\u00fasica popular va comen\u00e7ar a rebre l&#039;impuls definitiu que acabaria transformant la idea encara imperant d&#039;un espai cultural per acollir g\u00e8neres i estils musicals destinats exclusivament a la ind\u00fastria de l&#039;entreteniment.<\/p>","protected":false},"featured_media":11774,"template":"","meta":{"_acf_changed":false,"_relevanssi_hide_post":"","_relevanssi_pin_for_all":"","_relevanssi_pin_keywords":"","_relevanssi_unpin_keywords":"","_relevanssi_related_keywords":"","_relevanssi_related_include_ids":"","_relevanssi_related_exclude_ids":"","_relevanssi_related_no_append":"","_relevanssi_related_not_related":"","_relevanssi_related_posts":"23547,20685,32923,16964,23465,37633","_relevanssi_noindex_reason":""},"genero-musical":[],"product_brand":[],"product_cat":[],"product_tag":[],"tematica":[],"class_list":{"0":"post-11766","1":"product","2":"type-product","3":"status-publish","4":"has-post-thumbnail","7":"first","8":"outofstock","9":"sold-individually","10":"purchasable","11":"product-type-simple"},"acf":[],"_links":{"self":[{"href":"https:\/\/wham-vintage.com\/ca\/wp-json\/wp\/v2\/product\/11766","targetHints":{"allow":["GET"]}}],"collection":[{"href":"https:\/\/wham-vintage.com\/ca\/wp-json\/wp\/v2\/product"}],"about":[{"href":"https:\/\/wham-vintage.com\/ca\/wp-json\/wp\/v2\/types\/product"}],"wp:featuredmedia":[{"embeddable":true,"href":"https:\/\/wham-vintage.com\/ca\/wp-json\/wp\/v2\/media\/11774"}],"wp:attachment":[{"href":"https:\/\/wham-vintage.com\/ca\/wp-json\/wp\/v2\/media?parent=11766"}],"wp:term":[{"taxonomy":"genero-musical","embeddable":true,"href":"https:\/\/wham-vintage.com\/ca\/wp-json\/wp\/v2\/genero-musical?post=11766"},{"taxonomy":"product_brand","embeddable":true,"href":"https:\/\/wham-vintage.com\/ca\/wp-json\/wp\/v2\/product_brand?post=11766"},{"taxonomy":"product_cat","embeddable":true,"href":"https:\/\/wham-vintage.com\/ca\/wp-json\/wp\/v2\/product_cat?post=11766"},{"taxonomy":"product_tag","embeddable":true,"href":"https:\/\/wham-vintage.com\/ca\/wp-json\/wp\/v2\/product_tag?post=11766"},{"taxonomy":"tematica","embeddable":true,"href":"https:\/\/wham-vintage.com\/ca\/wp-json\/wp\/v2\/tematica?post=11766"}],"curies":[{"name":"wp","href":"https:\/\/api.w.org\/{rel}","templated":true}]}}