{"id":13267,"date":"2025-10-12T07:45:34","date_gmt":"2025-10-12T07:45:34","guid":{"rendered":"https:\/\/wham-vintage.com\/tarot-el-senor-de-los-anillos-varios-autores\/"},"modified":"2026-02-14T16:33:20","modified_gmt":"2026-02-14T15:33:20","slug":"tarot-el-senor-de-los-anillos-varios-autores","status":"publish","type":"product","link":"https:\/\/wham-vintage.com\/ca\/tarot-el-senor-de-los-anillos-varios-autores\/","title":{"rendered":"TAROT EL SENYOR DELS ANELLS \u2013 DIVERSOS AUTORS"},"content":{"rendered":"<p>El <strong>Tarot El Se\u00f1or de los Anillos<\/strong>, publicado por Minotauro y creado por varios autores, es una joya cultural que une el universo de Tolkien con la pr\u00e1ctica ancestral del tarot. Cada carta est\u00e1 ilustrada con personajes, paisajes y s\u00edmbolos de la Tierra Media, convirtiendo la lectura en una experiencia \u00e9pica y m\u00edstica.<\/p>\n<blockquote class=\"tiktok-embed\" cite=\"https:\/\/www.tiktok.com\/@llocosxllectura\/video\/7267359122197138693\" data-video-id=\"7267359122197138693\" style=\"max-width: 605px;min-width: 325px;\" >\n<section> <a target=\"_blank\" title=\"@llocosxllectura\" href=\"https:\/\/www.tiktok.com\/@llocosxllectura?refer=embed\">@llocosxllectura<\/a> \u2728\ud83e\uddd9\ud83c\udffd\u200d\u2642\ufe0f DEMASIADO HERMOSO \ud83d\udcab TAROT: EL SE\u00d1OR DE LOS ANILLOS\ud83e\uddd9\ud83c\udffd\u200d\u2642\ufe0f \u2728\ufe0f . \ud83d\udc4ePRECIO REGULAR: 125soles  \ud83d\udcabPRECIO EN OFERTA : 99 soles  . \u2728DETALLES \u2705EDITORIAL : MINOTAURO \u2705ESTADO : NUEVO  . \u2728SINOPSIS: \u26a1 Baraja de tarot oficial de Tolkien. Explora tu pasado, tu presente y tu futuro con esta baraja de tarot oficial que presenta unas sensacionales ilustraciones inspiradas en las emblem\u00e1ticas novelas de El Se\u00f1or de los Anillos. Baraja de tarot dibujada por Tom\u00e1s Hijo, un ilustrador de renombre de quien se habla hasta en Hollywood, ya que ilustr\u00f3 la baraja de tarot que ha aparecido recientemente en la pel\u00edcula &#39;El callej\u00f3n de las almas perdidas&#39;. . . <a title=\"locosporlalectura\" target=\"_blank\" href=\"https:\/\/www.tiktok.com\/tag\/locosporlalectura?refer=embed\">#locosporlalectura<\/a> <a title=\"megustaleer\" target=\"_blank\" href=\"https:\/\/www.tiktok.com\/tag\/megustaleer?refer=embed\">#megustaleer<\/a> <a title=\"llocosxllectura\" target=\"_blank\" href=\"https:\/\/www.tiktok.com\/tag\/llocosxllectura?refer=embed\">#llocosxllectura<\/a> <a title=\"leeresgenial\" target=\"_blank\" href=\"https:\/\/www.tiktok.com\/tag\/leeresgenial?refer=embed\">#leeresgenial<\/a> <a title=\"instagood\" target=\"_blank\" href=\"https:\/\/www.tiktok.com\/tag\/instagood?refer=embed\">#instagood<\/a> <a title=\"elsilmarillion\" target=\"_blank\" href=\"https:\/\/www.tiktok.com\/tag\/elsilmarillion?refer=embed\">#elsilmarillion<\/a> <a title=\"thesilmarillion\" target=\"_blank\" href=\"https:\/\/www.tiktok.com\/tag\/thesilmarillion?refer=embed\">#thesilmarillion<\/a> <a title=\"silmarillion\" target=\"_blank\" href=\"https:\/\/www.tiktok.com\/tag\/silmarillion?refer=embed\">#silmarillion<\/a> <a title=\"hobbit\" target=\"_blank\" href=\"https:\/\/www.tiktok.com\/tag\/hobbit?refer=embed\">#hobbit<\/a> <a title=\"booklover\" target=\"_blank\" href=\"https:\/\/www.tiktok.com\/tag\/booklover?refer=embed\">#booklover<\/a> <a title=\"lovebook\" target=\"_blank\" href=\"https:\/\/www.tiktok.com\/tag\/lovebook?refer=embed\">#lovebook<\/a> <a title=\"librero\" target=\"_blank\" href=\"https:\/\/www.tiktok.com\/tag\/librero?refer=embed\">#librero<\/a> <a title=\"librosrecomendados\" target=\"_blank\" href=\"https:\/\/www.tiktok.com\/tag\/librosrecomendados?refer=embed\">#librosrecomendados<\/a> <a title=\"megustaleer\" target=\"_blank\" href=\"https:\/\/www.tiktok.com\/tag\/megustaleer?refer=embed\">#megustaleer<\/a> <a title=\"instalibro\" target=\"_blank\" href=\"https:\/\/www.tiktok.com\/tag\/instalibro?refer=embed\">#instalibro<\/a> <a title=\"libreriaonline\" target=\"_blank\" href=\"https:\/\/www.tiktok.com\/tag\/libreriaonline?refer=embed\">#libreriaonline<\/a> <a title=\"librosmiadiccion\" target=\"_blank\" href=\"https:\/\/www.tiktok.com\/tag\/librosmiadiccion?refer=embed\">#librosmiadiccion<\/a> <a title=\"leeresvida\" target=\"_blank\" href=\"https:\/\/www.tiktok.com\/tag\/leeresvida?refer=embed\">#leeresvida<\/a> <a title=\"librosymaslibros\" target=\"_blank\" href=\"https:\/\/www.tiktok.com\/tag\/librosymaslibros?refer=embed\">#librosymaslibros<\/a> <a title=\"amoleer\" target=\"_blank\" href=\"https:\/\/www.tiktok.com\/tag\/amoleer?refer=embed\">#amoleer<\/a> <a title=\"librosenventa\" target=\"_blank\" href=\"https:\/\/www.tiktok.com\/tag\/librosenventa?refer=embed\">#librosenventa<\/a> <a title=\"tolkien\" target=\"_blank\" href=\"https:\/\/www.tiktok.com\/tag\/tolkien?refer=embed\">#tolkien<\/a> <a title=\"tierramedia\" target=\"_blank\" href=\"https:\/\/www.tiktok.com\/tag\/tierramedia?refer=embed\">#tierramedia<\/a> <a title=\"tarot\" target=\"_blank\" href=\"https:\/\/www.tiktok.com\/tag\/tarot?refer=embed\">#tarot<\/a> <a title=\"baraja\u2728\ud83e\uddd9\ud83c\udffd\u200d\u2642\ufe0f\" target=\"_blank\" href=\"https:\/\/www.tiktok.com\/tag\/baraja%E2%9C%A8%F0%9F%A7%99%F0%9F%8F%BD%E2%80%8D%E2%99%82%EF%B8%8F?refer=embed\">#baraja\u2728\ud83e\uddd9\ud83c\udffd\u200d\u2642\ufe0f<\/a> DEMASIADO HERMOSO \ud83d\udcab TAROT: EL SE\u00d1OR DE LOS ANILLOS\ud83e\uddd9\ud83c\udffd\u200d\u2642\ufe0f \u2728\ufe0f . \ud83d\udc4ePRECIO REGULAR: 125soles  \ud83d\udcabPRECIO EN OFERTA : 99 soles  . \u2728DETALLES \u2705EDITORIAL : MINOTAURO \u2705ESTADO : NUEVO  . \u2728SINOPSIS: \u26a1 Baraja de tarot oficial de Tolkien. Explora tu pasado, tu presente y tu futuro con esta baraja de tarot oficial que presenta unas sensacionales ilustraciones inspiradas en las emblem\u00e1ticas novelas de El Se\u00f1or de los Anillos. Baraja de tarot dibujada por Tom\u00e1s Hijo, un ilustrador de renombre de quien se habla hasta en Hollywood, ya que ilustr\u00f3 la baraja de tarot que ha aparecido recientemente en la pel\u00edcula &#39;El callej\u00f3n de las almas perdidas&#39;. . . <a title=\"locosporlalectura\" target=\"_blank\" href=\"https:\/\/www.tiktok.com\/tag\/locosporlalectura?refer=embed\">#locosporlalectura<\/a>  <a title=\"llocosxllectura\" target=\"_blank\" href=\"https:\/\/www.tiktok.com\/tag\/llocosxllectura?refer=embed\">#llocosxllectura<\/a> <a title=\"leeresgenial\" target=\"_blank\" href=\"https:\/\/www.tiktok.com\/tag\/leeresgenial?refer=embed\">#leeresgenial<\/a> <a title=\"booktok\" target=\"_blank\" href=\"https:\/\/www.tiktok.com\/tag\/booktok?refer=embed\">#booktok<\/a>   <a title=\"thesilmarillion\" target=\"_blank\" href=\"https:\/\/www.tiktok.com\/tag\/thesilmarillion?refer=embed\">#thesilmarillion<\/a> <a title=\"hobbit\" target=\"_blank\" href=\"https:\/\/www.tiktok.com\/tag\/hobbit?refer=embed\">#hobbit<\/a> <a title=\"booklover\" target=\"_blank\" href=\"https:\/\/www.tiktok.com\/tag\/booklover?refer=embed\">#booklover<\/a> <a title=\"lovebook\" target=\"_blank\" href=\"https:\/\/www.tiktok.com\/tag\/lovebook?refer=embed\">#lovebook<\/a> <a title=\"librero\" target=\"_blank\" href=\"https:\/\/www.tiktok.com\/tag\/librero?refer=embed\">#librero<\/a> <a title=\"librosrecomendados\" target=\"_blank\" href=\"https:\/\/www.tiktok.com\/tag\/librosrecomendados?refer=embed\">#librosrecomendados<\/a> <a title=\"megustaleer\" target=\"_blank\" href=\"https:\/\/www.tiktok.com\/tag\/megustaleer?refer=embed\">#megustaleer<\/a> <a title=\"books\" target=\"_blank\" href=\"https:\/\/www.tiktok.com\/tag\/books?refer=embed\">#books<\/a>  <a title=\"tendencia\" target=\"_blank\" href=\"https:\/\/www.tiktok.com\/tag\/tendencia?refer=embed\">#tendencia<\/a> <a title=\"hermoso\" target=\"_blank\" href=\"https:\/\/www.tiktok.com\/tag\/hermoso?refer=embed\">#hermoso<\/a> <a title=\"viral\" target=\"_blank\" href=\"https:\/\/www.tiktok.com\/tag\/viral?refer=embed\">#viral<\/a> <a title=\"amoleer\" target=\"_blank\" href=\"https:\/\/www.tiktok.com\/tag\/amoleer?refer=embed\">#amoleer<\/a> <a title=\"librosenventa\" target=\"_blank\" href=\"https:\/\/www.tiktok.com\/tag\/librosenventa?refer=embed\">#librosenventa<\/a> <a title=\"tolkien\" target=\"_blank\" href=\"https:\/\/www.tiktok.com\/tag\/tolkien?refer=embed\">#tolkien<\/a> <a title=\"tierramedia\" target=\"_blank\" href=\"https:\/\/www.tiktok.com\/tag\/tierramedia?refer=embed\">#tierramedia<\/a> <a title=\"recomendation\" target=\"_blank\" href=\"https:\/\/www.tiktok.com\/tag\/recomendation?refer=embed\">#recomendation<\/a>  <a title=\"tarot\" target=\"_blank\" href=\"https:\/\/www.tiktok.com\/tag\/tarot?refer=embed\">#tarot<\/a> <a title=\"baraja\" target=\"_blank\" href=\"https:\/\/www.tiktok.com\/tag\/baraja?refer=embed\">#baraja<\/a> <a target=\"_blank\" title=\"\u266c Pieces (Solo Piano Version) - Danilo Stankovic\" href=\"https:\/\/www.tiktok.com\/music\/Pieces-Solo-Piano-Version-6777274113254754306?refer=embed\">\u266c Pieces (Solo Piano Version) &#8211; Danilo Stankovic<\/a> <\/section>\n<\/blockquote>\n<p> <script async src=\"https:\/\/www.tiktok.com\/embed.js\"><\/script><\/p>\n<p>Ideal para coleccionistas, amantes de la saga y exploradores del tarot, esta baraja ofrece un viaje entre lo espiritual y lo fant\u00e1stico. Perfecta como regalo original, para sorprender en un amigo invisible o para a\u00f1adir un toque legendario a tu colecci\u00f3n, en Wham! Vintage la presentamos como lo que es: un objeto cultural con car\u00e1cter, que conecta la magia literaria con la tradici\u00f3n esot\u00e9rica.<\/p>\n<div><\/div>","protected":false},"excerpt":{"rendered":"<p>Un tarot \u00e9pico inspirado en <em>El Senyor dels Anells<\/em>, editado por Minotauro. Una baraja \u00fanica que mezcla la tradici\u00f3n esot\u00e9rica con la magia de la Tierra Media.<\/p>","protected":false},"featured_media":13268,"template":"","meta":{"_acf_changed":false,"_relevanssi_hide_post":"","_relevanssi_pin_for_all":"","_relevanssi_pin_keywords":"","_relevanssi_unpin_keywords":"","_relevanssi_related_keywords":"","_relevanssi_related_include_ids":"","_relevanssi_related_exclude_ids":"","_relevanssi_related_no_append":"","_relevanssi_related_not_related":"","_relevanssi_related_posts":"37581,37629,37565,37575,37637,37661","_relevanssi_noindex_reason":""},"genero-musical":[],"product_brand":[1436],"product_cat":[1508,221],"product_tag":[1830,1237],"tematica":[4924],"class_list":{"0":"post-13267","1":"product","2":"type-product","3":"status-publish","4":"has-post-thumbnail","6":"product_brand-minotauro","7":"product_cat-libros-cofres-pack-estuches-regalo","8":"product_cat-naipes-y-juegos-de-cartas","9":"product_tag-tarot","10":"product_tag-varios-autores","11":"tematica-tarot","13":"first","14":"outofstock","15":"sold-individually","16":"purchasable","17":"product-type-simple"},"acf":[],"_links":{"self":[{"href":"https:\/\/wham-vintage.com\/ca\/wp-json\/wp\/v2\/product\/13267","targetHints":{"allow":["GET"]}}],"collection":[{"href":"https:\/\/wham-vintage.com\/ca\/wp-json\/wp\/v2\/product"}],"about":[{"href":"https:\/\/wham-vintage.com\/ca\/wp-json\/wp\/v2\/types\/product"}],"wp:featuredmedia":[{"embeddable":true,"href":"https:\/\/wham-vintage.com\/ca\/wp-json\/wp\/v2\/media\/13268"}],"wp:attachment":[{"href":"https:\/\/wham-vintage.com\/ca\/wp-json\/wp\/v2\/media?parent=13267"}],"wp:term":[{"taxonomy":"genero-musical","embeddable":true,"href":"https:\/\/wham-vintage.com\/ca\/wp-json\/wp\/v2\/genero-musical?post=13267"},{"taxonomy":"product_brand","embeddable":true,"href":"https:\/\/wham-vintage.com\/ca\/wp-json\/wp\/v2\/product_brand?post=13267"},{"taxonomy":"product_cat","embeddable":true,"href":"https:\/\/wham-vintage.com\/ca\/wp-json\/wp\/v2\/product_cat?post=13267"},{"taxonomy":"product_tag","embeddable":true,"href":"https:\/\/wham-vintage.com\/ca\/wp-json\/wp\/v2\/product_tag?post=13267"},{"taxonomy":"tematica","embeddable":true,"href":"https:\/\/wham-vintage.com\/ca\/wp-json\/wp\/v2\/tematica?post=13267"}],"curies":[{"name":"wp","href":"https:\/\/api.w.org\/{rel}","templated":true}]}}