{"id":17269,"date":"2025-11-24T17:21:17","date_gmt":"2025-11-24T17:21:17","guid":{"rendered":"https:\/\/wham-vintage.com\/?post_type=product&#038;p=17269"},"modified":"2025-11-24T17:57:52","modified_gmt":"2025-11-24T17:57:52","slug":"amaral","status":"publish","type":"product","link":"https:\/\/wham-vintage.com\/ca\/amaral\/","title":{"rendered":"Amaral \u2013 Ocells al Cap LP Disc de Vinil Edici\u00f3 20 aniversari"},"content":{"rendered":"<div class=\"blkIzq\"><img decoding=\"async\" class=\"caratula\" title=\"amaral_pajaros en la cabeza lp color azul marmolado.jpg\" src=\"https:\/\/www.discopunt.es\/img\/cover\/amaral_pajaros en la cabeza lp color azul marmolado.jpg\" alt=\"amaral_pajaros en la cabeza lp color azul marmolado.jpg\" \/><br \/>\nEl \u00e1lbum ha quedado como una joya de la m\u00fasica nacional, convirti\u00e9ndose en el disco m\u00e1s vendido y escuchado de Amaral. Para este aniversario lo celebramos con la edici\u00f3n del disco en vinilo marmolado azul.<\/div>\n<div class=\"blkDrc\">\n<h3>\u00b7 Contingut:<\/h3>\n<p>1.- El universo sobr em\u00ed<br \/>\n2.- D\u00edas de verano<br \/>\n3.- Revoluci\u00f3n<br \/>\n4.- Mi alma perdida<br \/>\n5.- Marta, Sebas, Guille y los dem\u00e1s<br \/>\n6.- Esta madrugada<br \/>\n7.- Big Bang<br \/>\n8.- Enamorada<br \/>\n9.- Tarde para cambiar<br \/>\n10.- En el r\u00edo<br \/>\n11.- Resurrecci\u00f3n<br \/>\n12.- Confiar en alguien<br \/>\n13.- Salta<br \/>\n14.- No soy como t\u00fa<\/p>\n<\/div>","protected":false},"excerpt":{"rendered":"<p>P\u00e1jaros en la cabeza fue el cuarto \u00e1lbum de Amaral, lanzado en 2005, y cumple ahora 20 a\u00f1os.<\/p>\n<p>Este fue uno de sus discos m\u00e1s exitosos, con canciones ic\u00f3nicas como &#8220;El Universo sobre m\u00ed&#8221;, &#8220;D\u00edas de verano&#8221; o &#8220;Marta, Sebas, Guille y los dem\u00e1s&#8221;. \u00a1Megaofert\u00f3n aniversario! \u00a1Reg\u00e1lalo!<\/p>","protected":false},"featured_media":17272,"template":"","meta":{"_acf_changed":false,"_relevanssi_hide_post":"","_relevanssi_pin_for_all":"","_relevanssi_pin_keywords":"","_relevanssi_unpin_keywords":"","_relevanssi_related_keywords":"","_relevanssi_related_include_ids":"","_relevanssi_related_exclude_ids":"","_relevanssi_related_no_append":"","_relevanssi_related_not_related":"","_relevanssi_related_posts":"17435,22626,53162,32135,20058,15492","_relevanssi_noindex_reason":""},"genero-musical":[1553,1664],"product_brand":[],"product_cat":[],"product_tag":[],"tematica":[],"class_list":{"0":"post-17269","1":"product","2":"type-product","3":"status-publish","4":"has-post-thumbnail","6":"genero-musical-lp-pop-rock","7":"genero-musical-rock-alternativo","9":"first","10":"onbackorder","11":"sale","12":"featured","13":"sold-individually","14":"taxable","15":"shipping-taxable","16":"purchasable","17":"product-type-simple"},"acf":[],"_links":{"self":[{"href":"https:\/\/wham-vintage.com\/ca\/wp-json\/wp\/v2\/product\/17269","targetHints":{"allow":["GET"]}}],"collection":[{"href":"https:\/\/wham-vintage.com\/ca\/wp-json\/wp\/v2\/product"}],"about":[{"href":"https:\/\/wham-vintage.com\/ca\/wp-json\/wp\/v2\/types\/product"}],"wp:featuredmedia":[{"embeddable":true,"href":"https:\/\/wham-vintage.com\/ca\/wp-json\/wp\/v2\/media\/17272"}],"wp:attachment":[{"href":"https:\/\/wham-vintage.com\/ca\/wp-json\/wp\/v2\/media?parent=17269"}],"wp:term":[{"taxonomy":"genero-musical","embeddable":true,"href":"https:\/\/wham-vintage.com\/ca\/wp-json\/wp\/v2\/genero-musical?post=17269"},{"taxonomy":"product_brand","embeddable":true,"href":"https:\/\/wham-vintage.com\/ca\/wp-json\/wp\/v2\/product_brand?post=17269"},{"taxonomy":"product_cat","embeddable":true,"href":"https:\/\/wham-vintage.com\/ca\/wp-json\/wp\/v2\/product_cat?post=17269"},{"taxonomy":"product_tag","embeddable":true,"href":"https:\/\/wham-vintage.com\/ca\/wp-json\/wp\/v2\/product_tag?post=17269"},{"taxonomy":"tematica","embeddable":true,"href":"https:\/\/wham-vintage.com\/ca\/wp-json\/wp\/v2\/tematica?post=17269"}],"curies":[{"name":"wp","href":"https:\/\/api.w.org\/{rel}","templated":true}]}}