{"id":19999,"date":"2025-12-11T18:59:21","date_gmt":"2025-12-11T17:59:21","guid":{"rendered":"https:\/\/wham-vintage.com\/?post_type=product&#038;p=19999"},"modified":"2025-12-12T08:53:30","modified_gmt":"2025-12-12T07:53:30","slug":"greta-van-fleet-starcatcher-disco-vinilo-lp-rock","status":"publish","type":"product","link":"https:\/\/wham-vintage.com\/ca\/greta-van-fleet-starcatcher-disco-vinilo-lp-rock\/","title":{"rendered":"GRETA VAN FLEET \u2013 Starcatcher disc vinil LP Rock"},"content":{"rendered":"<div class=\"blkIzq\"><img decoding=\"async\" class=\"caratula\" title=\"GRETA VAN FLEET_Starcatcher.jpg\" src=\"https:\/\/www.discopunt.es\/img\/cover\/GRETA VAN FLEET_Starcatcher.jpg\" alt=\"GRETA VAN FLEET_Starcatcher.jpg\" \/><\/div>\n<div class=\"blkDrc\">\n<p>Juntos, han actuado en varios continentes, vendido m\u00e1s de 3,5 millones de discos y 1 mill\u00f3n de entradas en todo el mundo.<\/p>\n<p>Su tan esperado tercer \u00e1lbum de estudio, Starcatcher, producido por Dave Cobb (Chris Stapleton, Brandi Carlile), se lanzar\u00e1 el 21 de julio de 2023 en Lava\/Republic Records.<\/p>\n<p>El \u00e1lbum fue grabado en RCA Studios en Nashville.<\/p><\/div>\n<div class=\"blkDrc\">\n<h3>\u00b7 Contingut:<\/h3>\n<p>A<\/p>\n<p>1 Fate of the Faithful<br \/>\n2 Waited All Your Life<br \/>\n3 The Falling Sky<br \/>\n4 Sacred the Thread<br \/>\n5 Runaway Blues<\/p>\n<p>B<\/p>\n<p>1 The Indigo Streak<br \/>\n2 Frozen Light<br \/>\n3 The Archer<br \/>\n4 Meeting the Master<br \/>\n5 Farewell for Now<\/p><\/div>","protected":false},"excerpt":{"rendered":"<p>La banda ganadora del premio GRAMMY, Greta Van Fleet, est\u00e1 formada por tres hermanos: el vocalista Josh Kiszka, el guitarrista Jake Kiszka y el bajista y tecladista Sam Kiszka, as\u00ed como el baterista Danny Wagner. Sonido muy muy psicod\u00e9lico setentero, que recuerda inevitablemente a Led Zeppelin, pero con un frescor y energ\u00eda jam\u00e1s oido antes. Imprescindibles, grupazo.<\/p>","protected":false},"featured_media":20001,"template":"","meta":{"_acf_changed":false,"_relevanssi_hide_post":"","_relevanssi_pin_for_all":"","_relevanssi_pin_keywords":"","_relevanssi_unpin_keywords":"","_relevanssi_related_keywords":"","_relevanssi_related_include_ids":"","_relevanssi_related_exclude_ids":"","_relevanssi_related_no_append":"","_relevanssi_related_not_related":"","_relevanssi_related_posts":"17435,32560,22626,40415,20052,19939","_relevanssi_noindex_reason":""},"genero-musical":[1814,1662,1664,1724,1846],"product_brand":[],"product_cat":[],"product_tag":[],"tematica":[],"class_list":{"0":"post-19999","1":"product","2":"type-product","3":"status-publish","4":"has-post-thumbnail","6":"genero-musical-glam","7":"genero-musical-psicodelia-pop","8":"genero-musical-rock-alternativo","9":"genero-musical-rock-americano","10":"genero-musical-rock-britanico","12":"first","13":"onbackorder","14":"sale","15":"featured","16":"sold-individually","17":"purchasable","18":"product-type-simple"},"acf":[],"_links":{"self":[{"href":"https:\/\/wham-vintage.com\/ca\/wp-json\/wp\/v2\/product\/19999","targetHints":{"allow":["GET"]}}],"collection":[{"href":"https:\/\/wham-vintage.com\/ca\/wp-json\/wp\/v2\/product"}],"about":[{"href":"https:\/\/wham-vintage.com\/ca\/wp-json\/wp\/v2\/types\/product"}],"wp:featuredmedia":[{"embeddable":true,"href":"https:\/\/wham-vintage.com\/ca\/wp-json\/wp\/v2\/media\/20001"}],"wp:attachment":[{"href":"https:\/\/wham-vintage.com\/ca\/wp-json\/wp\/v2\/media?parent=19999"}],"wp:term":[{"taxonomy":"genero-musical","embeddable":true,"href":"https:\/\/wham-vintage.com\/ca\/wp-json\/wp\/v2\/genero-musical?post=19999"},{"taxonomy":"product_brand","embeddable":true,"href":"https:\/\/wham-vintage.com\/ca\/wp-json\/wp\/v2\/product_brand?post=19999"},{"taxonomy":"product_cat","embeddable":true,"href":"https:\/\/wham-vintage.com\/ca\/wp-json\/wp\/v2\/product_cat?post=19999"},{"taxonomy":"product_tag","embeddable":true,"href":"https:\/\/wham-vintage.com\/ca\/wp-json\/wp\/v2\/product_tag?post=19999"},{"taxonomy":"tematica","embeddable":true,"href":"https:\/\/wham-vintage.com\/ca\/wp-json\/wp\/v2\/tematica?post=19999"}],"curies":[{"name":"wp","href":"https:\/\/api.w.org\/{rel}","templated":true}]}}