{"id":20450,"date":"2025-12-20T19:33:13","date_gmt":"2025-12-20T18:33:13","guid":{"rendered":"https:\/\/wham-vintage.com\/?post_type=product&#038;p=20450"},"modified":"2026-02-15T18:13:42","modified_gmt":"2026-02-15T17:13:42","slug":"el-asedio-novela-ocasion-arturo-perez-reverte-alfaguara","status":"publish","type":"product","link":"https:\/\/wham-vintage.com\/ca\/el-asedio-novela-ocasion-arturo-perez-reverte-alfaguara\/","title":{"rendered":"El Setge \u2013 Novel\u00b7la Ocasi\u00f3 \u2013 Arturo P\u00e9rez-Reverte \u2013 Alfaguara"},"content":{"rendered":"<p>Ambientada en <strong>C\u00e1diz durante el asedio napole\u00f3nico de 1811<\/strong>, <em>El asedio<\/em> es una de las novelas m\u00e1s ambiciosas de Arturo P\u00e9rez\u2011Reverte. La ciudad, \u00faltima plaza espa\u00f1ola que resiste a los franceses, se convierte en un escenario vibrante donde conviven el miedo, el comercio, la ciencia, la pol\u00edtica y la vida cotidiana bajo las bombas. En ese contexto tenso y luminoso, un <strong>asesino en serie<\/strong> empieza a dejar cad\u00e1veres de mujeres j\u00f3venes en la playa, siempre en el l\u00edmite exacto donde caen los proyectiles enemigos.<\/p>\n<p>La investigaci\u00f3n del crimen \u2014basada en m\u00e9todos casi cient\u00edficos, mapas, trayectorias y deducciones\u2014 se entrelaza con otras historias: la de un comerciante que juega su fortuna en plena guerra; la de un corsario que desaf\u00eda a los franceses desde el mar; la de militares, esp\u00edas, cient\u00edficos y mujeres que intentan sobrevivir en una ciudad que no se rinde. Cada trama avanza como una pieza de artiller\u00eda: lenta, precisa y cargada de consecuencias.<\/p>\n<p>P\u00e9rez\u2011Reverte construye un fresco hist\u00f3rico poderoso, donde C\u00e1diz aparece como un personaje m\u00e1s: cosmopolita, resistente, sensual, llena de conspiraciones y de vida pese al peligro constante. <em>El asedio<\/em> combina novela hist\u00f3rica, thriller policial y aventura mar\u00edtima en un relato que explora el azar, la estrategia, la violencia y la fragilidad humana en tiempos de guerra.<\/p>","protected":false},"excerpt":{"rendered":"<p>Ejemplar como nuevo de la novela hist\u00f3rica el Asedio, intriga y thriller en la C\u00e1diz del siglo XVII, asesinatos, personajes perversos y un mundo que fu\u00e9 y que pudo ser. 724 p\u00e1ginas thriller hist\u00f3rico.<\/p>","protected":false},"featured_media":20445,"template":"","meta":{"_acf_changed":false,"_relevanssi_hide_post":"","_relevanssi_pin_for_all":"","_relevanssi_pin_keywords":"","_relevanssi_unpin_keywords":"","_relevanssi_related_keywords":"","_relevanssi_related_include_ids":"","_relevanssi_related_exclude_ids":"","_relevanssi_related_no_append":"","_relevanssi_related_not_related":"","_relevanssi_related_posts":"37581,37629,37565,37575,37637,37611","_relevanssi_noindex_reason":""},"genero-musical":[],"product_brand":[],"product_cat":[21],"product_tag":[265],"tematica":[2369],"class_list":{"0":"post-20450","1":"product","2":"type-product","3":"status-publish","4":"has-post-thumbnail","6":"product_cat-libros-antiguos-de-ocasion-y-coleccion","7":"product_tag-arturo-perez-reverte","8":"tematica-obra-de-misterio-y-suspense-ciencia-ficcion-ficcion-historica","10":"first","11":"outofstock","12":"sold-individually","13":"purchasable","14":"product-type-simple"},"acf":[],"_links":{"self":[{"href":"https:\/\/wham-vintage.com\/ca\/wp-json\/wp\/v2\/product\/20450","targetHints":{"allow":["GET"]}}],"collection":[{"href":"https:\/\/wham-vintage.com\/ca\/wp-json\/wp\/v2\/product"}],"about":[{"href":"https:\/\/wham-vintage.com\/ca\/wp-json\/wp\/v2\/types\/product"}],"wp:featuredmedia":[{"embeddable":true,"href":"https:\/\/wham-vintage.com\/ca\/wp-json\/wp\/v2\/media\/20445"}],"wp:attachment":[{"href":"https:\/\/wham-vintage.com\/ca\/wp-json\/wp\/v2\/media?parent=20450"}],"wp:term":[{"taxonomy":"genero-musical","embeddable":true,"href":"https:\/\/wham-vintage.com\/ca\/wp-json\/wp\/v2\/genero-musical?post=20450"},{"taxonomy":"product_brand","embeddable":true,"href":"https:\/\/wham-vintage.com\/ca\/wp-json\/wp\/v2\/product_brand?post=20450"},{"taxonomy":"product_cat","embeddable":true,"href":"https:\/\/wham-vintage.com\/ca\/wp-json\/wp\/v2\/product_cat?post=20450"},{"taxonomy":"product_tag","embeddable":true,"href":"https:\/\/wham-vintage.com\/ca\/wp-json\/wp\/v2\/product_tag?post=20450"},{"taxonomy":"tematica","embeddable":true,"href":"https:\/\/wham-vintage.com\/ca\/wp-json\/wp\/v2\/tematica?post=20450"}],"curies":[{"name":"wp","href":"https:\/\/api.w.org\/{rel}","templated":true}]}}