{"id":21326,"date":"2025-12-23T11:21:47","date_gmt":"2025-12-23T10:21:47","guid":{"rendered":"https:\/\/wham-vintage.com\/?post_type=product&#038;p=21326"},"modified":"2026-04-10T16:03:34","modified_gmt":"2026-04-10T15:03:34","slug":"tocadiscos-automatico-vica-1211-vintage-en-madera","status":"publish","type":"product","link":"https:\/\/wham-vintage.com\/ca\/tocadiscos-automatico-vica-1211-vintage-en-madera\/","title":{"rendered":"Tocadiscs autom\u00e0tic Vica 1211 vintage de fusta"},"content":{"rendered":"<p>Aquest <strong>tocadiscos autom\u00e1tico Vica modelo 1211<\/strong> es una joya del dise\u00f1o espa\u00f1ol de \u00e9poca, pensado para nost\u00e1lgicos, coleccionistas y amantes del sonido anal\u00f3gico. Montado sobre una base de madera impecable, combina est\u00e9tica retro con funcionalidad duradera. Su sistema permite reproducir varios discos gracias a la varilla de carga m\u00faltiple, y su panel de control integrado ofrece opciones de entrada, ecualizaci\u00f3n y volumen con un estilo setentero irresistible.<\/p>\n<div style=\"width: 960px;\" class=\"wp-video\"><video class=\"wp-video-shortcode\" id=\"video-21326-1\" width=\"960\" height=\"540\" preload=\"metadata\" controls=\"controls\"><source type=\"video\/mp4\" src=\"https:\/\/wham-vintage.com\/wp-content\/uploads\/2025\/12\/VID_20251222_195002133-2.mp4?_=1\" \/><a href=\"https:\/\/wham-vintage.com\/wp-content\/uploads\/2025\/12\/VID_20251222_195002133-2.mp4\">https:\/\/wham-vintage.com\/wp-content\/uploads\/2025\/12\/VID_20251222_195002133-2.mp4<\/a><\/video><\/div>\n<p>Aunque su funcionamiento es casi perfecto, el brazo de la aguja necesita una calibraci\u00f3n manual al descender, ya que baja ligeramente antes de alcanzar el vinilo. El arreglo es sencillo: basta con ayudarlo con la mano. Este detalle no empa\u00f1a su valor como <strong>pieza de colecci\u00f3n<\/strong>, ni su capacidad para ofrecer una experiencia sonora aut\u00e9ntica y envolvente.<\/p>\n<p>Una maravilla para quienes buscan <strong>car\u00e1cter, historia y estilo<\/strong> en cada reproducci\u00f3n.No incluye altavoces, conectores estandar philips. Y funciona a 220 \ud83d\ude09<\/p>","protected":false},"excerpt":{"rendered":"<p><strong>Tocadiscos autom\u00e1tico Vica 1211 vintage en madera \u2013 pieza de colecci\u00f3n en estado impecable. Funciona casi perfecto, con brazo calibrable manualmente.<\/strong><\/p>","protected":false},"featured_media":21336,"template":"","meta":{"_acf_changed":false,"_relevanssi_hide_post":"","_relevanssi_pin_for_all":"","_relevanssi_pin_keywords":"","_relevanssi_unpin_keywords":"","_relevanssi_related_keywords":"","_relevanssi_related_include_ids":"0","_relevanssi_related_exclude_ids":"","_relevanssi_related_no_append":"","_relevanssi_related_not_related":"","_relevanssi_related_posts":"8474,40415,17860,32204,22872,14453","_relevanssi_noindex_reason":""},"genero-musical":[],"product_brand":[],"product_cat":[193],"product_tag":[],"tematica":[],"class_list":{"0":"post-21326","1":"product","2":"type-product","3":"status-publish","4":"has-post-thumbnail","6":"product_cat-tocadiscos-radiocassettes","8":"first","9":"outofstock","10":"featured","11":"sold-individually","12":"taxable","13":"shipping-taxable","14":"purchasable","15":"product-type-simple"},"acf":[],"_links":{"self":[{"href":"https:\/\/wham-vintage.com\/ca\/wp-json\/wp\/v2\/product\/21326","targetHints":{"allow":["GET"]}}],"collection":[{"href":"https:\/\/wham-vintage.com\/ca\/wp-json\/wp\/v2\/product"}],"about":[{"href":"https:\/\/wham-vintage.com\/ca\/wp-json\/wp\/v2\/types\/product"}],"wp:featuredmedia":[{"embeddable":true,"href":"https:\/\/wham-vintage.com\/ca\/wp-json\/wp\/v2\/media\/21336"}],"wp:attachment":[{"href":"https:\/\/wham-vintage.com\/ca\/wp-json\/wp\/v2\/media?parent=21326"}],"wp:term":[{"taxonomy":"genero-musical","embeddable":true,"href":"https:\/\/wham-vintage.com\/ca\/wp-json\/wp\/v2\/genero-musical?post=21326"},{"taxonomy":"product_brand","embeddable":true,"href":"https:\/\/wham-vintage.com\/ca\/wp-json\/wp\/v2\/product_brand?post=21326"},{"taxonomy":"product_cat","embeddable":true,"href":"https:\/\/wham-vintage.com\/ca\/wp-json\/wp\/v2\/product_cat?post=21326"},{"taxonomy":"product_tag","embeddable":true,"href":"https:\/\/wham-vintage.com\/ca\/wp-json\/wp\/v2\/product_tag?post=21326"},{"taxonomy":"tematica","embeddable":true,"href":"https:\/\/wham-vintage.com\/ca\/wp-json\/wp\/v2\/tematica?post=21326"}],"curies":[{"name":"wp","href":"https:\/\/api.w.org\/{rel}","templated":true}]}}