{"id":24158,"date":"2026-01-08T01:47:04","date_gmt":"2026-01-08T00:47:04","guid":{"rendered":"https:\/\/wham-vintage.com\/alicia-en-el-pais-de-las-maravillas-carrolllewis-alma-europa\/"},"modified":"2026-02-21T20:40:28","modified_gmt":"2026-02-21T19:40:28","slug":"alicia-en-el-pais-de-las-maravillas-carrolllewis-alma-europa","status":"publish","type":"product","link":"https:\/\/wham-vintage.com\/ca\/alicia-en-el-pais-de-las-maravillas-carrolllewis-alma-europa\/","title":{"rendered":"AL\u00cdCIA AL PAIS DE LES MERAVELLES \u2013 CARROLL,LEWIS \u2013 \u00c0NIMA EUROPA"},"content":{"rendered":"<p>Disponible a partir: 28-09-2017<\/p>\n<p>La edici\u00f3n de <em>Alicia en el pa\u00eds de las maravillas<\/em> de <strong>Alma Europa<\/strong> presenta el c\u00e9lebre relato de Lewis Carroll en un formato pensado para lectores que valoran tanto la calidad literaria como el dise\u00f1o editorial. Fiel al estilo de la colecci\u00f3n, este volumen combina una <strong>traducci\u00f3n fluida y actualizada<\/strong> con una <strong>est\u00e9tica moderna<\/strong>, convirti\u00e9ndolo en una opci\u00f3n perfecta para quienes desean una edici\u00f3n en castellano que resulte atractiva, c\u00f3moda y visualmente distintiva.<\/p>\n<p>Caracter\u00edstiques destacades:<\/p>\n<ul>\n<li><strong>Dise\u00f1o editorial propio de Alma Europa<\/strong>, con una cubierta llamativa y contempor\u00e1nea que la diferencia de las ediciones cl\u00e1sicas o conmemorativas.<\/li>\n<li><strong>Traducci\u00f3n al castellano clara y accesible<\/strong>, que mantiene el ingenio, el humor y el tono surrealista del texto original.<\/li>\n<li><strong>Maquetaci\u00f3n c\u00f3moda<\/strong>, con tipograf\u00eda limpia y un formato pensado para facilitar la lectura.<\/li>\n<li>En muchas ediciones de Alma Europa, se incluyen <strong>elementos gr\u00e1ficos o ilustraciones estilizadas<\/strong>, aportando un toque visual distintivo (seg\u00fan disponibilidad en esta tirada).<\/li>\n<li><strong>Edici\u00f3n ideal para lectores j\u00f3venes y adultos<\/strong>, perfecta tanto para descubrir la obra como para revisitarla en un formato m\u00e1s actual.<\/li>\n<\/ul>\n<p>Esta edici\u00f3n destaca frente a otras disponibles en la tienda \u2014como las versiones conmemorativas de Penguin o las ediciones ilustradas cl\u00e1sicas\u2014 por su <strong>enfoque moderno, accesible y visualmente atractivo<\/strong>. Una opci\u00f3n excelente para regalar o para disfrutar de una lectura fresca de un cl\u00e1sico eterno.<\/p>","protected":false},"excerpt":{"rendered":"<p>La edici\u00f3n de <em>Alicia en el pa\u00eds de las maravillas<\/em> publicada por <strong>Alma Europa<\/strong> ofrece una versi\u00f3n moderna y atractiva del cl\u00e1sico de Lewis Carroll. Con una presentaci\u00f3n visual caracter\u00edstica de la editorial y una traducci\u00f3n clara al castellano, esta edici\u00f3n es ideal para quienes buscan una lectura accesible y est\u00e9ticamente cuidada.<\/p>","protected":false},"featured_media":24159,"template":"","meta":{"_acf_changed":false,"_relevanssi_hide_post":"","_relevanssi_pin_for_all":"","_relevanssi_pin_keywords":"","_relevanssi_unpin_keywords":"","_relevanssi_related_keywords":"","_relevanssi_related_include_ids":"0","_relevanssi_related_exclude_ids":"","_relevanssi_related_no_append":"","_relevanssi_related_not_related":"","_relevanssi_related_posts":"40712,40740,38781,8588,24104,37581","_relevanssi_noindex_reason":""},"genero-musical":[],"product_brand":[],"product_cat":[],"product_tag":[4453],"tematica":[2398,4494,2982,4480,3318,4495,3300,3921,3639,3951],"class_list":{"0":"post-24158","1":"product","2":"type-product","3":"status-publish","4":"has-post-thumbnail","6":"product_tag-carroll-lewis","7":"tematica-ciencia-ficcion-infantil-juvenil","8":"tematica-ficcion-de-crimen-y-misterio-infantil-juvenil","9":"tematica-ficcion-historica-infantil-juvenil","10":"tematica-historias-reales-infantil-juvenil","11":"tematica-relatos-de-humor-infantil-juvenil","12":"tematica-relatos-sobre-animales-infantil-juvenil","13":"tematica-relatos-sobre-deportes-infantil-juvenil","14":"tematica-relatos-sobre-la-escuela-infantil-juvenil","15":"tematica-relatos-sobre-la-familia-y-el-hogar-infantil-juve","16":"tematica-thriller-infantil-juvenil","18":"first","19":"onbackorder","20":"sold-individually","21":"purchasable","22":"product-type-simple"},"acf":[],"_links":{"self":[{"href":"https:\/\/wham-vintage.com\/ca\/wp-json\/wp\/v2\/product\/24158","targetHints":{"allow":["GET"]}}],"collection":[{"href":"https:\/\/wham-vintage.com\/ca\/wp-json\/wp\/v2\/product"}],"about":[{"href":"https:\/\/wham-vintage.com\/ca\/wp-json\/wp\/v2\/types\/product"}],"wp:featuredmedia":[{"embeddable":true,"href":"https:\/\/wham-vintage.com\/ca\/wp-json\/wp\/v2\/media\/24159"}],"wp:attachment":[{"href":"https:\/\/wham-vintage.com\/ca\/wp-json\/wp\/v2\/media?parent=24158"}],"wp:term":[{"taxonomy":"genero-musical","embeddable":true,"href":"https:\/\/wham-vintage.com\/ca\/wp-json\/wp\/v2\/genero-musical?post=24158"},{"taxonomy":"product_brand","embeddable":true,"href":"https:\/\/wham-vintage.com\/ca\/wp-json\/wp\/v2\/product_brand?post=24158"},{"taxonomy":"product_cat","embeddable":true,"href":"https:\/\/wham-vintage.com\/ca\/wp-json\/wp\/v2\/product_cat?post=24158"},{"taxonomy":"product_tag","embeddable":true,"href":"https:\/\/wham-vintage.com\/ca\/wp-json\/wp\/v2\/product_tag?post=24158"},{"taxonomy":"tematica","embeddable":true,"href":"https:\/\/wham-vintage.com\/ca\/wp-json\/wp\/v2\/tematica?post=24158"}],"curies":[{"name":"wp","href":"https:\/\/api.w.org\/{rel}","templated":true}]}}