{"id":29425,"date":"2026-01-09T11:53:01","date_gmt":"2026-01-09T10:53:01","guid":{"rendered":"https:\/\/wham-vintage.com\/muneca-escuela-infantil-barbie\/"},"modified":"2026-01-09T11:53:13","modified_gmt":"2026-01-09T10:53:13","slug":"muneca-escuela-infantil-barbie","status":"publish","type":"product","link":"https:\/\/wham-vintage.com\/ca\/muneca-escuela-infantil-barbie\/","title":{"rendered":"Nina Escola infantil Barbie"},"content":{"rendered":"<p>LLAN\u00c7AMENT<\/p>\n<p>Edad: +3 a\u00f1os. El conjunto de juego Me encanta el colegio de la mu\u00f1eca Barbie ofrece muchas posibilidades y maneras de jugar. Con m\u00e1s de 20 piezas, como una mu\u00f1eca Barbie maestra, dos mu\u00f1ecas de ni\u00f1as, una pizarra, una estanter\u00eda, una mesa y sillas, los ni\u00f1os y las ni\u00f1as pueden crear la clase perfecta. La imaginaci\u00f3n dispone de todo el material escolar necesario para jugar, gracias a accesorios como l\u00e1pices, tijeras, pegamento, libros, juguetes y m\u00e1s. Las mu\u00f1ecas no pueden tenerse en pie por s\u00ed solas. Los colores y la decoraci\u00f3n pueden variar.<\/p>\n<p>COMANDA M\u00cdNIM: 1<\/p>\n<p>2026-02-26<\/p>\n<p>STOCK OCIOSTOCK : 0 HI HA 0<\/p>","protected":false},"excerpt":{"rendered":"<p>https:\/\/www.ociostock.com\/productos\/imagenes\/img_360120_971a1db781d986ed29eca728554f3cf0_1.jpg<\/p>","protected":false},"featured_media":0,"template":"","meta":{"_acf_changed":false,"_relevanssi_hide_post":"","_relevanssi_pin_for_all":"","_relevanssi_pin_keywords":"","_relevanssi_unpin_keywords":"","_relevanssi_related_keywords":"","_relevanssi_related_include_ids":"","_relevanssi_related_exclude_ids":"","_relevanssi_related_no_append":"","_relevanssi_related_not_related":"","_relevanssi_related_posts":"40712,40740,29434,24158,38781,29417","_relevanssi_noindex_reason":""},"genero-musical":[],"product_brand":[],"product_cat":[],"product_tag":[],"tematica":[],"class_list":{"0":"post-29425","1":"product","2":"type-product","3":"status-publish","6":"first","7":"onbackorder","8":"sold-individually","9":"purchasable","10":"product-type-simple"},"acf":[],"_links":{"self":[{"href":"https:\/\/wham-vintage.com\/ca\/wp-json\/wp\/v2\/product\/29425","targetHints":{"allow":["GET"]}}],"collection":[{"href":"https:\/\/wham-vintage.com\/ca\/wp-json\/wp\/v2\/product"}],"about":[{"href":"https:\/\/wham-vintage.com\/ca\/wp-json\/wp\/v2\/types\/product"}],"wp:attachment":[{"href":"https:\/\/wham-vintage.com\/ca\/wp-json\/wp\/v2\/media?parent=29425"}],"wp:term":[{"taxonomy":"genero-musical","embeddable":true,"href":"https:\/\/wham-vintage.com\/ca\/wp-json\/wp\/v2\/genero-musical?post=29425"},{"taxonomy":"product_brand","embeddable":true,"href":"https:\/\/wham-vintage.com\/ca\/wp-json\/wp\/v2\/product_brand?post=29425"},{"taxonomy":"product_cat","embeddable":true,"href":"https:\/\/wham-vintage.com\/ca\/wp-json\/wp\/v2\/product_cat?post=29425"},{"taxonomy":"product_tag","embeddable":true,"href":"https:\/\/wham-vintage.com\/ca\/wp-json\/wp\/v2\/product_tag?post=29425"},{"taxonomy":"tematica","embeddable":true,"href":"https:\/\/wham-vintage.com\/ca\/wp-json\/wp\/v2\/tematica?post=29425"}],"curies":[{"name":"wp","href":"https:\/\/api.w.org\/{rel}","templated":true}]}}