{"id":29430,"date":"2026-01-09T11:53:19","date_gmt":"2026-01-09T10:53:19","guid":{"rendered":"https:\/\/wham-vintage.com\/muneca-sirena-un-toque-de-magia-barbie\/"},"modified":"2026-01-09T11:53:21","modified_gmt":"2026-01-09T10:53:21","slug":"muneca-sirena-un-toque-de-magia-barbie","status":"publish","type":"product","link":"https:\/\/wham-vintage.com\/ca\/muneca-sirena-un-toque-de-magia-barbie\/","title":{"rendered":"Nina Sirena Un Toc de M\u00e0gia Barbie"},"content":{"rendered":"<p>LLAN\u00c7AMENT<\/p>\n<p>Edad: +3-4 a\u00f1os. Tama\u00f1o: 21,5x19x33cm. Incluye una mu\u00f1eca Barbie con un delf\u00edn de mascota, un cepillo, una diadema y dos collares. La mu\u00f1eca no puede tenerse en pie ni nadar por s\u00ed sola. Los colores y la decoraci\u00f3n pueden variar. \u00a1A los ni\u00f1os y las ni\u00f1as les encantar\u00e1 sumergirse para vivir aventuras m\u00e1gicas con su mu\u00f1eca Barbie sirena, inspirada en la serie Barbie A Touch of Magic! Dise\u00f1ada con lujo de detalles desde la cabeza hasta la cola, la mu\u00f1eca Barbie Malibu tiene una melena rosa que mide algo m\u00e1s de 19cm, as\u00ed que los peques podr\u00e1n cepillarla y peinarla tantas veces como quieran para pasarlo en grande. Cambia su look para cualquier aventura con la funci\u00f3n de transformaci\u00f3n de color. Sumerge a la mu\u00f1eca Barbie en agua fr\u00eda para ver c\u00f3mo cambian de color el cabello, el corpi\u00f1o y la cola hasta volverse p\u00farpura. Sum\u00e9rgela en agua caliente para que recupere sus colores originales en tonos rosas y vuelve a repetir la transformaci\u00f3n una y otra vez. \u00a1Los accesorios inspirados en el oc\u00e9ano despiertan la imaginaci\u00f3n! Viste a Barbie con una diadema, una gargantilla y un collar de flores, \u00a1y divi\u00e9rtete viviendo aventuras con su amiguito el delf\u00edn! ADVERTENCIA: No conviene para ni\u00f1os menores de 36 meses.<\/p>\n<p>COMANDA M\u00cdNIM: 1<\/p>\n<p>2026-02-26<\/p>\n<p>STOCK OCIOSTOCK : 0 HI HA 0<\/p>","protected":false},"excerpt":{"rendered":"<p>https:\/\/www.ociostock.com\/productos\/imagenes\/img_343367_bc18c431958a80893c16f9ed332d5432_1.jpg<\/p>","protected":false},"featured_media":0,"template":"","meta":{"_acf_changed":false,"_relevanssi_hide_post":"","_relevanssi_pin_for_all":"","_relevanssi_pin_keywords":"","_relevanssi_unpin_keywords":"","_relevanssi_related_keywords":"","_relevanssi_related_include_ids":"","_relevanssi_related_exclude_ids":"","_relevanssi_related_no_append":"","_relevanssi_related_not_related":"","_relevanssi_related_posts":"29431,29472,29434,29433,29417,29437","_relevanssi_noindex_reason":""},"genero-musical":[],"product_brand":[],"product_cat":[],"product_tag":[],"tematica":[],"class_list":{"0":"post-29430","1":"product","2":"type-product","3":"status-publish","6":"first","7":"onbackorder","8":"sold-individually","9":"purchasable","10":"product-type-simple"},"acf":[],"_links":{"self":[{"href":"https:\/\/wham-vintage.com\/ca\/wp-json\/wp\/v2\/product\/29430","targetHints":{"allow":["GET"]}}],"collection":[{"href":"https:\/\/wham-vintage.com\/ca\/wp-json\/wp\/v2\/product"}],"about":[{"href":"https:\/\/wham-vintage.com\/ca\/wp-json\/wp\/v2\/types\/product"}],"wp:attachment":[{"href":"https:\/\/wham-vintage.com\/ca\/wp-json\/wp\/v2\/media?parent=29430"}],"wp:term":[{"taxonomy":"genero-musical","embeddable":true,"href":"https:\/\/wham-vintage.com\/ca\/wp-json\/wp\/v2\/genero-musical?post=29430"},{"taxonomy":"product_brand","embeddable":true,"href":"https:\/\/wham-vintage.com\/ca\/wp-json\/wp\/v2\/product_brand?post=29430"},{"taxonomy":"product_cat","embeddable":true,"href":"https:\/\/wham-vintage.com\/ca\/wp-json\/wp\/v2\/product_cat?post=29430"},{"taxonomy":"product_tag","embeddable":true,"href":"https:\/\/wham-vintage.com\/ca\/wp-json\/wp\/v2\/product_tag?post=29430"},{"taxonomy":"tematica","embeddable":true,"href":"https:\/\/wham-vintage.com\/ca\/wp-json\/wp\/v2\/tematica?post=29430"}],"curies":[{"name":"wp","href":"https:\/\/api.w.org\/{rel}","templated":true}]}}