{"id":29439,"date":"2026-01-09T11:53:19","date_gmt":"2026-01-09T10:53:19","guid":{"rendered":"https:\/\/wham-vintage.com\/muneca-malibu-dream-besties-barbie\/"},"modified":"2026-01-09T11:53:27","modified_gmt":"2026-01-09T10:53:27","slug":"muneca-malibu-dream-besties-barbie","status":"publish","type":"product","link":"https:\/\/wham-vintage.com\/ca\/muneca-malibu-dream-besties-barbie\/","title":{"rendered":"Nina Malibu Dream Besties Barbie"},"content":{"rendered":"<p>LLAN\u00c7AMENT<\/p>\n<p>Edad: +3 a\u00f1os. Las mu\u00f1ecas Barbie Dream Besties permiten que los ni\u00f1os y las ni\u00f1as compartan su talento con todo el mundo, \u00a1al igual que Barbie Malibu!. Ay\u00fadala a perseguir sus sue\u00f1os con 11 accesorios diferentes con tem\u00e1tica de belleza, como un secador de pelo, un espejo y un pintalabios. La mu\u00f1eca de moda cuenta tambi\u00e9n con una larga melena rubia ondulada para que te diviertas pein\u00e1ndola.<\/p>\n<p>COMANDA M\u00cdNIM: 1<\/p>\n<p>2026-02-26<\/p>\n<p>STOCK OCIOSTOCK : 0 HI HA 0<\/p>","protected":false},"excerpt":{"rendered":"<p>https:\/\/www.ociostock.com\/productos\/imagenes\/img_360149_01d388c47fffcf1559004ac539028e7d_1.jpg<\/p>","protected":false},"featured_media":0,"template":"","meta":{"_acf_changed":false,"_relevanssi_hide_post":"","_relevanssi_pin_for_all":"","_relevanssi_pin_keywords":"","_relevanssi_unpin_keywords":"","_relevanssi_related_keywords":"","_relevanssi_related_include_ids":"","_relevanssi_related_exclude_ids":"","_relevanssi_related_no_append":"","_relevanssi_related_not_related":"","_relevanssi_related_posts":"29440,29470,29434,29495,29453,29417","_relevanssi_noindex_reason":""},"genero-musical":[],"product_brand":[],"product_cat":[],"product_tag":[],"tematica":[],"class_list":{"0":"post-29439","1":"product","2":"type-product","3":"status-publish","6":"first","7":"onbackorder","8":"sold-individually","9":"purchasable","10":"product-type-simple"},"acf":[],"_links":{"self":[{"href":"https:\/\/wham-vintage.com\/ca\/wp-json\/wp\/v2\/product\/29439","targetHints":{"allow":["GET"]}}],"collection":[{"href":"https:\/\/wham-vintage.com\/ca\/wp-json\/wp\/v2\/product"}],"about":[{"href":"https:\/\/wham-vintage.com\/ca\/wp-json\/wp\/v2\/types\/product"}],"wp:attachment":[{"href":"https:\/\/wham-vintage.com\/ca\/wp-json\/wp\/v2\/media?parent=29439"}],"wp:term":[{"taxonomy":"genero-musical","embeddable":true,"href":"https:\/\/wham-vintage.com\/ca\/wp-json\/wp\/v2\/genero-musical?post=29439"},{"taxonomy":"product_brand","embeddable":true,"href":"https:\/\/wham-vintage.com\/ca\/wp-json\/wp\/v2\/product_brand?post=29439"},{"taxonomy":"product_cat","embeddable":true,"href":"https:\/\/wham-vintage.com\/ca\/wp-json\/wp\/v2\/product_cat?post=29439"},{"taxonomy":"product_tag","embeddable":true,"href":"https:\/\/wham-vintage.com\/ca\/wp-json\/wp\/v2\/product_tag?post=29439"},{"taxonomy":"tematica","embeddable":true,"href":"https:\/\/wham-vintage.com\/ca\/wp-json\/wp\/v2\/tematica?post=29439"}],"curies":[{"name":"wp","href":"https:\/\/api.w.org\/{rel}","templated":true}]}}