{"id":29448,"date":"2026-01-09T11:53:36","date_gmt":"2026-01-09T10:53:36","guid":{"rendered":"https:\/\/wham-vintage.com\/muneco-ken-fashionista-barbie\/"},"modified":"2026-01-09T11:53:36","modified_gmt":"2026-01-09T10:53:36","slug":"muneco-ken-fashionista-barbie","status":"publish","type":"product","link":"https:\/\/wham-vintage.com\/ca\/muneco-ken-fashionista-barbie\/","title":{"rendered":"Ninot Ken Fashionista Barbie"},"content":{"rendered":"<p>LLAN\u00c7AMENT<\/p>\n<p>Edad: +3 a\u00f1os. \u00a1Las posibilidades de contar historias son infinitas con los mu\u00f1ecos Ken Fashionistas! Van supermodernos con sus looks a la \u00faltima moda adaptados a su estilo individual. El mu\u00f1eco Ken lleva un conjunto muy colorido: un polo de manga larga a rayas rojas y blancas y unos pantalones cortos rosas.  \u00a1Estos zapatos est\u00e1n hechos para caminar! Las zapatillas blancas con calcetines a juego completan su vers\u00e1til y elegante atuendo. Desde salir con sus amigos hasta pasar un d\u00eda explorando la ciudad, \u00a1este mu\u00f1eco Ken est\u00e1 listo para cualquier aventura que los ni\u00f1os y ni\u00f1as puedan imaginar!<\/p>\n<p>COMANDA M\u00cdNIM: 1<\/p>\n<p>2026-03-30<\/p>\n<p>STOCK OCIOSTOCK : 0 HI HA 0<\/p>","protected":false},"excerpt":{"rendered":"<p>https:\/\/www.ociostock.com\/productos\/imagenes\/img_437229_9f8a1b50a277492302d29f74d2216ab5_1.jpg<\/p>","protected":false},"featured_media":0,"template":"","meta":{"_acf_changed":false,"_relevanssi_hide_post":"","_relevanssi_pin_for_all":"","_relevanssi_pin_keywords":"","_relevanssi_unpin_keywords":"","_relevanssi_related_keywords":"","_relevanssi_related_include_ids":"","_relevanssi_related_exclude_ids":"","_relevanssi_related_no_append":"","_relevanssi_related_not_related":"","_relevanssi_related_posts":"29437,29450,29423,29957,29420,29469","_relevanssi_noindex_reason":""},"genero-musical":[],"product_brand":[],"product_cat":[],"product_tag":[],"tematica":[],"class_list":{"0":"post-29448","1":"product","2":"type-product","3":"status-publish","6":"first","7":"onbackorder","8":"sold-individually","9":"purchasable","10":"product-type-simple"},"acf":[],"_links":{"self":[{"href":"https:\/\/wham-vintage.com\/ca\/wp-json\/wp\/v2\/product\/29448","targetHints":{"allow":["GET"]}}],"collection":[{"href":"https:\/\/wham-vintage.com\/ca\/wp-json\/wp\/v2\/product"}],"about":[{"href":"https:\/\/wham-vintage.com\/ca\/wp-json\/wp\/v2\/types\/product"}],"wp:attachment":[{"href":"https:\/\/wham-vintage.com\/ca\/wp-json\/wp\/v2\/media?parent=29448"}],"wp:term":[{"taxonomy":"genero-musical","embeddable":true,"href":"https:\/\/wham-vintage.com\/ca\/wp-json\/wp\/v2\/genero-musical?post=29448"},{"taxonomy":"product_brand","embeddable":true,"href":"https:\/\/wham-vintage.com\/ca\/wp-json\/wp\/v2\/product_brand?post=29448"},{"taxonomy":"product_cat","embeddable":true,"href":"https:\/\/wham-vintage.com\/ca\/wp-json\/wp\/v2\/product_cat?post=29448"},{"taxonomy":"product_tag","embeddable":true,"href":"https:\/\/wham-vintage.com\/ca\/wp-json\/wp\/v2\/product_tag?post=29448"},{"taxonomy":"tematica","embeddable":true,"href":"https:\/\/wham-vintage.com\/ca\/wp-json\/wp\/v2\/tematica?post=29448"}],"curies":[{"name":"wp","href":"https:\/\/api.w.org\/{rel}","templated":true}]}}