{"id":29456,"date":"2026-01-09T11:53:36","date_gmt":"2026-01-09T10:53:36","guid":{"rendered":"https:\/\/wham-vintage.com\/muneca-clawdeen-skulltimate-secrets-hauntlywood-mysteries-monster-high\/"},"modified":"2026-01-09T11:53:42","modified_gmt":"2026-01-09T10:53:42","slug":"muneca-clawdeen-skulltimate-secrets-hauntlywood-mysteries-monster-high","status":"publish","type":"product","link":"https:\/\/wham-vintage.com\/ca\/muneca-clawdeen-skulltimate-secrets-hauntlywood-mysteries-monster-high\/","title":{"rendered":"Nina Clawdeen Skulltimate Secrets Hauntlywood Mysteries Monster High"},"content":{"rendered":"<p>LLAN\u00c7AMENT<\/p>\n<p>Una aventura espeluznante: convi\u00e9rtete en detective y busca pistas en el mapa con la llave-lupa \u201cm\u00e1gica\u201d. En el camino, descubrir\u00e1s m\u00e1s de 19 sorpresas con mucho glamour: extraordinarios vestidos, guantes hasta el codo y joyas deslumbrantes. Terminado el juego, la mu\u00f1eca, la ropa y los accesorios se pueden guardar en el escalofriante armario, ideal para recrear historias y para organizarlo todo. Para ni\u00f1os y ni\u00f1as a partir de 4 a\u00f1os. Se venden por separado y est\u00e1n sujetas a disponibilidad. La mu\u00f1eca est\u00e1 totalmente articulada. Las mu\u00f1ecas no pueden tenerse en pie por s\u00ed solas. Los colores y la decoraci\u00f3n pueden variar.<\/p>\n<p>COMANDA M\u00cdNIM: 1<\/p>\n<p>2025-10-24<\/p>\n<p>STOCK OCIOSTOCK : 0 HI HA 0<\/p>","protected":false},"excerpt":{"rendered":"<p>https:\/\/www.ociostock.com\/productos\/imagenes\/img_422871_039a79c83b1c6782b76ceab8cba3042c_1.jpg<\/p>","protected":false},"featured_media":0,"template":"","meta":{"_acf_changed":false,"_relevanssi_hide_post":"","_relevanssi_pin_for_all":"","_relevanssi_pin_keywords":"","_relevanssi_unpin_keywords":"","_relevanssi_related_keywords":"","_relevanssi_related_include_ids":"","_relevanssi_related_exclude_ids":"","_relevanssi_related_no_append":"","_relevanssi_related_not_related":"","_relevanssi_related_posts":"29461,29460,29468,29451,29473,29455","_relevanssi_noindex_reason":""},"genero-musical":[],"product_brand":[],"product_cat":[],"product_tag":[],"tematica":[],"class_list":{"0":"post-29456","1":"product","2":"type-product","3":"status-publish","6":"first","7":"onbackorder","8":"sold-individually","9":"purchasable","10":"product-type-simple"},"acf":[],"_links":{"self":[{"href":"https:\/\/wham-vintage.com\/ca\/wp-json\/wp\/v2\/product\/29456","targetHints":{"allow":["GET"]}}],"collection":[{"href":"https:\/\/wham-vintage.com\/ca\/wp-json\/wp\/v2\/product"}],"about":[{"href":"https:\/\/wham-vintage.com\/ca\/wp-json\/wp\/v2\/types\/product"}],"wp:attachment":[{"href":"https:\/\/wham-vintage.com\/ca\/wp-json\/wp\/v2\/media?parent=29456"}],"wp:term":[{"taxonomy":"genero-musical","embeddable":true,"href":"https:\/\/wham-vintage.com\/ca\/wp-json\/wp\/v2\/genero-musical?post=29456"},{"taxonomy":"product_brand","embeddable":true,"href":"https:\/\/wham-vintage.com\/ca\/wp-json\/wp\/v2\/product_brand?post=29456"},{"taxonomy":"product_cat","embeddable":true,"href":"https:\/\/wham-vintage.com\/ca\/wp-json\/wp\/v2\/product_cat?post=29456"},{"taxonomy":"product_tag","embeddable":true,"href":"https:\/\/wham-vintage.com\/ca\/wp-json\/wp\/v2\/product_tag?post=29456"},{"taxonomy":"tematica","embeddable":true,"href":"https:\/\/wham-vintage.com\/ca\/wp-json\/wp\/v2\/tematica?post=29456"}],"curies":[{"name":"wp","href":"https:\/\/api.w.org\/{rel}","templated":true}]}}