{"id":29458,"date":"2026-01-09T11:53:36","date_gmt":"2026-01-09T10:53:36","guid":{"rendered":"https:\/\/wham-vintage.com\/muneca-cupid-asteria-scary-sweet-birthday-1600-monster-high\/"},"modified":"2026-01-09T11:53:44","modified_gmt":"2026-01-09T10:53:44","slug":"muneca-cupid-asteria-scary-sweet-birthday-1600-monster-high","status":"publish","type":"product","link":"https:\/\/wham-vintage.com\/ca\/muneca-cupid-asteria-scary-sweet-birthday-1600-monster-high\/","title":{"rendered":"Nina Cupid Asteria Scary Sweet Birthday 1600 Monster High"},"content":{"rendered":"<p>LLAN\u00c7AMENT<\/p>\n<p>Colecci\u00f3n cumplea\u00f1os. Draculaura va a celebrar una fiesta de cumplespantos \u00a1lo que significa que a estas mu\u00f1ecas Monster High les toca mover el esqueleto! Cumplespantos derrocha un estilo escalofriante e incluye un globo, una invitaci\u00f3n, una tarjeta de cumplea\u00f1os, un regalo y mucho m\u00e1s. Con tantos accesorios adorables, \u00a1no cabe duda de que esta ser\u00e1 una fiesta terror\u00edficamente divertida!<\/p>\n<p>COMANDA M\u00cdNIM: 1<\/p>\n<p>2025-12-18<\/p>\n<p>STOCK OCIOSTOCK : 1 HAY\u00a0 49<\/p>","protected":false},"excerpt":{"rendered":"<p>https:\/\/www.ociostock.com\/productos\/imagenes\/img_407578_5e86eb10ba0ceeac744bd5b88e0379cc_1.jpg<\/p>","protected":false},"featured_media":0,"template":"","meta":{"_acf_changed":false,"_relevanssi_hide_post":"","_relevanssi_pin_for_all":"","_relevanssi_pin_keywords":"","_relevanssi_unpin_keywords":"","_relevanssi_related_keywords":"","_relevanssi_related_include_ids":"","_relevanssi_related_exclude_ids":"","_relevanssi_related_no_append":"","_relevanssi_related_not_related":"","_relevanssi_related_posts":"29455,29457,29459,29468,29451,29473","_relevanssi_noindex_reason":""},"genero-musical":[],"product_brand":[],"product_cat":[],"product_tag":[],"tematica":[],"class_list":{"0":"post-29458","1":"product","2":"type-product","3":"status-publish","6":"first","7":"onbackorder","8":"sold-individually","9":"purchasable","10":"product-type-simple"},"acf":[],"_links":{"self":[{"href":"https:\/\/wham-vintage.com\/ca\/wp-json\/wp\/v2\/product\/29458","targetHints":{"allow":["GET"]}}],"collection":[{"href":"https:\/\/wham-vintage.com\/ca\/wp-json\/wp\/v2\/product"}],"about":[{"href":"https:\/\/wham-vintage.com\/ca\/wp-json\/wp\/v2\/types\/product"}],"wp:attachment":[{"href":"https:\/\/wham-vintage.com\/ca\/wp-json\/wp\/v2\/media?parent=29458"}],"wp:term":[{"taxonomy":"genero-musical","embeddable":true,"href":"https:\/\/wham-vintage.com\/ca\/wp-json\/wp\/v2\/genero-musical?post=29458"},{"taxonomy":"product_brand","embeddable":true,"href":"https:\/\/wham-vintage.com\/ca\/wp-json\/wp\/v2\/product_brand?post=29458"},{"taxonomy":"product_cat","embeddable":true,"href":"https:\/\/wham-vintage.com\/ca\/wp-json\/wp\/v2\/product_cat?post=29458"},{"taxonomy":"product_tag","embeddable":true,"href":"https:\/\/wham-vintage.com\/ca\/wp-json\/wp\/v2\/product_tag?post=29458"},{"taxonomy":"tematica","embeddable":true,"href":"https:\/\/wham-vintage.com\/ca\/wp-json\/wp\/v2\/tematica?post=29458"}],"curies":[{"name":"wp","href":"https:\/\/api.w.org\/{rel}","templated":true}]}}