{"id":29470,"date":"2026-01-09T11:53:54","date_gmt":"2026-01-09T10:53:54","guid":{"rendered":"https:\/\/wham-vintage.com\/muneca-daisy-dream-besties-barbie\/"},"modified":"2026-01-09T11:53:56","modified_gmt":"2026-01-09T10:53:56","slug":"muneca-daisy-dream-besties-barbie","status":"publish","type":"product","link":"https:\/\/wham-vintage.com\/ca\/muneca-daisy-dream-besties-barbie\/","title":{"rendered":"Nina Daisy Dream Besties Barbie"},"content":{"rendered":"<p>LLAN\u00c7AMENT<\/p>\n<p>Edad: +4 a\u00f1os. La mu\u00f1eca Barbie Daisy Jean de Barbie Dream Besties te ense\u00f1a que todo es posible cuando compartes tu talento con todo el mundo. \u00a1Daisy Jean sue\u00f1a con tener su propia discogr\u00e1fica y actuar en el festival de m\u00fasica m\u00e1s importante del mundo! Viene con accesorios tem\u00e1ticos como una mesa de mezclas, unos auriculares, un tel\u00e9fono, algod\u00f3n de az\u00facar, un collar, una funda para el m\u00f3vil y un bolso con tem\u00e1tica de margaritas. La mu\u00f1eca est\u00e1 articulada y lleva ropa intercambiable, como un vestido de croch\u00e9 metalizado sobre una camiseta blanca de mangas abombadas. En los pies lleva unas botas vaqueras azules. La mu\u00f1eca Daisy Jean tiene una larga melena rosa ondulada, que lleva recogida en dos mo\u00f1os peque\u00f1os y en trenzas para mostrar la personalidad creativa del personaje.<\/p>\n<p>COMANDA M\u00cdNIM: 1<\/p>\n<p>2026-03-30<\/p>\n<p>STOCK OCIOSTOCK : 0 HI HA 0<\/p>","protected":false},"excerpt":{"rendered":"<p>https:\/\/www.ociostock.com\/productos\/imagenes\/img_437231_8d3c5d23a9eef056f56521940abd3345_1.jpg<\/p>","protected":false},"featured_media":0,"template":"","meta":{"_acf_changed":false,"_relevanssi_hide_post":"","_relevanssi_pin_for_all":"","_relevanssi_pin_keywords":"","_relevanssi_unpin_keywords":"","_relevanssi_related_keywords":"","_relevanssi_related_include_ids":"","_relevanssi_related_exclude_ids":"","_relevanssi_related_no_append":"","_relevanssi_related_not_related":"","_relevanssi_related_posts":"29440,29439,29434,29495,29417,29437","_relevanssi_noindex_reason":""},"genero-musical":[],"product_brand":[],"product_cat":[],"product_tag":[],"tematica":[],"class_list":{"0":"post-29470","1":"product","2":"type-product","3":"status-publish","6":"first","7":"onbackorder","8":"sold-individually","9":"purchasable","10":"product-type-simple"},"acf":[],"_links":{"self":[{"href":"https:\/\/wham-vintage.com\/ca\/wp-json\/wp\/v2\/product\/29470","targetHints":{"allow":["GET"]}}],"collection":[{"href":"https:\/\/wham-vintage.com\/ca\/wp-json\/wp\/v2\/product"}],"about":[{"href":"https:\/\/wham-vintage.com\/ca\/wp-json\/wp\/v2\/types\/product"}],"wp:attachment":[{"href":"https:\/\/wham-vintage.com\/ca\/wp-json\/wp\/v2\/media?parent=29470"}],"wp:term":[{"taxonomy":"genero-musical","embeddable":true,"href":"https:\/\/wham-vintage.com\/ca\/wp-json\/wp\/v2\/genero-musical?post=29470"},{"taxonomy":"product_brand","embeddable":true,"href":"https:\/\/wham-vintage.com\/ca\/wp-json\/wp\/v2\/product_brand?post=29470"},{"taxonomy":"product_cat","embeddable":true,"href":"https:\/\/wham-vintage.com\/ca\/wp-json\/wp\/v2\/product_cat?post=29470"},{"taxonomy":"product_tag","embeddable":true,"href":"https:\/\/wham-vintage.com\/ca\/wp-json\/wp\/v2\/product_tag?post=29470"},{"taxonomy":"tematica","embeddable":true,"href":"https:\/\/wham-vintage.com\/ca\/wp-json\/wp\/v2\/tematica?post=29470"}],"curies":[{"name":"wp","href":"https:\/\/api.w.org\/{rel}","templated":true}]}}