{"id":30009,"date":"2026-01-09T12:02:50","date_gmt":"2026-01-09T11:02:50","guid":{"rendered":"https:\/\/wham-vintage.com\/kit-proyector-audiocuentos-clasicos-cuentos-de-aventuras\/"},"modified":"2026-01-09T12:02:51","modified_gmt":"2026-01-09T11:02:51","slug":"kit-proyector-audiocuentos-clasicos-cuentos-de-aventuras","status":"publish","type":"product","link":"https:\/\/wham-vintage.com\/ca\/kit-proyector-audiocuentos-clasicos-cuentos-de-aventuras\/","title":{"rendered":"Kit Proyector Audiocuentos Clasicos Cuentos de Aventuras"},"content":{"rendered":"<p>LLAN\u00c7AMENT<\/p>\n<p>Tama\u00f1o: 30x22x7,5cm. Contiene: libro ilustrado de 68 p\u00e1ginas con 4 cuentos cl\u00e1sicos en espa\u00f1ol e ingl\u00e9s, proyector de im\u00e1genes, m\u00f3dulo de sonido con audiocuento en espa\u00f1ol e ingl\u00e9s, 32 diapositivas que ilustran los cuentos y 16 marionetas para teatro de sombras. Este kit es ideal para enriquecer la lectura en familia, aprender idiomas y disfrutar del tiempo juntos.<\/p>\n<p>COMANDA M\u00cdNIM: 1<\/p>\n<p>2025-12-08<\/p>\n<p>STOCK OCIOSTOCK : 0 HI HA 0<\/p>","protected":false},"excerpt":{"rendered":"<p>https:\/\/www.ociostock.com\/productos\/imagenes\/img_410842_9a01761394f321522f156ca9de8e2597_1.jpg<\/p>","protected":false},"featured_media":0,"template":"","meta":{"_acf_changed":false,"_relevanssi_hide_post":"","_relevanssi_pin_for_all":"","_relevanssi_pin_keywords":"","_relevanssi_unpin_keywords":"","_relevanssi_related_keywords":"","_relevanssi_related_include_ids":"","_relevanssi_related_exclude_ids":"","_relevanssi_related_no_append":"","_relevanssi_related_not_related":"","_relevanssi_related_posts":"30007,30008,30010,55513,39718,30915","_relevanssi_noindex_reason":""},"genero-musical":[],"product_brand":[4698],"product_cat":[],"product_tag":[],"tematica":[],"class_list":{"0":"post-30009","1":"product","2":"type-product","3":"status-publish","5":"product_brand-playtime","7":"first","8":"onbackorder","9":"sold-individually","10":"purchasable","11":"product-type-simple"},"acf":[],"_links":{"self":[{"href":"https:\/\/wham-vintage.com\/ca\/wp-json\/wp\/v2\/product\/30009","targetHints":{"allow":["GET"]}}],"collection":[{"href":"https:\/\/wham-vintage.com\/ca\/wp-json\/wp\/v2\/product"}],"about":[{"href":"https:\/\/wham-vintage.com\/ca\/wp-json\/wp\/v2\/types\/product"}],"wp:attachment":[{"href":"https:\/\/wham-vintage.com\/ca\/wp-json\/wp\/v2\/media?parent=30009"}],"wp:term":[{"taxonomy":"genero-musical","embeddable":true,"href":"https:\/\/wham-vintage.com\/ca\/wp-json\/wp\/v2\/genero-musical?post=30009"},{"taxonomy":"product_brand","embeddable":true,"href":"https:\/\/wham-vintage.com\/ca\/wp-json\/wp\/v2\/product_brand?post=30009"},{"taxonomy":"product_cat","embeddable":true,"href":"https:\/\/wham-vintage.com\/ca\/wp-json\/wp\/v2\/product_cat?post=30009"},{"taxonomy":"product_tag","embeddable":true,"href":"https:\/\/wham-vintage.com\/ca\/wp-json\/wp\/v2\/product_tag?post=30009"},{"taxonomy":"tematica","embeddable":true,"href":"https:\/\/wham-vintage.com\/ca\/wp-json\/wp\/v2\/tematica?post=30009"}],"curies":[{"name":"wp","href":"https:\/\/api.w.org\/{rel}","templated":true}]}}