{"id":52854,"date":"2026-03-03T22:52:53","date_gmt":"2026-03-03T21:52:53","guid":{"rendered":"https:\/\/wham-vintage.com\/grimorio-de-hechiceria-bulard-cordeau-brigitte-naturart-fondo\/"},"modified":"2026-03-03T23:52:08","modified_gmt":"2026-03-03T22:52:08","slug":"grimorio-de-hechiceria-bulard-cordeau-brigitte-naturart-fondo","status":"publish","type":"product","link":"https:\/\/wham-vintage.com\/ca\/grimorio-de-hechiceria-bulard-cordeau-brigitte-naturart-fondo\/","title":{"rendered":"GRIMORIO DE HECHICERIA &#8211; BULARD-CORDEAU, BRIGITTE &#8211; NATURART (FONDO)"},"content":{"rendered":"<p>Disponible a partir: 02-02-2024<\/p>\n<p><em>Grimorio de hechicer\u00eda<\/em> es un libro que se abre como un arc\u00f3n lleno de secretos: f\u00f3rmulas m\u00e1gicas, recetas encantadas y rituales que combinan tradici\u00f3n esot\u00e9rica con un toque l\u00fadico y sensorial. Brigitte Bulard\u2011Cordeau propone un enfoque \u00fanico: <strong>a\u00f1adir encantamientos a recetas de cocina<\/strong>, convirtiendo cada plato en un peque\u00f1o acto ritual.<\/p>\n<p>La autora gu\u00eda al lector a trav\u00e9s de <strong>hechizos completos<\/strong>, detallando no solo los ingredientes y pasos, sino tambi\u00e9n el <strong>vestuario, el estado de \u00e1nimo y la intenci\u00f3n energ\u00e9tica<\/strong> necesarios para que la magia fluya. Cada conjuro se acompa\u00f1a de <strong>apuntes culturales ilustrados<\/strong>, peque\u00f1as perlas que conectan la pr\u00e1ctica m\u00e1gica con la literatura, la historia, la mitolog\u00eda y el folclore.<\/p>\n<p>El libro incluye:<\/p>\n<ul>\n<li><strong>Pociones y f\u00f3rmulas<\/strong> para el amor, la prosperidad y la vitalidad.<\/li>\n<li><strong>Hechizos ritualizados<\/strong> con instrucciones completas, desde la preparaci\u00f3n del espacio hasta la actitud interior.<\/li>\n<li><strong>An\u00e9cdotas y mitos<\/strong> que enriquecen cada pr\u00e1ctica con contexto simb\u00f3lico.<\/li>\n<li><strong>50 recetas energ\u00e9ticas<\/strong> para recuperar fuerzas cuando el cuerpo o el esp\u00edritu lo piden.<\/li>\n<\/ul>\n<p>La edici\u00f3n de <strong>Blume (Naturart)<\/strong> es visual, cuidada y generosa en ilustraciones, lo que refuerza su car\u00e1cter de <strong>grimorio\u2011objeto<\/strong>: bello, pr\u00e1ctico y pensado para ser consultado una y otra vez. Es un libro ideal para quienes buscan una magia accesible, sensorial y profundamente conectada con el placer de crear.<\/p>","protected":false},"excerpt":{"rendered":"<p>Un libro\u2011talism\u00e1n que mezcla magia, cocina y tradici\u00f3n en un mismo caldero. Brigitte Bulard\u2011Cordeau re\u00fane hechizos, pociones y encantamientos acompa\u00f1ados de an\u00e9cdotas culturales, mitos y peque\u00f1as joyas de sabidur\u00eda antigua. Un grimorio ilustrado que invita a practicar la hechicer\u00eda desde el placer, la creatividad y el arte de transformar lo cotidiano.<\/p>","protected":false},"featured_media":52855,"template":"","meta":{"_acf_changed":false,"_relevanssi_hide_post":"","_relevanssi_pin_for_all":"","_relevanssi_pin_keywords":"","_relevanssi_unpin_keywords":"","_relevanssi_related_keywords":"","_relevanssi_related_include_ids":"0","_relevanssi_related_exclude_ids":"","_relevanssi_related_no_append":"","_relevanssi_related_not_related":"","_relevanssi_related_posts":"20685,16964,52843,18295,8702,52840","_relevanssi_noindex_reason":""},"genero-musical":[],"product_brand":[8477],"product_cat":[],"product_tag":[8466,8478,8465],"tematica":[],"class_list":{"0":"post-52854","1":"product","2":"type-product","3":"status-publish","4":"has-post-thumbnail","6":"product_brand-naturart","7":"product_tag-brujeria-y-hechiceria-grimorios-y-otros-manuales","8":"product_tag-bulard-cordeau-brigitte","9":"product_tag-libros-de-esoterismo","11":"first","12":"onbackorder","13":"sold-individually","14":"purchasable","15":"product-type-simple"},"acf":[],"_links":{"self":[{"href":"https:\/\/wham-vintage.com\/ca\/wp-json\/wp\/v2\/product\/52854","targetHints":{"allow":["GET"]}}],"collection":[{"href":"https:\/\/wham-vintage.com\/ca\/wp-json\/wp\/v2\/product"}],"about":[{"href":"https:\/\/wham-vintage.com\/ca\/wp-json\/wp\/v2\/types\/product"}],"wp:featuredmedia":[{"embeddable":true,"href":"https:\/\/wham-vintage.com\/ca\/wp-json\/wp\/v2\/media\/52855"}],"wp:attachment":[{"href":"https:\/\/wham-vintage.com\/ca\/wp-json\/wp\/v2\/media?parent=52854"}],"wp:term":[{"taxonomy":"genero-musical","embeddable":true,"href":"https:\/\/wham-vintage.com\/ca\/wp-json\/wp\/v2\/genero-musical?post=52854"},{"taxonomy":"product_brand","embeddable":true,"href":"https:\/\/wham-vintage.com\/ca\/wp-json\/wp\/v2\/product_brand?post=52854"},{"taxonomy":"product_cat","embeddable":true,"href":"https:\/\/wham-vintage.com\/ca\/wp-json\/wp\/v2\/product_cat?post=52854"},{"taxonomy":"product_tag","embeddable":true,"href":"https:\/\/wham-vintage.com\/ca\/wp-json\/wp\/v2\/product_tag?post=52854"},{"taxonomy":"tematica","embeddable":true,"href":"https:\/\/wham-vintage.com\/ca\/wp-json\/wp\/v2\/tematica?post=52854"}],"curies":[{"name":"wp","href":"https:\/\/api.w.org\/{rel}","templated":true}]}}