{"id":53075,"date":"2026-03-04T23:16:01","date_gmt":"2026-03-04T22:16:01","guid":{"rendered":"https:\/\/wham-vintage.com\/asistente-del-villano-maehrerhannah-nicole-faeris-editorial-faeris\/"},"modified":"2026-03-04T23:41:37","modified_gmt":"2026-03-04T22:41:37","slug":"asistente-del-villano-maehrerhannah-nicole-faeris-editorial-faeris","status":"publish","type":"product","link":"https:\/\/wham-vintage.com\/ca\/asistente-del-villano-maehrerhannah-nicole-faeris-editorial-faeris\/","title":{"rendered":"ASISTENTE DEL VILLANO &#8211; MAEHRER,HANNAH NICOLE &#8211; FAERIS EDITORIAL (FAERIS)"},"content":{"rendered":"<p>Disponible a partir: 01-10-2023<\/p>\n<p><em>Asistente del villano<\/em> es la primera novela de la autora y creadora de contenido Hannah Nicole Maehrer, un fen\u00f3meno viral en TikTok que ha dado forma a una historia que combina <strong>romantasy<\/strong>, humor y una din\u00e1mica deliciosa entre sus protagonistas. La novela sigue a <strong>Evie Sage<\/strong>, una joven que carga con la responsabilidad de mantener a su hermana y a su padre enfermo. Su situaci\u00f3n la obliga a aceptar un trabajo tan inesperado como peligroso: convertirse en la asistente personal del <strong>Villano m\u00e1s infame del reino<\/strong>.<\/p>\n<p>El puesto exige discreci\u00f3n, temple y la capacidad de sobrevivir a situaciones ca\u00f3ticas, criaturas terror\u00edficas y \u201cAsuntos Siniestros en General\u201d. Pero lo que Evie no espera es que su jefe, pese a su reputaci\u00f3n temible, sea alguien complejo, carism\u00e1tico y sorprendentemente humano. Entre tareas imposibles, magia, intrigas y un castillo lleno de personajes peculiares, surge una relaci\u00f3n marcada por la tensi\u00f3n, el ingenio y un romance que se cuece a fuego lento.<\/p>\n<p>La novela destaca por:<\/p>\n<ul>\n<li>Una mezcla fresca entre <em>\u00c9rase una vez<\/em> i <em>The Office<\/em>, con di\u00e1logos \u00e1giles y situaciones c\u00f3micas.<\/li>\n<li>Un mundo de fantas\u00eda accesible, lleno de magia, criaturas y jerarqu\u00edas oscuras.<\/li>\n<li>Una din\u00e1mica jefe\u2011asistente que combina humor, qu\u00edmica y evoluci\u00f3n emocional.<\/li>\n<li>Un tono ligero y adictivo que la convierte en una lectura ideal para j\u00f3venes y adultos amantes de la fantas\u00eda rom\u00e1ntica.<\/li>\n<\/ul>\n<p>Publicada por <strong>Faeris<\/strong>, esta edici\u00f3n en espa\u00f1ol mantiene el esp\u00edritu divertido y encantador de la obra original, consolid\u00e1ndose como una de las novelas m\u00e1s populares dentro del auge actual de la romantasy.<\/p>","protected":false},"excerpt":{"rendered":"<p><em>Asistente del villano<\/em> es una comedia rom\u00e1ntica de fantas\u00eda que mezcla humor, magia y tensi\u00f3n rom\u00e1ntica. Evie Sage, una joven desesperada por mantener a su familia, acepta un trabajo como asistente del Villano m\u00e1s temido del reino\u2026 y descubre que bajo la capa de oscuridad hay mucho m\u00e1s de lo que esperaba. Una historia divertida, adictiva y llena de qu\u00edmica, ideal para fans de la romantasy moderna.<\/p>","protected":false},"featured_media":9910,"template":"","meta":{"_acf_changed":false,"_relevanssi_hide_post":"","_relevanssi_pin_for_all":"","_relevanssi_pin_keywords":"","_relevanssi_unpin_keywords":"","_relevanssi_related_keywords":"","_relevanssi_related_include_ids":"0","_relevanssi_related_exclude_ids":"","_relevanssi_related_no_append":"","_relevanssi_related_not_related":"","_relevanssi_related_posts":"40712,40740,24158,38781,37404,8588","_relevanssi_noindex_reason":""},"genero-musical":[],"product_brand":[],"product_cat":[],"product_tag":[5836],"tematica":[],"class_list":{"0":"post-53075","1":"product","2":"type-product","3":"status-publish","4":"has-post-thumbnail","6":"product_tag-maehrer-hannah-nicole","8":"first","9":"onbackorder","10":"sold-individually","11":"purchasable","12":"product-type-simple"},"acf":[],"_links":{"self":[{"href":"https:\/\/wham-vintage.com\/ca\/wp-json\/wp\/v2\/product\/53075","targetHints":{"allow":["GET"]}}],"collection":[{"href":"https:\/\/wham-vintage.com\/ca\/wp-json\/wp\/v2\/product"}],"about":[{"href":"https:\/\/wham-vintage.com\/ca\/wp-json\/wp\/v2\/types\/product"}],"wp:featuredmedia":[{"embeddable":true,"href":"https:\/\/wham-vintage.com\/ca\/wp-json\/wp\/v2\/media\/9910"}],"wp:attachment":[{"href":"https:\/\/wham-vintage.com\/ca\/wp-json\/wp\/v2\/media?parent=53075"}],"wp:term":[{"taxonomy":"genero-musical","embeddable":true,"href":"https:\/\/wham-vintage.com\/ca\/wp-json\/wp\/v2\/genero-musical?post=53075"},{"taxonomy":"product_brand","embeddable":true,"href":"https:\/\/wham-vintage.com\/ca\/wp-json\/wp\/v2\/product_brand?post=53075"},{"taxonomy":"product_cat","embeddable":true,"href":"https:\/\/wham-vintage.com\/ca\/wp-json\/wp\/v2\/product_cat?post=53075"},{"taxonomy":"product_tag","embeddable":true,"href":"https:\/\/wham-vintage.com\/ca\/wp-json\/wp\/v2\/product_tag?post=53075"},{"taxonomy":"tematica","embeddable":true,"href":"https:\/\/wham-vintage.com\/ca\/wp-json\/wp\/v2\/tematica?post=53075"}],"curies":[{"name":"wp","href":"https:\/\/api.w.org\/{rel}","templated":true}]}}