{"id":54157,"date":"2026-03-07T21:06:47","date_gmt":"2026-03-07T20:06:47","guid":{"rendered":"https:\/\/wham-vintage.com\/proyecto-hail-mary-edicion-ilustrada-andy-weir-nova-nova\/"},"modified":"2026-03-07T21:18:05","modified_gmt":"2026-03-07T20:18:05","slug":"proyecto-hail-mary-edicion-ilustrada-andy-weir-nova-nova","status":"publish","type":"product","link":"https:\/\/wham-vintage.com\/ca\/proyecto-hail-mary-edicion-ilustrada-andy-weir-nova-nova\/","title":{"rendered":"PROYECTO HAIL MARY EDICION ILUSTRADA &#8211; ANDY WEIR &#8211; NOVA (NOVA)"},"content":{"rendered":"<p>Disponible a partir: 05-03-2026<\/p>\n<p>La <strong>Edici\u00f3n Ilustrada de <\/strong><em><strong>Proyecto Hail Mary<\/strong><\/em>, publicada por <strong>Nova<\/strong> y prevista para 2026, es una versi\u00f3n ampliada y visualmente deslumbrante de la exitosa novela de ciencia ficci\u00f3n de <strong>Andy Weir<\/strong>, autor de <em>El marciano<\/em>. Esta edici\u00f3n especial incorpora <strong>fotogramas de la inminente adaptaci\u00f3n cinematogr\u00e1fica<\/strong>, ofreciendo una experiencia h\u00edbrida entre literatura y cine que encantar\u00e1 tanto a lectores como a amantes del g\u00e9nero.<\/p>\n<p>La historia sigue a <strong>Ryland Grace<\/strong>, un hombre que despierta solo en una nave espacial sin recordar su identidad ni su misi\u00f3n. A medida que reconstruye sus recuerdos, descubre que es el <strong>\u00fanico superviviente<\/strong> de un proyecto crucial: evitar la extinci\u00f3n de la humanidad ante una amenaza astrof\u00edsica sin precedentes. Con ingenio, humor y una sorprendente mezcla de ciencia realista y aventura, Grace deber\u00e1 enfrentarse a lo desconocido, forjar alianzas inesperadas y tomar decisiones que determinar\u00e1n el destino de la Tierra.<\/p>\n<p>La edici\u00f3n ilustrada incluye:<\/p>\n<ul>\n<li><strong>544 p\u00e1ginas<\/strong> de contenido narrativo y visual.<\/li>\n<li class=\"ps-2\"><strong>Ilustraciones y fotogramas<\/strong> que complementan escenas clave, potenciando la atm\u00f3sfera y el sentido de maravilla.<\/li>\n<li>Una presentaci\u00f3n cuidada que convierte el libro en una pieza de colecci\u00f3n para fans de la ciencia ficci\u00f3n contempor\u00e1nea.<\/li>\n<\/ul>\n<p>En conjunto, esta edici\u00f3n ofrece una lectura profundamente inmersiva, ideal para quienes desean revivir la historia antes del estreno de la pel\u00edcula o descubrirla por primera vez con un acompa\u00f1amiento visual excepcional.<\/p>\n<div><\/div>","protected":false},"excerpt":{"rendered":"<p>Una edici\u00f3n ilustrada de <em>Proyecto Hail Mary<\/em> que combina la aclamada novela de Andy Weir con espectaculares im\u00e1genes inspiradas en la inminente adaptaci\u00f3n cinematogr\u00e1fica. Acompa\u00f1a a Ryland Grace en una misi\u00f3n espacial desesperada para salvar a la humanidad, ahora enriquecida con fotogramas que potencian la inmersi\u00f3n visual y narrativa.<\/p>","protected":false},"featured_media":54158,"template":"","meta":{"_acf_changed":false,"_relevanssi_hide_post":"","_relevanssi_pin_for_all":"","_relevanssi_pin_keywords":"","_relevanssi_unpin_keywords":"","_relevanssi_related_keywords":"","_relevanssi_related_include_ids":"0","_relevanssi_related_exclude_ids":"","_relevanssi_related_no_append":"","_relevanssi_related_not_related":"","_relevanssi_related_posts":"37661,37685,37703,37581,37629,37565","_relevanssi_noindex_reason":""},"genero-musical":[],"product_brand":[7667],"product_cat":[],"product_tag":[],"tematica":[3520],"class_list":{"0":"post-54157","1":"product","2":"type-product","3":"status-publish","4":"has-post-thumbnail","6":"product_brand-nova","7":"tematica-space-opera","9":"first","10":"onbackorder","11":"sold-individually","12":"purchasable","13":"product-type-simple"},"acf":[],"_links":{"self":[{"href":"https:\/\/wham-vintage.com\/ca\/wp-json\/wp\/v2\/product\/54157","targetHints":{"allow":["GET"]}}],"collection":[{"href":"https:\/\/wham-vintage.com\/ca\/wp-json\/wp\/v2\/product"}],"about":[{"href":"https:\/\/wham-vintage.com\/ca\/wp-json\/wp\/v2\/types\/product"}],"wp:featuredmedia":[{"embeddable":true,"href":"https:\/\/wham-vintage.com\/ca\/wp-json\/wp\/v2\/media\/54158"}],"wp:attachment":[{"href":"https:\/\/wham-vintage.com\/ca\/wp-json\/wp\/v2\/media?parent=54157"}],"wp:term":[{"taxonomy":"genero-musical","embeddable":true,"href":"https:\/\/wham-vintage.com\/ca\/wp-json\/wp\/v2\/genero-musical?post=54157"},{"taxonomy":"product_brand","embeddable":true,"href":"https:\/\/wham-vintage.com\/ca\/wp-json\/wp\/v2\/product_brand?post=54157"},{"taxonomy":"product_cat","embeddable":true,"href":"https:\/\/wham-vintage.com\/ca\/wp-json\/wp\/v2\/product_cat?post=54157"},{"taxonomy":"product_tag","embeddable":true,"href":"https:\/\/wham-vintage.com\/ca\/wp-json\/wp\/v2\/product_tag?post=54157"},{"taxonomy":"tematica","embeddable":true,"href":"https:\/\/wham-vintage.com\/ca\/wp-json\/wp\/v2\/tematica?post=54157"}],"curies":[{"name":"wp","href":"https:\/\/api.w.org\/{rel}","templated":true}]}}