{"id":56241,"date":"2026-04-07T11:16:09","date_gmt":"2026-04-07T10:16:09","guid":{"rendered":"https:\/\/wham-vintage.com\/blues-latino-vargas-blues-band-cd-blues-rock-usado\/"},"modified":"2026-04-07T11:16:57","modified_gmt":"2026-04-07T10:16:57","slug":"blues-latino-vargas-blues-band-cd-blues-rock-usado","status":"publish","type":"product","link":"https:\/\/wham-vintage.com\/ca\/blues-latino-vargas-blues-band-cd-blues-rock-usado\/","title":{"rendered":"Blues Latino &#8211; Vargas Blues Band &#8211; CD &#8211; Blues \/ Rock &#8211; Usado"},"content":{"rendered":"<p>Cd&#8217;s de ocasi\u00f3n en wham-vintage.com buena m\u00fasica bien seleccionada, s\u00f3lo calidad<\/p>","protected":false},"excerpt":{"rendered":"<p>Cd de ocasi\u00f3n de Blues Latino &#8211; Vargas Blues Band &#8211; CD &#8211; Blues \/ Rock &#8211; Usado<\/p>","protected":false},"featured_media":56206,"template":"","meta":{"_acf_changed":false,"_relevanssi_hide_post":"","_relevanssi_pin_for_all":"","_relevanssi_pin_keywords":"","_relevanssi_unpin_keywords":"","_relevanssi_related_keywords":"","_relevanssi_related_include_ids":"","_relevanssi_related_exclude_ids":"","_relevanssi_related_no_append":"","_relevanssi_related_not_related":"","_relevanssi_related_posts":"23565,23465,40415,55601,20074,23420","_relevanssi_noindex_reason":""},"genero-musical":[],"product_brand":[],"product_cat":[9140],"product_tag":[],"tematica":[],"class_list":{"0":"post-56241","1":"product","2":"type-product","3":"status-publish","4":"has-post-thumbnail","6":"product_cat-venta-de-cds-musicales-nuevos-y-de-ocasion","8":"first","9":"instock","10":"sold-individually","11":"purchasable","12":"product-type-simple"},"acf":[],"_links":{"self":[{"href":"https:\/\/wham-vintage.com\/ca\/wp-json\/wp\/v2\/product\/56241","targetHints":{"allow":["GET"]}}],"collection":[{"href":"https:\/\/wham-vintage.com\/ca\/wp-json\/wp\/v2\/product"}],"about":[{"href":"https:\/\/wham-vintage.com\/ca\/wp-json\/wp\/v2\/types\/product"}],"wp:featuredmedia":[{"embeddable":true,"href":"https:\/\/wham-vintage.com\/ca\/wp-json\/wp\/v2\/media\/56206"}],"wp:attachment":[{"href":"https:\/\/wham-vintage.com\/ca\/wp-json\/wp\/v2\/media?parent=56241"}],"wp:term":[{"taxonomy":"genero-musical","embeddable":true,"href":"https:\/\/wham-vintage.com\/ca\/wp-json\/wp\/v2\/genero-musical?post=56241"},{"taxonomy":"product_brand","embeddable":true,"href":"https:\/\/wham-vintage.com\/ca\/wp-json\/wp\/v2\/product_brand?post=56241"},{"taxonomy":"product_cat","embeddable":true,"href":"https:\/\/wham-vintage.com\/ca\/wp-json\/wp\/v2\/product_cat?post=56241"},{"taxonomy":"product_tag","embeddable":true,"href":"https:\/\/wham-vintage.com\/ca\/wp-json\/wp\/v2\/product_tag?post=56241"},{"taxonomy":"tematica","embeddable":true,"href":"https:\/\/wham-vintage.com\/ca\/wp-json\/wp\/v2\/tematica?post=56241"}],"curies":[{"name":"wp","href":"https:\/\/api.w.org\/{rel}","templated":true}]}}