{"id":13267,"date":"2025-10-12T07:45:34","date_gmt":"2025-10-12T07:45:34","guid":{"rendered":"https:\/\/wham-vintage.com\/tarot-el-senor-de-los-anillos-varios-autores\/"},"modified":"2026-02-14T16:33:20","modified_gmt":"2026-02-14T15:33:20","slug":"lord-of-the-rings-tarot-by-various-authors","status":"publish","type":"product","link":"https:\/\/wham-vintage.com\/en\/lord-of-the-rings-tarot-by-various-authors\/","title":{"rendered":"THE LORD OF THE RINGS TAROT \u2013 VARIOUS AUTHORS"},"content":{"rendered":"<p>He <strong>The Lord of the Rings Tarot<\/strong>, Published by Minotauro and created by several authors, this is a cultural gem that unites Tolkien&#039;s universe with the ancient practice of tarot. Each card is illustrated with characters, landscapes, and symbols from Middle-earth, transforming the reading into an epic and mystical experience.<\/p>\n<blockquote class=\"tiktok-embed\" cite=\"https:\/\/www.tiktok.com\/@llocosxllectura\/video\/7267359122197138693\" data-video-id=\"7267359122197138693\" style=\"max-width: 605px;min-width: 325px;\" >\n<section> <a target=\"_blank\" title=\"@llocosxllectura\" href=\"https:\/\/www.tiktok.com\/@llocosxllectura?refer=embed\">@llocosxllectura<\/a> \u2728\ud83e\uddd9\ud83c\udffd\u200d\u2642\ufe0f TOO BEAUTIFUL \ud83d\udcab TAROT: THE LORD OF THE RINGS \ud83e\uddd9\ud83c\udffd\u200d\u2642\ufe0f \u2728\ufe0f . \ud83d\udc4eREGULAR PRICE: 125 soles \ud83d\udcabSALE PRICE: 99 soles . \u2728DETAILS \u2705PUBLISHER: MINOTAURO \u2705CONDITION: NEW . \u2728SYNOPSIS: \u26a1 Official Tolkien tarot deck. Explore your past, present, and future with this official tarot deck featuring sensational illustrations inspired by the iconic Lord of the Rings novels. Tarot deck drawn by Tom\u00e1s Hijo, a renowned illustrator who is even talked about in Hollywood, since he illustrated the tarot deck that recently appeared in the film &#039;Nightmare Alley&#039;. . . <a title=\"crazyforreading\" target=\"_blank\" href=\"https:\/\/www.tiktok.com\/tag\/locosporlalectura?refer=embed\">#locosporlalectura<\/a> <a title=\"I like reading\" target=\"_blank\" href=\"https:\/\/www.tiktok.com\/tag\/megustaleer?refer=embed\">#megustaleer<\/a> <a title=\"llocosxllectura\" target=\"_blank\" href=\"https:\/\/www.tiktok.com\/tag\/llocosxllectura?refer=embed\">#llocosxllectura<\/a> <a title=\"readingisgreat\" target=\"_blank\" href=\"https:\/\/www.tiktok.com\/tag\/leeresgenial?refer=embed\">#leeresgenial<\/a> <a title=\"instagood\" target=\"_blank\" href=\"https:\/\/www.tiktok.com\/tag\/instagood?refer=embed\">#instagood<\/a> <a title=\"thesilmarillion\" target=\"_blank\" href=\"https:\/\/www.tiktok.com\/tag\/elsilmarillion?refer=embed\">#elsilmarillion<\/a> <a title=\"thesilmarillion\" target=\"_blank\" href=\"https:\/\/www.tiktok.com\/tag\/thesilmarillion?refer=embed\">#thesilmarillion<\/a> <a title=\"Silmarillion\" target=\"_blank\" href=\"https:\/\/www.tiktok.com\/tag\/silmarillion?refer=embed\">#silmarillion<\/a> <a title=\"hobbit\" target=\"_blank\" href=\"https:\/\/www.tiktok.com\/tag\/hobbit?refer=embed\">#hobbit<\/a> <a title=\"book lover\" target=\"_blank\" href=\"https:\/\/www.tiktok.com\/tag\/booklover?refer=embed\">#booklover<\/a> <a title=\"lovebook\" target=\"_blank\" href=\"https:\/\/www.tiktok.com\/tag\/lovebook?refer=embed\">#lovebook<\/a> <a title=\"bookseller\" target=\"_blank\" href=\"https:\/\/www.tiktok.com\/tag\/librero?refer=embed\">#librero<\/a> <a title=\"recommended books\" target=\"_blank\" href=\"https:\/\/www.tiktok.com\/tag\/librosrecomendados?refer=embed\">#recommendedbooks<\/a> <a title=\"I like reading\" target=\"_blank\" href=\"https:\/\/www.tiktok.com\/tag\/megustaleer?refer=embed\">#megustaleer<\/a> <a title=\"instalibro\" target=\"_blank\" href=\"https:\/\/www.tiktok.com\/tag\/instalibro?refer=embed\">#instalibro<\/a> <a title=\"onlinebookstore\" target=\"_blank\" href=\"https:\/\/www.tiktok.com\/tag\/libreriaonline?refer=embed\">#libreriaonline<\/a> <a title=\"booksmyaddiction\" target=\"_blank\" href=\"https:\/\/www.tiktok.com\/tag\/librosmiadiccion?refer=embed\">#librosmiadiccion<\/a> <a title=\"readingislife\" target=\"_blank\" href=\"https:\/\/www.tiktok.com\/tag\/leeresvida?refer=embed\">#leeresvida<\/a> <a title=\"booksandmorebooks\" target=\"_blank\" href=\"https:\/\/www.tiktok.com\/tag\/librosymaslibros?refer=embed\">#librosymaslibros<\/a> <a title=\"amoleer\" target=\"_blank\" href=\"https:\/\/www.tiktok.com\/tag\/amoleer?refer=embed\">#amoleer<\/a> <a title=\"books for sale\" target=\"_blank\" href=\"https:\/\/www.tiktok.com\/tag\/librosenventa?refer=embed\">#booksforsale<\/a> <a title=\"Tolkien\" target=\"_blank\" href=\"https:\/\/www.tiktok.com\/tag\/tolkien?refer=embed\">#tolkien<\/a> <a title=\"Middle-earth\" target=\"_blank\" href=\"https:\/\/www.tiktok.com\/tag\/tierramedia?refer=embed\">#tierramedia<\/a> <a title=\"tarot\" target=\"_blank\" href=\"https:\/\/www.tiktok.com\/tag\/tarot?refer=embed\">#tarot<\/a> <a title=\"deck of cards\u2728\ud83e\uddd9\ud83c\udffd\u200d\u2642\ufe0f\" target=\"_blank\" href=\"https:\/\/www.tiktok.com\/tag\/baraja%E2%9C%A8%F0%9F%A7%99%F0%9F%8F%BD%E2%80%8D%E2%99%82%EF%B8%8F?refer=embed\">#baraja\u2728\ud83e\uddd9\ud83c\udffd\u200d\u2642\ufe0f<\/a> TOO BEAUTIFUL \ud83d\udcab TAROT: THE LORD OF THE RINGS \ud83e\uddd9\ud83c\udffd\u200d\u2642\ufe0f \u2728\ufe0f . \ud83d\udc4eREGULAR PRICE: 125 soles \ud83d\udcabSALE PRICE: 99 soles . \u2728DETAILS \u2705PUBLISHER: MINOTAURO \u2705CONDITION: NEW . \u2728SYNOPSIS: \u26a1 Official Tolkien tarot deck. Explore your past, present, and future with this official tarot deck featuring sensational illustrations inspired by the iconic Lord of the Rings novels. This tarot deck was drawn by Tom\u00e1s Hijo, a renowned illustrator who has garnered attention even in Hollywood, as he illustrated the tarot deck that recently appeared in the film &#039;Nightmare Alley&#039;. . . <a title=\"crazyforreading\" target=\"_blank\" href=\"https:\/\/www.tiktok.com\/tag\/locosporlalectura?refer=embed\">#locosporlalectura<\/a>  <a title=\"llocosxllectura\" target=\"_blank\" href=\"https:\/\/www.tiktok.com\/tag\/llocosxllectura?refer=embed\">#llocosxllectura<\/a> <a title=\"readingisgreat\" target=\"_blank\" href=\"https:\/\/www.tiktok.com\/tag\/leeresgenial?refer=embed\">#leeresgenial<\/a> <a title=\"booktok\" target=\"_blank\" href=\"https:\/\/www.tiktok.com\/tag\/booktok?refer=embed\">#booktok<\/a>   <a title=\"thesilmarillion\" target=\"_blank\" href=\"https:\/\/www.tiktok.com\/tag\/thesilmarillion?refer=embed\">#thesilmarillion<\/a> <a title=\"hobbit\" target=\"_blank\" href=\"https:\/\/www.tiktok.com\/tag\/hobbit?refer=embed\">#hobbit<\/a> <a title=\"book lover\" target=\"_blank\" href=\"https:\/\/www.tiktok.com\/tag\/booklover?refer=embed\">#booklover<\/a> <a title=\"lovebook\" target=\"_blank\" href=\"https:\/\/www.tiktok.com\/tag\/lovebook?refer=embed\">#lovebook<\/a> <a title=\"bookseller\" target=\"_blank\" href=\"https:\/\/www.tiktok.com\/tag\/librero?refer=embed\">#librero<\/a> <a title=\"recommended books\" target=\"_blank\" href=\"https:\/\/www.tiktok.com\/tag\/librosrecomendados?refer=embed\">#recommendedbooks<\/a> <a title=\"I like reading\" target=\"_blank\" href=\"https:\/\/www.tiktok.com\/tag\/megustaleer?refer=embed\">#megustaleer<\/a> <a title=\"books\" target=\"_blank\" href=\"https:\/\/www.tiktok.com\/tag\/books?refer=embed\">#books<\/a>  <a title=\"trend\" target=\"_blank\" href=\"https:\/\/www.tiktok.com\/tag\/tendencia?refer=embed\">#rend<\/a> <a title=\"beautiful\" target=\"_blank\" href=\"https:\/\/www.tiktok.com\/tag\/hermoso?refer=embed\">#hermoso<\/a> <a title=\"viral\" target=\"_blank\" href=\"https:\/\/www.tiktok.com\/tag\/viral?refer=embed\">#viral<\/a> <a title=\"amoleer\" target=\"_blank\" href=\"https:\/\/www.tiktok.com\/tag\/amoleer?refer=embed\">#amoleer<\/a> <a title=\"books for sale\" target=\"_blank\" href=\"https:\/\/www.tiktok.com\/tag\/librosenventa?refer=embed\">#booksforsale<\/a> <a title=\"Tolkien\" target=\"_blank\" href=\"https:\/\/www.tiktok.com\/tag\/tolkien?refer=embed\">#tolkien<\/a> <a title=\"Middle-earth\" target=\"_blank\" href=\"https:\/\/www.tiktok.com\/tag\/tierramedia?refer=embed\">#tierramedia<\/a> <a title=\"recommendation\" target=\"_blank\" href=\"https:\/\/www.tiktok.com\/tag\/recomendation?refer=embed\">#recommendation<\/a>  <a title=\"tarot\" target=\"_blank\" href=\"https:\/\/www.tiktok.com\/tag\/tarot?refer=embed\">#tarot<\/a> <a title=\"deck\" target=\"_blank\" href=\"https:\/\/www.tiktok.com\/tag\/baraja?refer=embed\">#baraja<\/a> <a target=\"_blank\" title=\"\u266c Pieces (Solo Piano Version) - Danilo Stankovic\" href=\"https:\/\/www.tiktok.com\/music\/Pieces-Solo-Piano-Version-6777274113254754306?refer=embed\">\u266c Pieces (Solo Piano Version) \u2013 Danilo Stankovic<\/a> <\/section>\n<\/blockquote>\n<p> <script async src=\"https:\/\/www.tiktok.com\/embed.js\"><\/script><\/p>\n<p>Ideal for collectors, saga enthusiasts, and tarot explorers, this deck offers a journey between the spiritual and the fantastical. Perfect as an original gift, to surprise a Secret Santa recipient, or to add a legendary touch to your collection, at Wham! Vintage we present it for what it is: a cultural object with character, connecting literary magic with esoteric tradition.<\/p>\n<div><\/div>","protected":false},"excerpt":{"rendered":"<p>Un tarot \u00e9pico inspirado en <em>The Lord of the Rings<\/em>, editado por Minotauro. Una baraja \u00fanica que mezcla la tradici\u00f3n esot\u00e9rica con la magia de la Tierra Media.<\/p>","protected":false},"featured_media":13268,"template":"","meta":{"_acf_changed":false,"_relevanssi_hide_post":"","_relevanssi_pin_for_all":"","_relevanssi_pin_keywords":"","_relevanssi_unpin_keywords":"","_relevanssi_related_keywords":"","_relevanssi_related_include_ids":"","_relevanssi_related_exclude_ids":"","_relevanssi_related_no_append":"","_relevanssi_related_not_related":"","_relevanssi_related_posts":"37581,37629,37565,37575,37637,37661","_relevanssi_noindex_reason":""},"genero-musical":[],"product_brand":[1436],"product_cat":[1508,221],"product_tag":[1830,1237],"tematica":[4924],"class_list":{"0":"post-13267","1":"product","2":"type-product","3":"status-publish","4":"has-post-thumbnail","6":"product_brand-minotauro","7":"product_cat-libros-cofres-pack-estuches-regalo","8":"product_cat-naipes-y-juegos-de-cartas","9":"product_tag-tarot","10":"product_tag-varios-autores","11":"tematica-tarot","13":"first","14":"outofstock","15":"sold-individually","16":"purchasable","17":"product-type-simple"},"acf":[],"_links":{"self":[{"href":"https:\/\/wham-vintage.com\/en\/wp-json\/wp\/v2\/product\/13267","targetHints":{"allow":["GET"]}}],"collection":[{"href":"https:\/\/wham-vintage.com\/en\/wp-json\/wp\/v2\/product"}],"about":[{"href":"https:\/\/wham-vintage.com\/en\/wp-json\/wp\/v2\/types\/product"}],"wp:featuredmedia":[{"embeddable":true,"href":"https:\/\/wham-vintage.com\/en\/wp-json\/wp\/v2\/media\/13268"}],"wp:attachment":[{"href":"https:\/\/wham-vintage.com\/en\/wp-json\/wp\/v2\/media?parent=13267"}],"wp:term":[{"taxonomy":"genero-musical","embeddable":true,"href":"https:\/\/wham-vintage.com\/en\/wp-json\/wp\/v2\/genero-musical?post=13267"},{"taxonomy":"product_brand","embeddable":true,"href":"https:\/\/wham-vintage.com\/en\/wp-json\/wp\/v2\/product_brand?post=13267"},{"taxonomy":"product_cat","embeddable":true,"href":"https:\/\/wham-vintage.com\/en\/wp-json\/wp\/v2\/product_cat?post=13267"},{"taxonomy":"product_tag","embeddable":true,"href":"https:\/\/wham-vintage.com\/en\/wp-json\/wp\/v2\/product_tag?post=13267"},{"taxonomy":"tematica","embeddable":true,"href":"https:\/\/wham-vintage.com\/en\/wp-json\/wp\/v2\/tematica?post=13267"}],"curies":[{"name":"wp","href":"https:\/\/api.w.org\/{rel}","templated":true}]}}