{"id":16597,"date":"2025-11-17T18:34:37","date_gmt":"2025-11-17T18:34:37","guid":{"rendered":"https:\/\/wham-vintage.com\/?post_type=product&#038;p=16597"},"modified":"2025-11-17T18:47:44","modified_gmt":"2025-11-17T18:47:44","slug":"radio-futura-disco-vinilo-lp-el-directo-de-radio-futura","status":"publish","type":"product","link":"https:\/\/wham-vintage.com\/en\/radio-futura-disco-vinilo-lp-el-directo-de-radio-futura\/","title":{"rendered":"RADIO FUTURA \u2013 Vinyl LP Record The Live Performance of Radio Futura"},"content":{"rendered":"<div class=\"blkIzq\"><img decoding=\"async\" class=\"caratula\" title=\"Radio futura_El directo.jpg\" src=\"https:\/\/www.discopunt.es\/img\/cover\/Radio futura_El directo.jpg\" alt=\"Radio futura_El directo.jpg\" \/><br \/>\nEl disco supone el quinto trabajo (los cuatro anteriores fueron \u00e1lbumes de estudio) de la banda y fue grabado los d\u00edas 28 y 29 de octubre de 1988 en el auditorio Arena, de Valencia.<\/p>\n<p>La formaci\u00f3n de la banda que act\u00faa en los conciertos se\u00f1alados es la formada por los hermanos Santiago (voz, guitarra) y Luis (bajo) Auser\u00f3n, junto a Enrique Sierra (guitarra solista), a los que se a\u00f1aden Javier Monforte a la guitarra, \u00d3scar Quesada a la bater\u00eda y Pedro Navarrete a los teclados.<\/p><\/div>\n<div class=\"blkDrc\">\n<h3>\u00b7 Content:<\/h3>\n<p>TO<\/p>\n<p>1 Escuela de Calor (En Directo)<br \/>\n2 Han Ca\u00eddo los Dos (En Directo)<br \/>\n3 A Cara o Cruz (En Directo)<\/p>\n<p>B<\/p>\n<p>1 En el Chino (En Directo)<br \/>\n2 Luna de Agosto (En Directo)<br \/>\n3 El Tonto Sim\u00f3n (En Directo)<\/p>\n<p>C<\/p>\n<p>1 No Tocarte (En Directo)<br \/>\n2 El Canto del Gallo (En Directo)<br \/>\n3 Semilla Negra (En Directo)<\/p>\n<p>D<br \/>\n1 Paseo Con la Negra Flor (En Directo)<br \/>\n2 La Estatua del Jard\u00edn Bot\u00e1nico (En Directo)<\/p><\/div>","protected":false},"excerpt":{"rendered":"<p>Un documento imprescindible del rock espa\u00f1ol en los 80. Radio Futura en estado puro, capturado en directo con toda su energ\u00eda y elegancia. Edici\u00f3n en vinilo para coleccionistas y amantes del sonido aut\u00e9ntico.<\/p>","protected":false},"featured_media":16598,"template":"","meta":{"_acf_changed":false,"_relevanssi_hide_post":"","_relevanssi_pin_for_all":"","_relevanssi_pin_keywords":"","_relevanssi_unpin_keywords":"","_relevanssi_related_keywords":"","_relevanssi_related_include_ids":"","_relevanssi_related_exclude_ids":"","_relevanssi_related_no_append":"","_relevanssi_related_not_related":"","_relevanssi_related_posts":"17435,32137,53162,40415,16036,15852","_relevanssi_noindex_reason":""},"genero-musical":[1552,1566,1677],"product_brand":[],"product_cat":[],"product_tag":[],"tematica":[],"class_list":{"0":"post-16597","1":"product","2":"type-product","3":"status-publish","4":"has-post-thumbnail","6":"genero-musical-2-lps-pop","7":"genero-musical-2-lps-pop-rock","8":"genero-musical-rock-espanol","10":"first","11":"onbackorder","12":"sale","13":"featured","14":"sold-individually","15":"purchasable","16":"product-type-simple"},"acf":[],"_links":{"self":[{"href":"https:\/\/wham-vintage.com\/en\/wp-json\/wp\/v2\/product\/16597","targetHints":{"allow":["GET"]}}],"collection":[{"href":"https:\/\/wham-vintage.com\/en\/wp-json\/wp\/v2\/product"}],"about":[{"href":"https:\/\/wham-vintage.com\/en\/wp-json\/wp\/v2\/types\/product"}],"wp:featuredmedia":[{"embeddable":true,"href":"https:\/\/wham-vintage.com\/en\/wp-json\/wp\/v2\/media\/16598"}],"wp:attachment":[{"href":"https:\/\/wham-vintage.com\/en\/wp-json\/wp\/v2\/media?parent=16597"}],"wp:term":[{"taxonomy":"genero-musical","embeddable":true,"href":"https:\/\/wham-vintage.com\/en\/wp-json\/wp\/v2\/genero-musical?post=16597"},{"taxonomy":"product_brand","embeddable":true,"href":"https:\/\/wham-vintage.com\/en\/wp-json\/wp\/v2\/product_brand?post=16597"},{"taxonomy":"product_cat","embeddable":true,"href":"https:\/\/wham-vintage.com\/en\/wp-json\/wp\/v2\/product_cat?post=16597"},{"taxonomy":"product_tag","embeddable":true,"href":"https:\/\/wham-vintage.com\/en\/wp-json\/wp\/v2\/product_tag?post=16597"},{"taxonomy":"tematica","embeddable":true,"href":"https:\/\/wham-vintage.com\/en\/wp-json\/wp\/v2\/tematica?post=16597"}],"curies":[{"name":"wp","href":"https:\/\/api.w.org\/{rel}","templated":true}]}}