{"id":17051,"date":"2025-11-21T12:10:44","date_gmt":"2025-11-21T12:10:44","guid":{"rendered":"https:\/\/wham-vintage.com\/?post_type=product&#038;p=17051"},"modified":"2026-03-15T16:49:01","modified_gmt":"2026-03-15T15:49:01","slug":"celtas-cortos-40-aniversario-recopilatorio-disco-lp-vinilo-doble-azul-y-amarillo","status":"publish","type":"product","link":"https:\/\/wham-vintage.com\/en\/celtas-cortos-40-aniversario-recopilatorio-disco-lp-vinilo-doble-azul-y-amarillo\/","title":{"rendered":"CELTAS CORTOS \u2013 40TH ANNIVERSARY COMPILATION DOUBLE BLUE AND YELLOW VINYL LP"},"content":{"rendered":"<p>Celtas Cortos cumplen 40 a\u00f1os y lo celebran como solo ellos saben: con m\u00fasica que atraviesa fronteras y une generaciones. Esta edici\u00f3n especial es un aut\u00e9ntico tesoro para coleccionistas y amantes de la cultura rebelde.<\/p>\n<p>\u2728 Contenido:<br \/>\n&#8211; Vinilo doble en colores azul y amarillo, con acabado vibrante que convierte cada escucha en un ritual visual y sonoro.<br \/>\n&#8211; Presentaci\u00f3n espectacular: portada conmemorativa, detalles cuidados y esp\u00edritu underground que conecta con la historia de la banda.<\/p>\n<p><iframe loading=\"lazy\" width=\"560\" height=\"315\" style=\"min-height:40vh;width:100%\" src=\"https:\/\/www.youtube.com\/embed\/5gwK3TedTVI?si=y0Uc1TcMJTpeJ9TJ\" title=\"YouTube video player\" frameborder=\"0\" allow=\"accelerometer; autoplay; clipboard-write; encrypted-media; gyroscope; picture-in-picture; web-share\" referrerpolicy=\"strict-origin-when-cross-origin\" allowfullscreen><\/iframe>&nbsp;<\/p>\n<p>\ud83c\udfb6 Por qu\u00e9 lo necesitas:<br \/>\n&#8211; Es el superventas que est\u00e1 arrasando entre coleccionistas y nuevos fans.<br \/>\n&#8211; Una pieza \u00fanica que celebra cuatro d\u00e9cadas de m\u00fasica, actitud y resistencia cultural.<br \/>\n&#8211; Perfecto para regalar o para elevar tu colecci\u00f3n con un cl\u00e1sico vivo.<\/p>\n<p>En Wham! Vintage lo tenemos listo para ti: aut\u00e9ntico, underground y con toda la energ\u00eda que merece un aniversario legendario. No lo dejes escapar, porque esta edici\u00f3n limitada es puro fuego cultural.<\/p>\n<h2>\ud83d\udcc0 Tracklist oficial<\/h2>\n<ol start=\"1\">\n<li>La senda del tiempo<\/li>\n<li>Qu\u00e9 voy a hacer yo<\/li>\n<li>Haz turismo<\/li>\n<li>El ritmo del mar<\/li>\n<li>Ya est\u00e1 bien<\/li>\n<li>Cu\u00e9ntame un cuento<\/li>\n<li>20 de abril<\/li>\n<li>Lluvia en soledad<\/li>\n<li>Madera de colleja<\/li>\n<li>Romance de Rosabella y Domingo<\/li>\n<li>Tranquilo majete<\/li>\n<li>No nos podr\u00e1n parar<\/li>\n<li>El emigrante<\/li>\n<li>Gente distinta<\/li>\n<li>Hay que volver<\/li>\n<li>Retales de una vida<\/li>\n<li>Un mill\u00f3n de motivos<\/li>\n<li>Blues del pescador<\/li>\n<li>Silencio<\/li>\n<li>Cu\u00e9ntame un cuento (con Ara Malikian)<\/li>\n<\/ol>","protected":false},"excerpt":{"rendered":"<p>\ud83d\udd25 Celtas Cortos \u2013 40 Aniversario \ud83d\udd25<br \/>\nEdici\u00f3n limitada en vinilo azul y amarillo en edici\u00f3n de lujo.<br \/>\nUna celebraci\u00f3n \u00e9pica de cuatro d\u00e9cadas de himnos que marcaron generaciones.<br \/>\nPresentaci\u00f3n espectacular, solo en Wham! Vintage.<\/p>","protected":false},"featured_media":17052,"template":"","meta":{"_acf_changed":false,"_relevanssi_hide_post":"","_relevanssi_pin_for_all":"","_relevanssi_pin_keywords":"","_relevanssi_unpin_keywords":"","_relevanssi_related_keywords":"","_relevanssi_related_include_ids":"","_relevanssi_related_exclude_ids":"","_relevanssi_related_no_append":"","_relevanssi_related_not_related":"","_relevanssi_related_posts":"17435,19958,15448,55332,40415,32560","_relevanssi_noindex_reason":""},"genero-musical":[1566,1553],"product_brand":[],"product_cat":[],"product_tag":[],"tematica":[],"class_list":{"0":"post-17051","1":"product","2":"type-product","3":"status-publish","4":"has-post-thumbnail","6":"genero-musical-2-lps-pop-rock","7":"genero-musical-lp-pop-rock","9":"first","10":"outofstock","11":"sale","12":"featured","13":"sold-individually","14":"purchasable","15":"product-type-simple"},"acf":[],"_links":{"self":[{"href":"https:\/\/wham-vintage.com\/en\/wp-json\/wp\/v2\/product\/17051","targetHints":{"allow":["GET"]}}],"collection":[{"href":"https:\/\/wham-vintage.com\/en\/wp-json\/wp\/v2\/product"}],"about":[{"href":"https:\/\/wham-vintage.com\/en\/wp-json\/wp\/v2\/types\/product"}],"wp:featuredmedia":[{"embeddable":true,"href":"https:\/\/wham-vintage.com\/en\/wp-json\/wp\/v2\/media\/17052"}],"wp:attachment":[{"href":"https:\/\/wham-vintage.com\/en\/wp-json\/wp\/v2\/media?parent=17051"}],"wp:term":[{"taxonomy":"genero-musical","embeddable":true,"href":"https:\/\/wham-vintage.com\/en\/wp-json\/wp\/v2\/genero-musical?post=17051"},{"taxonomy":"product_brand","embeddable":true,"href":"https:\/\/wham-vintage.com\/en\/wp-json\/wp\/v2\/product_brand?post=17051"},{"taxonomy":"product_cat","embeddable":true,"href":"https:\/\/wham-vintage.com\/en\/wp-json\/wp\/v2\/product_cat?post=17051"},{"taxonomy":"product_tag","embeddable":true,"href":"https:\/\/wham-vintage.com\/en\/wp-json\/wp\/v2\/product_tag?post=17051"},{"taxonomy":"tematica","embeddable":true,"href":"https:\/\/wham-vintage.com\/en\/wp-json\/wp\/v2\/tematica?post=17051"}],"curies":[{"name":"wp","href":"https:\/\/api.w.org\/{rel}","templated":true}]}}