{"id":17188,"date":"2025-11-22T18:51:34","date_gmt":"2025-11-22T18:51:34","guid":{"rendered":"https:\/\/wham-vintage.com\/?post_type=product&#038;p=17188"},"modified":"2026-02-10T01:54:55","modified_gmt":"2026-02-10T00:54:55","slug":"cher-forever-lp-vinyl-record-transparent-color-and-silver-cover-as-it-deserves","status":"publish","type":"product","link":"https:\/\/wham-vintage.com\/en\/cher-forever-lp-vinyl-record-transparent-color-and-silver-cover-as-it-deserves\/","title":{"rendered":"Cher \u2013 FOREVER LP Vinyl Record, Clear Color and SILVER Cover, Just as it Deserves"},"content":{"rendered":"<div class=\"blkIzq\"><img decoding=\"async\" class=\"caratula\" title=\"cher_forever silver cover LP transparent color.jpg\" src=\"https:\/\/www.discopunt.es\/img\/cover\/cher_forever portada plateada lp color transparente.jpg\" alt=\"cher_forever silver cover LP transparent color.jpg\" \/><\/div>\n<div>Mirtamiramira oh my god, this is definitely one to have\u2026.<\/div>\n<p><iframe loading=\"lazy\" style=\"width: 100%; min-height: 40vh;\" title=\"YouTube video player\" src=\"https:\/\/www.youtube.com\/embed\/bEvwzIKWbOk?si=EmnoT-2vI0_Iu-Hz\" width=\"560\" height=\"315\" frameborder=\"0\" allowfullscreen=\"allowfullscreen\"><\/iframe><\/p>\n<h3>\u00b7 Content:<\/h3>\n<p>LP 1<\/p>\n<p>1. Believe<br \/>\n2. If I Could Turn Back Time<br \/>\n3. Walking In Memphis<br \/>\n4. Song For the Lonely<br \/>\n5. Strong Enough<br \/>\n6. The Shoop Shoop Song (It&#039;s In His Kiss)<br \/>\n7. You are<br \/>\n8. I Found Someone<br \/>\n9. Save Up All Your Tears<br \/>\n10. One By One<\/p>\n<p>LP 2<\/p>\n<p>1. After All (Love Theme From Chances Are)<br \/>\n2. Heart of Stone<br \/>\n3. The Way of Love<br \/>\n4. I Hope You Find It<br \/>\n5. Take Me Home<br \/>\n6. Gimme! Gimme! Gimme! (A Man After Midnight)<br \/>\n7. Woman&#039;s World<br \/>\n8. Gypsys, Tramps &amp; Thieves<br \/>\n9. Dark Lady<br \/>\n10. You Haven&#039;t Seen the Last of Me<br \/>\n11. DJ Play a Christmas Song<\/p>","protected":false},"excerpt":{"rendered":"<p>Forever&#8217; recopila la impresionante carrera de Cher en un \u00e1lbum doble impresionante.<\/p>\n<p>Esta es su primera compilaci\u00f3n en muchos a\u00f1os y contiene 21 canciones remasterizadas, entre las que no pod\u00edan faltar los \u00e9xitos &#8216;Believe&#8217;, &#8216;If I Could Turn Back Time&#8217;, &#8216;The Shoop Shoop Song&#8217; o &#8216;Strong Enough&#8217;. Haciendo honor al t\u00edtulo del disco, algunas cosas son temporales pero Cher es para siempre.<\/p>\n<p>Edici\u00f3n en vinilo transparente, con portada plateada.<\/p>","protected":false},"featured_media":17189,"template":"","meta":{"_acf_changed":false,"_relevanssi_hide_post":"","_relevanssi_pin_for_all":"","_relevanssi_pin_keywords":"","_relevanssi_unpin_keywords":"","_relevanssi_related_keywords":"","_relevanssi_related_include_ids":"0","_relevanssi_related_exclude_ids":"","_relevanssi_related_no_append":"","_relevanssi_related_not_related":"","_relevanssi_related_posts":"17435,40415,32137,22626,15873,20074","_relevanssi_noindex_reason":""},"genero-musical":[1569,1552,1566,1816],"product_brand":[],"product_cat":[],"product_tag":[],"tematica":[],"class_list":{"0":"post-17188","1":"product","2":"type-product","3":"status-publish","4":"has-post-thumbnail","6":"genero-musical-2-lps","7":"genero-musical-2-lps-pop","8":"genero-musical-2-lps-pop-rock","9":"genero-musical-las-mas-grandes-voces-en-vinilo","11":"first","12":"onbackorder","13":"sale","14":"featured","15":"sold-individually","16":"taxable","17":"shipping-taxable","18":"purchasable","19":"product-type-simple"},"acf":[],"_links":{"self":[{"href":"https:\/\/wham-vintage.com\/en\/wp-json\/wp\/v2\/product\/17188","targetHints":{"allow":["GET"]}}],"collection":[{"href":"https:\/\/wham-vintage.com\/en\/wp-json\/wp\/v2\/product"}],"about":[{"href":"https:\/\/wham-vintage.com\/en\/wp-json\/wp\/v2\/types\/product"}],"wp:featuredmedia":[{"embeddable":true,"href":"https:\/\/wham-vintage.com\/en\/wp-json\/wp\/v2\/media\/17189"}],"wp:attachment":[{"href":"https:\/\/wham-vintage.com\/en\/wp-json\/wp\/v2\/media?parent=17188"}],"wp:term":[{"taxonomy":"genero-musical","embeddable":true,"href":"https:\/\/wham-vintage.com\/en\/wp-json\/wp\/v2\/genero-musical?post=17188"},{"taxonomy":"product_brand","embeddable":true,"href":"https:\/\/wham-vintage.com\/en\/wp-json\/wp\/v2\/product_brand?post=17188"},{"taxonomy":"product_cat","embeddable":true,"href":"https:\/\/wham-vintage.com\/en\/wp-json\/wp\/v2\/product_cat?post=17188"},{"taxonomy":"product_tag","embeddable":true,"href":"https:\/\/wham-vintage.com\/en\/wp-json\/wp\/v2\/product_tag?post=17188"},{"taxonomy":"tematica","embeddable":true,"href":"https:\/\/wham-vintage.com\/en\/wp-json\/wp\/v2\/tematica?post=17188"}],"curies":[{"name":"wp","href":"https:\/\/api.w.org\/{rel}","templated":true}]}}