{"id":17190,"date":"2025-11-22T19:13:25","date_gmt":"2025-11-22T19:13:25","guid":{"rendered":"https:\/\/wham-vintage.com\/?post_type=product&#038;p=17190"},"modified":"2025-11-28T18:28:31","modified_gmt":"2025-11-28T18:28:31","slug":"ozzy-osbourne-diary-of-a-madman-reissue-lp-vinyl-record-33-turns-offer","status":"publish","type":"product","link":"https:\/\/wham-vintage.com\/en\/ozzy-osbourne-diary-of-a-madman-reissue-lp-vinyl-record-33-turns-offer\/","title":{"rendered":"OZZY OSBOURNE \u2013 Diary of a Madman Reissue LP Vinyl 33 Turns OFFER"},"content":{"rendered":"<p>Ozzy Osbourne&#039;s second solo album, released in 1981, returns in this essential reissue.<br \/>\n\u201cDiary of a Madman\u201d is pure heavy metal history: Randy Rhoads\u2019 incendiary riffs, Ozzy\u2019s unmistakable voice, and a collection of anthems that marked generations.<\/p>\n<p>\u2728 Features:<br \/>\n\u2013 High quality 180 gram vinyl (Legacy \/ Epic).<br \/>\n\u2013 Limited editions in color (red &amp; black swirl).<br \/>\n\u2013 Remastered sound for a brutal experience.<br \/>\n\u2013 Tracklist with classics like \u201cOver the Mountain\u201d, \u201cFlying High Again\u201d and \u201cDiary of a Madman\u201d.<\/p>\n<p>A must-have album for your collection. Available at Wham! Vintage: authentic, underground, and legendary. Pure Ozzy on vinyl.<\/p>","protected":false},"excerpt":{"rendered":"<p>Ozzy Osbourne \u2013 Diary of a Madman (LP Reissue)<br \/>\nVinilo 180g \/ edici\u00f3n limitada. El cl\u00e1sico de 1981 con sonido remasterizado y presentaci\u00f3n de lujo. OFERTA<\/p>","protected":false},"featured_media":17191,"template":"","meta":{"_acf_changed":false,"_relevanssi_hide_post":"","_relevanssi_pin_for_all":"","_relevanssi_pin_keywords":"","_relevanssi_unpin_keywords":"","_relevanssi_related_keywords":"","_relevanssi_related_include_ids":"","_relevanssi_related_exclude_ids":"","_relevanssi_related_no_append":"","_relevanssi_related_not_related":"","_relevanssi_related_posts":"55774,38843,53610,39219,15457,17577","_relevanssi_noindex_reason":""},"genero-musical":[1723,1731,1656],"product_brand":[],"product_cat":[],"product_tag":[],"tematica":[],"class_list":{"0":"post-17190","1":"product","2":"type-product","3":"status-publish","4":"has-post-thumbnail","6":"genero-musical-epic-metal","7":"genero-musical-gotico","8":"genero-musical-thrash-metal","10":"first","11":"onbackorder","12":"sale","13":"sold-individually","14":"taxable","15":"shipping-taxable","16":"purchasable","17":"product-type-simple"},"acf":[],"_links":{"self":[{"href":"https:\/\/wham-vintage.com\/en\/wp-json\/wp\/v2\/product\/17190","targetHints":{"allow":["GET"]}}],"collection":[{"href":"https:\/\/wham-vintage.com\/en\/wp-json\/wp\/v2\/product"}],"about":[{"href":"https:\/\/wham-vintage.com\/en\/wp-json\/wp\/v2\/types\/product"}],"wp:featuredmedia":[{"embeddable":true,"href":"https:\/\/wham-vintage.com\/en\/wp-json\/wp\/v2\/media\/17191"}],"wp:attachment":[{"href":"https:\/\/wham-vintage.com\/en\/wp-json\/wp\/v2\/media?parent=17190"}],"wp:term":[{"taxonomy":"genero-musical","embeddable":true,"href":"https:\/\/wham-vintage.com\/en\/wp-json\/wp\/v2\/genero-musical?post=17190"},{"taxonomy":"product_brand","embeddable":true,"href":"https:\/\/wham-vintage.com\/en\/wp-json\/wp\/v2\/product_brand?post=17190"},{"taxonomy":"product_cat","embeddable":true,"href":"https:\/\/wham-vintage.com\/en\/wp-json\/wp\/v2\/product_cat?post=17190"},{"taxonomy":"product_tag","embeddable":true,"href":"https:\/\/wham-vintage.com\/en\/wp-json\/wp\/v2\/product_tag?post=17190"},{"taxonomy":"tematica","embeddable":true,"href":"https:\/\/wham-vintage.com\/en\/wp-json\/wp\/v2\/tematica?post=17190"}],"curies":[{"name":"wp","href":"https:\/\/api.w.org\/{rel}","templated":true}]}}