{"id":19243,"date":"2025-12-06T20:34:28","date_gmt":"2025-12-06T19:34:28","guid":{"rendered":"https:\/\/wham-vintage.com\/nacidos-de-la-bruma-5-mistborn-sombras-de-identidad-sandersonbrandon\/"},"modified":"2025-12-07T17:54:22","modified_gmt":"2025-12-07T16:54:22","slug":"nacidos-de-la-bruma-5-mistborn-sombras-de-identidad-sandersonbrandon","status":"publish","type":"product","link":"https:\/\/wham-vintage.com\/en\/nacidos-de-la-bruma-5-mistborn-sombras-de-identidad-sandersonbrandon\/","title":{"rendered":"MISTBORN 5 SHADOWS OF IDENTITY \u2013 SANDERSON, BRANDON"},"content":{"rendered":"<p><em>Nacidos de la Bruma 5: Sombras de Identidad<\/em> nos lleva de nuevo al vibrante universo de Mistborn, en plena <strong>Era 2 de Scadrial<\/strong>, donde la sociedad ha evolucionado en una mezcla explosiva de <strong>magia y tecnolog\u00eda<\/strong>. La econom\u00eda florece, la democracia lucha contra la corrupci\u00f3n y las religiones compiten por influencia, mientras una nueva amenaza se cierne sobre Elendel.<\/p>\n<p>Waxillium Ladrian, acompa\u00f1ado de su inseparable Wayne y la brillante Marasi, deber\u00e1 enfrentarse a una conspiraci\u00f3n oscura: una <strong>kandra rebelde<\/strong> que ha perdido el juicio y desaf\u00eda al mism\u00edsimo dios Armon\u00eda <a href=\"https:\/\/www.casadellibro.com\/libro-sombras-de-identidad-saga-nacidos-de-la-bruma-5\/9788466658850\/3082063\">Casa del Libro<\/a> <a href=\"https:\/\/www.lecturalia.com\/libro\/98441\/sombras-de-identidad\">Lecturalia<\/a> <a href=\"https:\/\/loslibrosdelbuho.es\/sombras-de-identidad-de-brandon-sanderson\/\">loslibrosdelbuho.es<\/a>. Entre intrigas pol\u00edticas, cr\u00edmenes dise\u00f1ados para sembrar el caos y tensiones religiosas que amenazan con incendiar la ciudad, Sanderson construye un relato lleno de acci\u00f3n, giros inesperados y personajes inolvidables.<\/p>\n<p>Este quinto volumen de la saga Mistborn confirma por qu\u00e9 Brandon Sanderson es considerado uno de los grandes maestros de la fantas\u00eda contempor\u00e1nea. Con m\u00e1s de <strong>10 millones de ejemplares vendidos en todo el mundo<\/strong>, su estilo combina ritmo trepidante, mundos complejos y una imaginaci\u00f3n desbordante <a href=\"https:\/\/www.casadellibro.com\/libro-sombras-de-identidad-saga-nacidos-de-la-bruma-5\/9788466658850\/3082063\">Casa del Libro<\/a>.<\/p>\n<p>Ideal para quienes buscan una lectura que mezcle <strong>aventura, misterio y reflexi\u00f3n social<\/strong>, <em>Sombras de Identidad<\/em> es una pieza imprescindible tanto para coleccionistas como para nuevos lectores que quieran sumergirse en el <strong>Cosmere<\/strong>, el vasto universo literario de Sanderson <a href=\"https:\/\/www.lecturalia.com\/libro\/98441\/sombras-de-identidad\">Lecturalia<\/a>.<\/p>","protected":false},"excerpt":{"rendered":"<p>Un thriller fant\u00e1stico de Brandon Sanderson donde magia, pol\u00edtica y misterio se entrelazan en Scadrial.<\/p>","protected":false},"featured_media":19245,"template":"","meta":{"_acf_changed":false,"_relevanssi_hide_post":"","_relevanssi_pin_for_all":"","_relevanssi_pin_keywords":"","_relevanssi_unpin_keywords":"","_relevanssi_related_keywords":"","_relevanssi_related_include_ids":"","_relevanssi_related_exclude_ids":"","_relevanssi_related_no_append":"","_relevanssi_related_not_related":"","_relevanssi_related_posts":"37581,37629,40712,40740,37661,37565","_relevanssi_noindex_reason":""},"genero-musical":[],"product_brand":[],"product_cat":[],"product_tag":[],"tematica":[2398,2377,2510,2420,2419,2306],"class_list":{"0":"post-19243","1":"product","2":"type-product","3":"status-publish","4":"has-post-thumbnail","6":"tematica-ciencia-ficcion-infantil-juvenil","7":"tematica-ciencia-ficcion-infantil-juvenil-fantasia-y-realismo-magico-infantil-juvenil","8":"tematica-ciencia-ficcion-infantil-juvenil-historias-reales-infantil-juvenil","9":"tematica-ciencia-ficcion-ciencia-ficcion-clasica-sagas","10":"tematica-ciencia-ficcion-cultura-popular-mundos-virtuales","11":"tematica-ciencia-ficcion-fantasia","13":"first","14":"onbackorder","15":"sold-individually","16":"taxable","17":"shipping-taxable","18":"purchasable","19":"product-type-simple"},"acf":[],"_links":{"self":[{"href":"https:\/\/wham-vintage.com\/en\/wp-json\/wp\/v2\/product\/19243","targetHints":{"allow":["GET"]}}],"collection":[{"href":"https:\/\/wham-vintage.com\/en\/wp-json\/wp\/v2\/product"}],"about":[{"href":"https:\/\/wham-vintage.com\/en\/wp-json\/wp\/v2\/types\/product"}],"wp:featuredmedia":[{"embeddable":true,"href":"https:\/\/wham-vintage.com\/en\/wp-json\/wp\/v2\/media\/19245"}],"wp:attachment":[{"href":"https:\/\/wham-vintage.com\/en\/wp-json\/wp\/v2\/media?parent=19243"}],"wp:term":[{"taxonomy":"genero-musical","embeddable":true,"href":"https:\/\/wham-vintage.com\/en\/wp-json\/wp\/v2\/genero-musical?post=19243"},{"taxonomy":"product_brand","embeddable":true,"href":"https:\/\/wham-vintage.com\/en\/wp-json\/wp\/v2\/product_brand?post=19243"},{"taxonomy":"product_cat","embeddable":true,"href":"https:\/\/wham-vintage.com\/en\/wp-json\/wp\/v2\/product_cat?post=19243"},{"taxonomy":"product_tag","embeddable":true,"href":"https:\/\/wham-vintage.com\/en\/wp-json\/wp\/v2\/product_tag?post=19243"},{"taxonomy":"tematica","embeddable":true,"href":"https:\/\/wham-vintage.com\/en\/wp-json\/wp\/v2\/tematica?post=19243"}],"curies":[{"name":"wp","href":"https:\/\/api.w.org\/{rel}","templated":true}]}}