{"id":19921,"date":"2025-12-09T20:07:24","date_gmt":"2025-12-09T19:07:24","guid":{"rendered":"https:\/\/wham-vintage.com\/?post_type=product&#038;p=19921"},"modified":"2025-12-09T20:24:57","modified_gmt":"2025-12-09T19:24:57","slug":"karol-g-tropicoqueta-disco-de-vinlo-doble-2lp-color","status":"publish","type":"product","link":"https:\/\/wham-vintage.com\/en\/karol-g-tropicoqueta-disco-de-vinlo-doble-2lp-color\/","title":{"rendered":"Karol G \u2013 Tropicoqueta Double 2LP Vinyl Record Color"},"content":{"rendered":"<div class=\"blkDrc\">\n<div><\/div>\n<div class=\"blkIzq\"><img decoding=\"async\" class=\"caratula\" title=\"karol g_tropicoqueta 2lp color azul tropical.jpg\" src=\"https:\/\/www.discopunt.es\/img\/cover\/karol g_tropicoqueta 2lp color azul tropical.jpg\" alt=\"karol g_tropicoqueta 2lp color azul tropical.jpg\" \/><\/div>\n<div class=\"blkDrc\"><iframe loading=\"lazy\" title=\"YouTube video player\" src=\"https:\/\/www.youtube.com\/embed\/YcBUfrOguRQ?si=QtrLAEerL-xbajWO\" width=\"560\" height=\"315\" frameborder=\"0\" allowfullscreen=\"allowfullscreen\"><\/iframe><\/div>\n<div><\/div>\n<div class=\"blkDrc\">\n<p>Esta producci\u00f3n es un homenaje a los sonidos que la han moldeado. El resultado es una carta de amor a su comunidad latina. Profundamente personal, TROPICOQUETA es el \u00e1lbum que KAROL G siempre so\u00f1\u00f3 hacer.<\/p>\n<\/div>\n<div class=\"blkDrc\">\n<h3>\u00b7 Content:<\/h3>\n<p>LP1 &#8211; Cara A<br \/>\n1. La Reina Presenta<br \/>\n2. Ivonny Bonita<br \/>\n3. Papasito<br \/>\n4. LATINA FOREVA<br \/>\n5. Dile Luna x Eddy Lover<br \/>\n6.Cuando Me Muera Te Olvido<\/p>\n<p>LP1 &#8211; Cara B<br \/>\n1. Coleccionando Heridas x Marco Antonio Sol\u00eds<br \/>\n2. Un Gatito Me Llam\u00f3<br \/>\n3. Amiga M\u00eda x Greeicy<br \/>\n4. Bandida Entrenada<\/p>\n<p>LP2 &#8211; Cara C<br \/>\n1. Ese Hombre Es Malo<br \/>\n2. A Su Boca La Amo (Interlude)<br \/>\n3. Canci\u00f3n 13<br \/>\n4. No Puedo Vivir Sin \u00c9l<br \/>\n5. Tu Perfume<\/p>\n<p>LP &#8211; Cara D<br \/>\n1. FKN Movie x Mariah Angeliq<br \/>\n2. Se Puso Linda<br \/>\n3. Viajando Por El Mundo x Manu Chao<br \/>\n4. Si Antes Te Hubiera Conocido<br \/>\n5. Tropicoqueta<\/p>\n<\/div>\n<div><\/div>\n<\/div>","protected":false},"excerpt":{"rendered":"<p>Si le preguntaras a KAROL G: &#8220;\u00bfC\u00f3mo sonar\u00eda el \u00e1lbum que mejor representa a tu comunidad latina?&#8221;, responder\u00eda con su quinto \u00e1lbum de estudio, TROPICOQUETA.<\/p>","protected":false},"featured_media":19922,"template":"","meta":{"_acf_changed":false,"_relevanssi_hide_post":"","_relevanssi_pin_for_all":"","_relevanssi_pin_keywords":"","_relevanssi_unpin_keywords":"","_relevanssi_related_keywords":"","_relevanssi_related_include_ids":"","_relevanssi_related_exclude_ids":"","_relevanssi_related_no_append":"","_relevanssi_related_not_related":"","_relevanssi_related_posts":"17435,19939,20074,39218,15873,32560","_relevanssi_noindex_reason":""},"genero-musical":[1569,1552,1566,1753,1818,1708,1819,1549,1706,1675],"product_brand":[],"product_cat":[],"product_tag":[],"tematica":[],"class_list":{"0":"post-19921","1":"product","2":"type-product","3":"status-publish","4":"has-post-thumbnail","6":"genero-musical-2-lps","7":"genero-musical-2-lps-pop","8":"genero-musical-2-lps-pop-rock","9":"genero-musical-autotune","10":"genero-musical-bachata","11":"genero-musical-latino","12":"genero-musical-latino-fusion","13":"genero-musical-lp-pop","14":"genero-musical-salsa","15":"genero-musical-trap","17":"first","18":"onbackorder","19":"sale","20":"featured","21":"sold-individually","22":"purchasable","23":"product-type-simple"},"acf":[],"_links":{"self":[{"href":"https:\/\/wham-vintage.com\/en\/wp-json\/wp\/v2\/product\/19921","targetHints":{"allow":["GET"]}}],"collection":[{"href":"https:\/\/wham-vintage.com\/en\/wp-json\/wp\/v2\/product"}],"about":[{"href":"https:\/\/wham-vintage.com\/en\/wp-json\/wp\/v2\/types\/product"}],"wp:featuredmedia":[{"embeddable":true,"href":"https:\/\/wham-vintage.com\/en\/wp-json\/wp\/v2\/media\/19922"}],"wp:attachment":[{"href":"https:\/\/wham-vintage.com\/en\/wp-json\/wp\/v2\/media?parent=19921"}],"wp:term":[{"taxonomy":"genero-musical","embeddable":true,"href":"https:\/\/wham-vintage.com\/en\/wp-json\/wp\/v2\/genero-musical?post=19921"},{"taxonomy":"product_brand","embeddable":true,"href":"https:\/\/wham-vintage.com\/en\/wp-json\/wp\/v2\/product_brand?post=19921"},{"taxonomy":"product_cat","embeddable":true,"href":"https:\/\/wham-vintage.com\/en\/wp-json\/wp\/v2\/product_cat?post=19921"},{"taxonomy":"product_tag","embeddable":true,"href":"https:\/\/wham-vintage.com\/en\/wp-json\/wp\/v2\/product_tag?post=19921"},{"taxonomy":"tematica","embeddable":true,"href":"https:\/\/wham-vintage.com\/en\/wp-json\/wp\/v2\/tematica?post=19921"}],"curies":[{"name":"wp","href":"https:\/\/api.w.org\/{rel}","templated":true}]}}