{"id":20243,"date":"2025-12-17T09:27:22","date_gmt":"2025-12-17T08:27:22","guid":{"rendered":"https:\/\/wham-vintage.com\/?post_type=product&#038;p=20243"},"modified":"2025-12-17T09:53:36","modified_gmt":"2025-12-17T08:53:36","slug":"los-planetas-una-opera-egipcia-disco-de-vinilo-doble-2lp","status":"publish","type":"product","link":"https:\/\/wham-vintage.com\/en\/los-planetas-una-opera-egipcia-disco-de-vinilo-doble-2lp\/","title":{"rendered":"THE PLANETS \u2013 An Egyptian Opera \u2013 Double 2LP Vinyl Record"},"content":{"rendered":"<div class=\"blkIzq\"><img decoding=\"async\" class=\"caratula\" title=\"Planetas _Una opera egipcia.jpg\" src=\"https:\/\/www.discopunt.es\/img\/cover\/Planetas _Una opera egipcia.jpg\" alt=\"Planetas _Una opera egipcia.jpg\" \/><\/div>\n<div class=\"blkDrc\">\n<p>Seg\u00fan la nota promocional, el t\u00edtulo Una \u00f3pera egipcia es una expresi\u00f3n que utilizaban los gitanos para referirse a &#8220;las obras maestras que agotan los superlativos, aquellas cuyo origen parece sobrenatural.<\/p>\n<p>J (l\u00edder del grupo) la escuch\u00f3 referida a La Ni\u00f1a de los Peines, pero la expresi\u00f3n tiene casi 140 a\u00f1os y fue acu\u00f1ada a ra\u00edz de que a Verdi le encargasen una \u00f3pera para la inauguraci\u00f3n del Canal de Suez&#8221;.<\/p>\n<p>El disco fue presentado por el guitarrista Florent Mu\u00f1oz y el bater\u00eda Eric Jim\u00e9nez en la sala de Madrid La V\u00eda L\u00e1ctea el 4 de febrero de 2010.<\/p>\n<p>En las listas de mejores discos de 2010 alcanz\u00f3 el segundo puesto para los redactores de la revista Rockdelux, el tercero para los de Rolling Stone y el d\u00e9cimo para los de Mondosonoro.<\/p>\n<p>El disco recibi\u00f3 el galard\u00f3n al mejor disco nacional de rock alternativo de 2010, en los Premios de la M\u00fasica organizados por la Academia de las Artes y las Ciencias de la M\u00fasica.<\/p>\n<p>Fue votado como s\u00e9ptimo mejor disco nacional de la d\u00e9cada 2010-2019 por los cr\u00edticos de la revista Rockdelux en su n\u00famero 388, &#8220;Especial 35 aniversario: Resumen de la d\u00e9cada 2010-2019&#8221;.<\/p>\n<p>El disco cuenta con la participaci\u00f3n de La Bien Querida en las canciones \u201cNo s\u00e9 c\u00f3mo te atreves\u201d y \u201cLa veleta\u201d, Antonio Arias (vocalista de Lagartija Nick) bajo en \u201cSiete faroles\u201dy Enrique Morente voz en La Pastora Divina.<\/p>\n<\/div>\n<div class=\"blkDrc\">\n<h3>\u00b7 Content:<\/h3>\n<p>LP 1<\/p>\n<p>TO<\/p>\n<p>1 &#8211; La Llave De Oro &#8211; 4:11<br \/>\n2 &#8211; Una Corona De Estrellas &#8211; 3:34<br \/>\n3 &#8211; Soy Un Pobre Grana\u00edno &#8211; 3:39<br \/>\n4 &#8211; Siete Faroles &#8211; 3:14<\/p>\n<p>B<\/p>\n<p>1 &#8211; No S\u00e9 C\u00f3mo Te Atreves &#8211; 5:46<br \/>\n2 &#8211; Se\u00f1ora De Las Alturas &#8211; 4:55<br \/>\n3 &#8211; La Veleta &#8211; 4:31<\/p>\n<p>LP 2<\/p>\n<p>C<\/p>\n<p>1 &#8211; Romance De Juan De Osuna &#8211; 4:37<br \/>\n2 &#8211; Atravesando Los Montes &#8211; 3:42<br \/>\n3 &#8211; Virgen De La Soledad &#8211; 5:05<br \/>\n4 &#8211; La Pastora Divina &#8211; 5:31<\/p>\n<p>D<\/p>\n<p>1 &#8211; Los Poetas &#8211; 9:47<br \/>\n2 &#8211; Que Me Van Aniquilando &#8211; 4:11<br \/>\n3 &#8211; Si Te Quisieras Venir &#8211; 3:25<\/p>\n<\/div>","protected":false},"excerpt":{"rendered":"<p>Una \u00f3pera egipcia es el t\u00edtulo del octavo \u00e1lbum del grupo granadino Los Planetas.\u00a0 El disco alcanz\u00f3 el puesto n\u00famero 2 en la lista de discos m\u00e1s vendidos en la primera semana de su edici\u00f3n, puesto m\u00e1s alto logrado por un \u00e1lbum de Los Planetas.<\/p>","protected":false},"featured_media":20248,"template":"","meta":{"_acf_changed":false,"_relevanssi_hide_post":"","_relevanssi_pin_for_all":"","_relevanssi_pin_keywords":"","_relevanssi_unpin_keywords":"","_relevanssi_related_keywords":"","_relevanssi_related_include_ids":"","_relevanssi_related_exclude_ids":"","_relevanssi_related_no_append":"","_relevanssi_related_not_related":"","_relevanssi_related_posts":"20250,20252,32135,19939,17435,17341","_relevanssi_noindex_reason":""},"genero-musical":[1569,1563],"product_brand":[],"product_cat":[],"product_tag":[],"tematica":[],"class_list":{"0":"post-20243","1":"product","2":"type-product","3":"status-publish","4":"has-post-thumbnail","6":"genero-musical-2-lps","7":"genero-musical-2-lps-indie-rock","9":"first","10":"onbackorder","11":"sale","12":"featured","13":"sold-individually","14":"purchasable","15":"product-type-simple"},"acf":[],"_links":{"self":[{"href":"https:\/\/wham-vintage.com\/en\/wp-json\/wp\/v2\/product\/20243","targetHints":{"allow":["GET"]}}],"collection":[{"href":"https:\/\/wham-vintage.com\/en\/wp-json\/wp\/v2\/product"}],"about":[{"href":"https:\/\/wham-vintage.com\/en\/wp-json\/wp\/v2\/types\/product"}],"wp:featuredmedia":[{"embeddable":true,"href":"https:\/\/wham-vintage.com\/en\/wp-json\/wp\/v2\/media\/20248"}],"wp:attachment":[{"href":"https:\/\/wham-vintage.com\/en\/wp-json\/wp\/v2\/media?parent=20243"}],"wp:term":[{"taxonomy":"genero-musical","embeddable":true,"href":"https:\/\/wham-vintage.com\/en\/wp-json\/wp\/v2\/genero-musical?post=20243"},{"taxonomy":"product_brand","embeddable":true,"href":"https:\/\/wham-vintage.com\/en\/wp-json\/wp\/v2\/product_brand?post=20243"},{"taxonomy":"product_cat","embeddable":true,"href":"https:\/\/wham-vintage.com\/en\/wp-json\/wp\/v2\/product_cat?post=20243"},{"taxonomy":"product_tag","embeddable":true,"href":"https:\/\/wham-vintage.com\/en\/wp-json\/wp\/v2\/product_tag?post=20243"},{"taxonomy":"tematica","embeddable":true,"href":"https:\/\/wham-vintage.com\/en\/wp-json\/wp\/v2\/tematica?post=20243"}],"curies":[{"name":"wp","href":"https:\/\/api.w.org\/{rel}","templated":true}]}}