{"id":20252,"date":"2025-12-17T09:59:10","date_gmt":"2025-12-17T08:59:10","guid":{"rendered":"https:\/\/wham-vintage.com\/?post_type=product&#038;p=20252"},"modified":"2025-12-17T10:07:09","modified_gmt":"2025-12-17T09:07:09","slug":"los-planetas-contra-la-ley-de-la-gravedad-disco-vinilo-doble-2lp","status":"publish","type":"product","link":"https:\/\/wham-vintage.com\/en\/los-planetas-contra-la-ley-de-la-gravedad-disco-vinilo-doble-2lp\/","title":{"rendered":"THE PLANETS \u2013 Against the Law of Gravity \u2013 Double 2LP Vinyl Record"},"content":{"rendered":"<div class=\"blkIzq\"><img decoding=\"async\" class=\"caratula\" title=\"Planetas-los_Contra la ley de la gravedad.jpg\" src=\"https:\/\/www.discopunt.es\/img\/cover\/Planetas-los_Contra la ley de la gravedad.jpg\" alt=\"Planetas-los_Contra la ley de la gravedad.jpg\" \/><\/div>\n<div class=\"blkDrc\">\n<p>El disco se abre con un hammond que recuerda inmediatamente a la psicodelia de finales de los sesenta que tanto gusta a los granadinos y que sirve para introducir El golpe de gracia.<\/p>\n<p>Llega despu\u00e9s Devu\u00e9lveme la pasta, uno de los temas m\u00e1s t\u00edpicos de la banda y de los mejores del \u00e1lbum.<\/p>\n<p>Y adem\u00e1s es imposible cuenta con una de las mejores letras del disco y la colaboraci\u00f3n de Irantzu de La Buena Vida, que aparece para contestarle a J donde se encuentra \u201cel trozo de tu coraz\u00f3n que no puedo tener\u201d.<\/p>\n<p>Encontramos en el \u00e1lbum dos temas que ya eran conocidos.<br \/>\nExperimentos con gaseosa fue incluida en Los Planetas se disuelven.<br \/>\nSin embargo, es una versi\u00f3n ligeramente diferente ya que dura casi un minuto m\u00e1s.<br \/>\nDe lo m\u00e1s delicioso y reposado del disco.<\/p>\n<p>Otra de las \u201cno in\u00e9ditas\u201d es Podr\u00eda volver, que ya aparec\u00eda en el homenaje a Bambino y que sirve para cerrar el \u00e1lbum con su sorprendente aire flamenco y con una amenaza que esperemos cumplan.<\/p>\n<p>Dos son tambi\u00e9n los instrumentales que contiene este nuevo trabajo: 124 y Cumplimentando compromisos contractuales.<\/p>\n<p>Sale el sol, sorprendente tema de amor construido alrededor de una alegre melod\u00eda, y Deberes y privilegios, que cuenta con unos acertados arreglos de viento y una letra, de nuevo, m\u00e1s que interesante.<\/p>\n<p>Alcanz\u00f3 el puesto n\u00famero 3 en la lista de ventas espa\u00f1ola.<\/p><\/div>","protected":false},"excerpt":{"rendered":"<p>Los Planetas contra la ley de la gravedad es el sexto \u00e1lbum de estudio de la banda granadina de rock Los Planetas. Editado el 26 de julio de 2004. El \u00e1lbum consta de doce canciones, dos de las cuales son instrumentales.<\/p>","protected":false},"featured_media":20253,"template":"","meta":{"_acf_changed":false,"_relevanssi_hide_post":"","_relevanssi_pin_for_all":"","_relevanssi_pin_keywords":"","_relevanssi_unpin_keywords":"","_relevanssi_related_keywords":"","_relevanssi_related_include_ids":"","_relevanssi_related_exclude_ids":"","_relevanssi_related_no_append":"","_relevanssi_related_not_related":"","_relevanssi_related_posts":"17435,20250,20242,19939,32135,53162","_relevanssi_noindex_reason":""},"genero-musical":[1562,1563,1566,1812,1699,2678,1558,1553,2797,1664,1677],"product_brand":[],"product_cat":[],"product_tag":[],"tematica":[],"class_list":{"0":"post-20252","1":"product","2":"type-product","3":"status-publish","4":"has-post-thumbnail","6":"genero-musical-2-lps-flamenco","7":"genero-musical-2-lps-indie-rock","8":"genero-musical-2-lps-pop-rock","9":"genero-musical-espanol","10":"genero-musical-flamenco-y-solistas-espanoles","11":"genero-musical-fusion-rock","12":"genero-musical-lp-indie-rock","13":"genero-musical-lp-pop-rock","14":"genero-musical-noise-rock","15":"genero-musical-rock-alternativo","16":"genero-musical-rock-espanol","18":"first","19":"onbackorder","20":"sale","21":"featured","22":"sold-individually","23":"purchasable","24":"product-type-simple"},"acf":[],"_links":{"self":[{"href":"https:\/\/wham-vintage.com\/en\/wp-json\/wp\/v2\/product\/20252","targetHints":{"allow":["GET"]}}],"collection":[{"href":"https:\/\/wham-vintage.com\/en\/wp-json\/wp\/v2\/product"}],"about":[{"href":"https:\/\/wham-vintage.com\/en\/wp-json\/wp\/v2\/types\/product"}],"wp:featuredmedia":[{"embeddable":true,"href":"https:\/\/wham-vintage.com\/en\/wp-json\/wp\/v2\/media\/20253"}],"wp:attachment":[{"href":"https:\/\/wham-vintage.com\/en\/wp-json\/wp\/v2\/media?parent=20252"}],"wp:term":[{"taxonomy":"genero-musical","embeddable":true,"href":"https:\/\/wham-vintage.com\/en\/wp-json\/wp\/v2\/genero-musical?post=20252"},{"taxonomy":"product_brand","embeddable":true,"href":"https:\/\/wham-vintage.com\/en\/wp-json\/wp\/v2\/product_brand?post=20252"},{"taxonomy":"product_cat","embeddable":true,"href":"https:\/\/wham-vintage.com\/en\/wp-json\/wp\/v2\/product_cat?post=20252"},{"taxonomy":"product_tag","embeddable":true,"href":"https:\/\/wham-vintage.com\/en\/wp-json\/wp\/v2\/product_tag?post=20252"},{"taxonomy":"tematica","embeddable":true,"href":"https:\/\/wham-vintage.com\/en\/wp-json\/wp\/v2\/tematica?post=20252"}],"curies":[{"name":"wp","href":"https:\/\/api.w.org\/{rel}","templated":true}]}}