{"id":20254,"date":"2025-12-17T10:07:16","date_gmt":"2025-12-17T09:07:16","guid":{"rendered":"https:\/\/wham-vintage.com\/?post_type=product&#038;p=20254"},"modified":"2025-12-17T10:10:37","modified_gmt":"2025-12-17T09:10:37","slug":"los-planetas-una-semana-en-el-motor-de-un-autobus-disco-vinilo-doble-2lp","status":"publish","type":"product","link":"https:\/\/wham-vintage.com\/en\/los-planetas-una-semana-en-el-motor-de-un-autobus-disco-vinilo-doble-2lp\/","title":{"rendered":"LOS PLANETAS \u2013 A Week in the Engine of a Bus \u2013 Double 2LP Vinyl Record"},"content":{"rendered":"<div class=\"blkIzq\"><img decoding=\"async\" class=\"caratula\" title=\"planetas los_una semana en el motor de un autobus lp.jpg\" src=\"https:\/\/www.discopunt.es\/img\/cover\/planetas los_una semana en el motor de un autobus lp.jpg\" alt=\"planetas los_una semana en el motor de un autobus lp.jpg\" \/><\/div>\n<div class=\"blkDrc\">Un disco que desde el primer momento consigui\u00f3 despertar pasiones tanto en la prensa especializada como en los fanes del grupo.<\/p>\n<p>La revista Rockdelux lo eligi\u00f3 como mejor disco de 1998, segundo mejor disco de la d\u00e9cada de los 90 y 18\u00ba mejor disco nacional del siglo XX.<\/p>\n<p>Alcanz\u00f3 el puesto 20 en la lista de ventas espa\u00f1olas.<\/p><\/div>\n<div class=\"blkDrc\">\n<h3>\u00b7 Content:<\/h3>\n<p>Segundo Premio<br \/>\nDesaparecer<br \/>\nLa Playa<br \/>\nParte De Lo Que Me Debe<br \/>\nUn Mundo De Gente Incompleta<br \/>\nCiencia Ficcion<br \/>\nMonta\u00f1as De Basura<br \/>\nCumplea\u00f1os Total<br \/>\nLaboratorio Magico<br \/>\nToxicosmos<br \/>\nLinea 1<br \/>\nLa Copa De Europa<\/p><\/div>","protected":false},"excerpt":{"rendered":"<p>Una semana en el motor de un autob\u00fas es el tercer disco de la banda granadina de pop Los Planetas, publicado el 13 de abril de 1998.\u00a0 Seg\u00fan el cr\u00edtico Jes\u00fas Llorente, &#8220;se trata no s\u00f3lo del disco m\u00e1s importante publicado por un grupo nacido del indie, sino tambi\u00e9n uno de los mejores trabajos de pop en castellano desde que el pop en castellano existe&#8221;.<\/p>","protected":false},"featured_media":20255,"template":"","meta":{"_acf_changed":false,"_relevanssi_hide_post":"","_relevanssi_pin_for_all":"","_relevanssi_pin_keywords":"","_relevanssi_unpin_keywords":"","_relevanssi_related_keywords":"","_relevanssi_related_include_ids":"","_relevanssi_related_exclude_ids":"","_relevanssi_related_no_append":"","_relevanssi_related_not_related":"","_relevanssi_related_posts":"40415,48733,20250,20243,43161,17435","_relevanssi_noindex_reason":""},"genero-musical":[],"product_brand":[],"product_cat":[],"product_tag":[],"tematica":[],"class_list":{"0":"post-20254","1":"product","2":"type-product","3":"status-publish","4":"has-post-thumbnail","7":"first","8":"onbackorder","9":"sale","10":"featured","11":"sold-individually","12":"purchasable","13":"product-type-simple"},"acf":[],"_links":{"self":[{"href":"https:\/\/wham-vintage.com\/en\/wp-json\/wp\/v2\/product\/20254","targetHints":{"allow":["GET"]}}],"collection":[{"href":"https:\/\/wham-vintage.com\/en\/wp-json\/wp\/v2\/product"}],"about":[{"href":"https:\/\/wham-vintage.com\/en\/wp-json\/wp\/v2\/types\/product"}],"wp:featuredmedia":[{"embeddable":true,"href":"https:\/\/wham-vintage.com\/en\/wp-json\/wp\/v2\/media\/20255"}],"wp:attachment":[{"href":"https:\/\/wham-vintage.com\/en\/wp-json\/wp\/v2\/media?parent=20254"}],"wp:term":[{"taxonomy":"genero-musical","embeddable":true,"href":"https:\/\/wham-vintage.com\/en\/wp-json\/wp\/v2\/genero-musical?post=20254"},{"taxonomy":"product_brand","embeddable":true,"href":"https:\/\/wham-vintage.com\/en\/wp-json\/wp\/v2\/product_brand?post=20254"},{"taxonomy":"product_cat","embeddable":true,"href":"https:\/\/wham-vintage.com\/en\/wp-json\/wp\/v2\/product_cat?post=20254"},{"taxonomy":"product_tag","embeddable":true,"href":"https:\/\/wham-vintage.com\/en\/wp-json\/wp\/v2\/product_tag?post=20254"},{"taxonomy":"tematica","embeddable":true,"href":"https:\/\/wham-vintage.com\/en\/wp-json\/wp\/v2\/tematica?post=20254"}],"curies":[{"name":"wp","href":"https:\/\/api.w.org\/{rel}","templated":true}]}}