{"id":20258,"date":"2025-12-17T10:15:40","date_gmt":"2025-12-17T09:15:40","guid":{"rendered":"https:\/\/wham-vintage.com\/?post_type=product&#038;p=20258"},"modified":"2025-12-20T12:23:24","modified_gmt":"2025-12-20T11:23:24","slug":"los-planetas-unidad-de-desplazamiento-disco-vinilo-doble-2lp","status":"publish","type":"product","link":"https:\/\/wham-vintage.com\/en\/los-planetas-unidad-de-desplazamiento-disco-vinilo-doble-2lp\/","title":{"rendered":"THE PLANETS \u2013 Displacement Unit \u2013 Double 2LP Vinyl Record"},"content":{"rendered":"<div class=\"blkIzq\"><img decoding=\"async\" class=\"caratula\" title=\"planetas los_unidad de desplazamiento lp.jpg\" src=\"https:\/\/www.discopunt.es\/img\/cover\/planetas los_unidad de desplazamiento lp.jpg\" alt=\"planetas los_unidad de desplazamiento lp.jpg\" \/><br \/>\nEl t\u00edtulo del \u00e1lbum, Unidad de Desplazamiento, sugiere movimiento, cambio y la idea de un viaje, ya sea f\u00edsico o emocional. Las letras de Jota, el l\u00edder de la banda, ahondan en temas de amor, desamor, soledad y la b\u00fasqueda de sentido en medio del caos. Canciones como \u201cUn buen d\u00eda\u201d se han convertido en himnos generacionales, narrando con una aparente sencillez momentos cotidianos que esconden profundas emociones de melancol\u00eda y esperanza.<\/p>\n<p>Otros temas como \u201cLa Cara de Niki Lauda\u201d o \u201cVas a verme por la tele\u201d reflejan una introspecci\u00f3n que, sin perder el tono personal, logra conectar con una audiencia amplia. La capacidad de Los Planetas para transmitir emociones universales a trav\u00e9s de sus letras y melod\u00edas es una de las razones por las que este \u00e1lbum sigue siendo tan relevante.<\/p>\n<\/div>\n<div class=\"blkDrc\">\n<h3>\u00b7 Content:<\/h3>\n<p>01. Flotando sobre Loscos<br \/>\n02. Santos que yo te pinte<br \/>\n03. Maniobra de evasi\u00f3n<br \/>\n04. Anuncio para coches<br \/>\n05. Vas a verme por la tele<br \/>\n06. Flotando sobre Loscos II<br \/>\n07. Tierras altas<br \/>\n08. Que no sea Kang, por favor<br \/>\n09. Plan de fuga<br \/>\n10. Un buen d\u00eda<br \/>\n11. La cara de Niki Lauda<br \/>\n12. Canci\u00f3n para ligar (o para que no me dejes)<br \/>\n13. Paseo por el parque<\/p><\/div>","protected":false},"excerpt":{"rendered":"<p>Unidad de desplazamiento es el cuarto \u00e1lbum de estudio de la banda granadina de pop-rock Los Planetas, que se lanz\u00f3 al mercado en septiembre del 2000. Este \u00e1lbum no solo consolid\u00f3 a Los Planetas como una de las bandas m\u00e1s influyentes de su generaci\u00f3n, sino que tambi\u00e9n demostr\u00f3 su capacidad para explorar nuevas sonoridades y tem\u00e1ticas con una profundidad emocional \u00fanica.<\/p>","protected":false},"featured_media":20429,"template":"","meta":{"_acf_changed":false,"_relevanssi_hide_post":"","_relevanssi_pin_for_all":"","_relevanssi_pin_keywords":"","_relevanssi_unpin_keywords":"","_relevanssi_related_keywords":"","_relevanssi_related_include_ids":"","_relevanssi_related_exclude_ids":"","_relevanssi_related_no_append":"","_relevanssi_related_not_related":"","_relevanssi_related_posts":"17435,20252,20250,19939,53162,32135","_relevanssi_noindex_reason":""},"genero-musical":[1563,1566,1558,1664,1677],"product_brand":[],"product_cat":[],"product_tag":[],"tematica":[],"class_list":{"0":"post-20258","1":"product","2":"type-product","3":"status-publish","4":"has-post-thumbnail","6":"genero-musical-2-lps-indie-rock","7":"genero-musical-2-lps-pop-rock","8":"genero-musical-lp-indie-rock","9":"genero-musical-rock-alternativo","10":"genero-musical-rock-espanol","12":"first","13":"onbackorder","14":"sale","15":"featured","16":"sold-individually","17":"purchasable","18":"product-type-simple"},"acf":[],"_links":{"self":[{"href":"https:\/\/wham-vintage.com\/en\/wp-json\/wp\/v2\/product\/20258","targetHints":{"allow":["GET"]}}],"collection":[{"href":"https:\/\/wham-vintage.com\/en\/wp-json\/wp\/v2\/product"}],"about":[{"href":"https:\/\/wham-vintage.com\/en\/wp-json\/wp\/v2\/types\/product"}],"wp:featuredmedia":[{"embeddable":true,"href":"https:\/\/wham-vintage.com\/en\/wp-json\/wp\/v2\/media\/20429"}],"wp:attachment":[{"href":"https:\/\/wham-vintage.com\/en\/wp-json\/wp\/v2\/media?parent=20258"}],"wp:term":[{"taxonomy":"genero-musical","embeddable":true,"href":"https:\/\/wham-vintage.com\/en\/wp-json\/wp\/v2\/genero-musical?post=20258"},{"taxonomy":"product_brand","embeddable":true,"href":"https:\/\/wham-vintage.com\/en\/wp-json\/wp\/v2\/product_brand?post=20258"},{"taxonomy":"product_cat","embeddable":true,"href":"https:\/\/wham-vintage.com\/en\/wp-json\/wp\/v2\/product_cat?post=20258"},{"taxonomy":"product_tag","embeddable":true,"href":"https:\/\/wham-vintage.com\/en\/wp-json\/wp\/v2\/product_tag?post=20258"},{"taxonomy":"tematica","embeddable":true,"href":"https:\/\/wham-vintage.com\/en\/wp-json\/wp\/v2\/tematica?post=20258"}],"curies":[{"name":"wp","href":"https:\/\/api.w.org\/{rel}","templated":true}]}}