{"id":20259,"date":"2025-12-17T10:25:59","date_gmt":"2025-12-17T09:25:59","guid":{"rendered":"https:\/\/wham-vintage.com\/?post_type=product&#038;p=20259"},"modified":"2026-03-05T12:27:25","modified_gmt":"2026-03-05T11:27:25","slug":"judas-priest-painkiller-35th-anniversary-edicion-especial-disco-vinilo-lp-azul","status":"publish","type":"product","link":"https:\/\/wham-vintage.com\/en\/judas-priest-painkiller-35th-anniversary-edicion-especial-disco-vinilo-lp-azul\/","title":{"rendered":"JUDAS PRIEST \u2013 PAINKILLER 35th Anniversary \u2013 Special Edition BLUE VINYL LP"},"content":{"rendered":"<div><\/div>\n<div class=\"blkIzq\"><img decoding=\"async\" class=\"caratula\" title=\"judas priest_painkiller lp 35th anniversary color azul.jpg\" src=\"https:\/\/www.discopunt.es\/img\/cover\/judas priest_painkiller lp 35th anniversary color azul.jpg\" alt=\"judas priest_painkiller lp 35th anniversary color azul.jpg\" \/>El audio ha sido remasterizado a partir de cintas anal\u00f3gicas por Tom Allom, ingeniero de Judas Priest desde hace mucho tiempo, y Matt Colton, ingeniero de masterizaci\u00f3n del a\u00f1o de la Music Producers Guild.<\/div>","protected":false},"excerpt":{"rendered":"<p>Celebra el 35.\u00ba aniversario del legendario \u00e1lbum Painkiller de Judas Priest, publicado en 1990, con una nueva edici\u00f3n remasterizada en vinilo azul y blanco marmolado.<\/p>","protected":false},"featured_media":20260,"template":"","meta":{"_acf_changed":false,"_relevanssi_hide_post":"","_relevanssi_pin_for_all":"","_relevanssi_pin_keywords":"","_relevanssi_unpin_keywords":"","_relevanssi_related_keywords":"","_relevanssi_related_include_ids":"","_relevanssi_related_exclude_ids":"","_relevanssi_related_no_append":"","_relevanssi_related_not_related":"","_relevanssi_related_posts":"17435,39219,40415,17577,55774,19939","_relevanssi_noindex_reason":""},"genero-musical":[1656],"product_brand":[],"product_cat":[],"product_tag":[],"tematica":[],"class_list":{"0":"post-20259","1":"product","2":"type-product","3":"status-publish","4":"has-post-thumbnail","6":"genero-musical-thrash-metal","8":"first","9":"instock","10":"sale","11":"featured","12":"sold-individually","13":"purchasable","14":"product-type-simple"},"acf":[],"_links":{"self":[{"href":"https:\/\/wham-vintage.com\/en\/wp-json\/wp\/v2\/product\/20259","targetHints":{"allow":["GET"]}}],"collection":[{"href":"https:\/\/wham-vintage.com\/en\/wp-json\/wp\/v2\/product"}],"about":[{"href":"https:\/\/wham-vintage.com\/en\/wp-json\/wp\/v2\/types\/product"}],"wp:featuredmedia":[{"embeddable":true,"href":"https:\/\/wham-vintage.com\/en\/wp-json\/wp\/v2\/media\/20260"}],"wp:attachment":[{"href":"https:\/\/wham-vintage.com\/en\/wp-json\/wp\/v2\/media?parent=20259"}],"wp:term":[{"taxonomy":"genero-musical","embeddable":true,"href":"https:\/\/wham-vintage.com\/en\/wp-json\/wp\/v2\/genero-musical?post=20259"},{"taxonomy":"product_brand","embeddable":true,"href":"https:\/\/wham-vintage.com\/en\/wp-json\/wp\/v2\/product_brand?post=20259"},{"taxonomy":"product_cat","embeddable":true,"href":"https:\/\/wham-vintage.com\/en\/wp-json\/wp\/v2\/product_cat?post=20259"},{"taxonomy":"product_tag","embeddable":true,"href":"https:\/\/wham-vintage.com\/en\/wp-json\/wp\/v2\/product_tag?post=20259"},{"taxonomy":"tematica","embeddable":true,"href":"https:\/\/wham-vintage.com\/en\/wp-json\/wp\/v2\/tematica?post=20259"}],"curies":[{"name":"wp","href":"https:\/\/api.w.org\/{rel}","templated":true}]}}