{"id":22011,"date":"2025-12-31T14:22:22","date_gmt":"2025-12-31T13:22:22","guid":{"rendered":"https:\/\/wham-vintage.com\/?post_type=product&#038;p=22011"},"modified":"2026-02-12T11:11:00","modified_gmt":"2026-02-12T10:11:00","slug":"mariah-carey-merry-christmas-disco-vinilo-lp-zootropico-picture-disc","status":"publish","type":"product","link":"https:\/\/wham-vintage.com\/en\/mariah-carey-merry-christmas-disco-vinilo-lp-zootropico-picture-disc\/","title":{"rendered":"MARIAH CAREY \u2013 Merry Christmas Vinyl LP Record ZOOTROPICO PICTURE DISC"},"content":{"rendered":"<div class=\"blkIzq\"><img decoding=\"async\" class=\"caratula\" title=\"carey mariah_merry christmas 30th anniversary lp zoetrope.jpg\" src=\"https:\/\/www.discopunt.es\/img\/cover\/carey mariah_merry christmas 30th anniversary lp zoetrope.jpg\" alt=\"carey mariah_merry christmas 30th anniversary lp zoetrope.jpg\" \/><\/div>\n<div class=\"blkDrc\">Celebra el 30 aniversario del eterno \u00e1lbum de Mariah, Merry Christmas, con una edici\u00f3n limitada en vinilo zo\u00f3tropo.<\/p>\n<p>Incluye todos los \u00e9xitos festivos, como \u00abAll I Want For Christmas IsYou\u00bb, &#8216;Christmas (Baby Please Come Home)&#8217;, &#8216;Joy To The World&#8217; y muchos m\u00e1s.<\/p><\/div>\n<div>#picturedisc<\/div>\n<div>#zootropia #vinilo #<\/div>\n<div class=\"blkDrc\">\n<h3>\u00b7 Content:<\/h3>\n<p>Silent Night<br \/>\nAll I Want for Christmas Is You<br \/>\nO Holy Night<br \/>\nChristmas (Baby Please Come Home)<br \/>\nMiss You Most (At Christmas Time)<br \/>\nJoy to the World<br \/>\nJesus Born on This Day<br \/>\nSanta Claus Is Comin&#8217; to Town<br \/>\nHark! The Herald Angels Sing \/ Gloria (In Excelsis Deo)<br \/>\nJesus Oh What a Wonderful Child<br \/>\nGod Rest Ye Merry, Gentlemen<\/p><\/div>","protected":false},"excerpt":{"rendered":"<p>INCREIBLE Edici\u00f3n especial limitad\u00edsima del m\u00edtico disco Merry Christmas de Mariah Carey en picture disc Zootropico \u00a1CUANDO GIRA SON FOTOGRAMAS Y ES UN VIDEOCLIP! #zootropia<\/p>","protected":false},"featured_media":22012,"template":"","meta":{"_acf_changed":false,"_relevanssi_hide_post":"","_relevanssi_pin_for_all":"","_relevanssi_pin_keywords":"","_relevanssi_unpin_keywords":"","_relevanssi_related_keywords":"","_relevanssi_related_include_ids":"","_relevanssi_related_exclude_ids":"","_relevanssi_related_no_append":"","_relevanssi_related_not_related":"","_relevanssi_related_posts":"17435,40415,22626,32137,32560,38850","_relevanssi_noindex_reason":""},"genero-musical":[1549,1553,3504],"product_brand":[],"product_cat":[],"product_tag":[],"tematica":[],"class_list":{"0":"post-22011","1":"product","2":"type-product","3":"status-publish","4":"has-post-thumbnail","6":"genero-musical-lp-pop","7":"genero-musical-lp-pop-rock","8":"genero-musical-lp-zootropia","10":"first","11":"onbackorder","12":"sale","13":"featured","14":"sold-individually","15":"purchasable","16":"product-type-simple"},"acf":[],"_links":{"self":[{"href":"https:\/\/wham-vintage.com\/en\/wp-json\/wp\/v2\/product\/22011","targetHints":{"allow":["GET"]}}],"collection":[{"href":"https:\/\/wham-vintage.com\/en\/wp-json\/wp\/v2\/product"}],"about":[{"href":"https:\/\/wham-vintage.com\/en\/wp-json\/wp\/v2\/types\/product"}],"wp:featuredmedia":[{"embeddable":true,"href":"https:\/\/wham-vintage.com\/en\/wp-json\/wp\/v2\/media\/22012"}],"wp:attachment":[{"href":"https:\/\/wham-vintage.com\/en\/wp-json\/wp\/v2\/media?parent=22011"}],"wp:term":[{"taxonomy":"genero-musical","embeddable":true,"href":"https:\/\/wham-vintage.com\/en\/wp-json\/wp\/v2\/genero-musical?post=22011"},{"taxonomy":"product_brand","embeddable":true,"href":"https:\/\/wham-vintage.com\/en\/wp-json\/wp\/v2\/product_brand?post=22011"},{"taxonomy":"product_cat","embeddable":true,"href":"https:\/\/wham-vintage.com\/en\/wp-json\/wp\/v2\/product_cat?post=22011"},{"taxonomy":"product_tag","embeddable":true,"href":"https:\/\/wham-vintage.com\/en\/wp-json\/wp\/v2\/product_tag?post=22011"},{"taxonomy":"tematica","embeddable":true,"href":"https:\/\/wham-vintage.com\/en\/wp-json\/wp\/v2\/tematica?post=22011"}],"curies":[{"name":"wp","href":"https:\/\/api.w.org\/{rel}","templated":true}]}}