{"id":22614,"date":"2026-01-04T17:16:41","date_gmt":"2026-01-04T16:16:41","guid":{"rendered":"https:\/\/wham-vintage.com\/?post_type=product&#038;p=22614"},"modified":"2026-01-04T19:10:59","modified_gmt":"2026-01-04T18:10:59","slug":"manu-chao-proxima-estacion-esperanza-doble-vinilo-2lp-con-cd","status":"publish","type":"product","link":"https:\/\/wham-vintage.com\/en\/manu-chao-proxima-estacion-esperanza-doble-vinilo-2lp-con-cd\/","title":{"rendered":"MANU CHAO \u2013 Next Station: Hope Double Vinyl 2LP with CD"},"content":{"rendered":"<div class=\"blkDrc\">\n<div class=\"blkIzq\"><img decoding=\"async\" class=\"caratula\" title=\"Manu Chao_Proxima estacion Esperanza.jpg\" src=\"https:\/\/www.discopunt.es\/img\/cover\/Manu Chao_Proxima estacion Esperanza.jpg\" alt=\"Manu Chao_Proxima estacion Esperanza.jpg\" \/><\/div>\n<div class=\"blkDrc\">\n<p>Su voz salta del espa\u00f1ol (el himno &#8220;Me gustas&#8221;) al ingl\u00e9s, del franc\u00e9s al \u00e1rabe, y luego a un revoltijo de portu\u00f1ol (portugu\u00e9s\/espa\u00f1ol), dando incluso esos bandazos ling\u00fc\u00edsticos en una sola estrofa. Las guitarras de Chao mezclan reggae con la pureza hawaiana, y su habilidad natural para los ritmos fon\u00e9ticos tambi\u00e9n es impresionante, sobre todo cuando trota y salta en sus versos inspirados en el ska. Mientras tanto, va dejando caer r\u00e1fagas de efectos sonoros globalizados, que se cuelan junto a su destartalado caos de coros que le acompa\u00f1an, a veces interrumpiendo un sorprendente arreglo de metales callejeros, o retocando una de esas l\u00edneas de bajo que se introducen en las tripas del oyente.<\/p>\n<p>Escucha sin complejos la cascada vocal de &#8220;Eldorado 1997&#8221;, el acelerado cartoon-ska de &#8220;Promiscuity&#8221;, el swing lun\u00e1tico de &#8220;Trapped By Love&#8221; o el tono cabaretero de &#8220;Papito&#8221;<\/p>\n<\/div>\n<div class=\"blkDrc\">\n<h3>\u00b7 Content:<\/h3>\n<p>LP (A)<\/p>\n<p>00:03:361. Merry Blues<\/p>\n<p>00:01:522. Bixo<\/p>\n<p>00:01:303. Eldorado 1997<\/p>\n<p>00:01:364. Promiscuity<\/p>\n<p>00:01:535. La primavera<\/p>\n<p>00:04:006. Me gustas t\u00fa<\/p>\n<p>LP (B)<\/p>\n<p>00:04:391. Denia<\/p>\n<p>00:02:332. Mi vida<\/p>\n<p>00:01:553. Trapped By Love<\/p>\n<p>00:01:574. Le rendez-vous<\/p>\n<p>LP2 (A)<\/p>\n<p>00:03:491. Mr. Bobby<\/p>\n<p>00:02:512. Papito<\/p>\n<p>00:01:343. La chinita<\/p>\n<p>00:02:174. La marea<\/p>\n<p>LP2 (B)<\/p>\n<p>00:03:181. Homens<\/p>\n<p>00:02:242. La vacaloca<\/p>\n<p>00:03:563. Infinita tristeza<\/p>\n<p>CD<\/p>\n<p>00:03:361. Merry Blues<\/p>\n<p>00:01:522. Bixo<\/p>\n<p>00:01:303. Eldorado 1997<\/p>\n<p>00:01:364. Promiscuity<\/p>\n<p>00:01:535. La primavera<\/p>\n<p>00:04:006. Me gustas t\u00fa<\/p>\n<p>00:04:397. Denia<\/p>\n<p>00:02:338. Mi vida<\/p>\n<p>00:01:559. Trapped By Love<\/p>\n<p>00:01:5710. Le rendez-vous<\/p>\n<p>00:03:4911. Mr. Bobby<\/p>\n<p>00:02:5112. Papito<\/p>\n<p>00:01:3413. La chinita<\/p>\n<p>00:02:1714. La marea<\/p>\n<p>00:03:1815. Homens<\/p>\n<p>00:02:2416. La vacaloca<\/p>\n<p>00:03:5617. Infinita tristeza<\/p>\n<\/div>\n<\/div>","protected":false},"excerpt":{"rendered":"<p>Pr\u00f3xima estaci\u00f3n: Esperanza es el resultado del viaje continuo de Manu Chao tras disolver Mano Negra en 1995.\u00a0 Su debut en solitario, Clandestino, fue uno de los cl\u00e1sicos absolutos de la \u00faltima d\u00e9cada. Una mezcla de canciones cortas provocada por el persistente viaje de Chao por el mundo, que se presenta como un collage de postales y melod\u00edas. Chao contin\u00faa con su particular enfoque de caleidoscopio cultural a la hora de componer sus canciones.<\/p>","protected":false},"featured_media":22616,"template":"","meta":{"_acf_changed":false,"_relevanssi_hide_post":"","_relevanssi_pin_for_all":"","_relevanssi_pin_keywords":"","_relevanssi_unpin_keywords":"","_relevanssi_related_keywords":"","_relevanssi_related_include_ids":"","_relevanssi_related_exclude_ids":"","_relevanssi_related_no_append":"","_relevanssi_related_not_related":"","_relevanssi_related_posts":"40415,14540,43161,14625,14629,37026","_relevanssi_noindex_reason":""},"genero-musical":[3819],"product_brand":[],"product_cat":[],"product_tag":[],"tematica":[],"class_list":{"0":"post-22614","1":"product","2":"type-product","3":"status-publish","4":"has-post-thumbnail","6":"genero-musical-musicas-tradicionales","8":"first","9":"onbackorder","10":"sale","11":"featured","12":"sold-individually","13":"purchasable","14":"product-type-simple"},"acf":[],"_links":{"self":[{"href":"https:\/\/wham-vintage.com\/en\/wp-json\/wp\/v2\/product\/22614","targetHints":{"allow":["GET"]}}],"collection":[{"href":"https:\/\/wham-vintage.com\/en\/wp-json\/wp\/v2\/product"}],"about":[{"href":"https:\/\/wham-vintage.com\/en\/wp-json\/wp\/v2\/types\/product"}],"wp:featuredmedia":[{"embeddable":true,"href":"https:\/\/wham-vintage.com\/en\/wp-json\/wp\/v2\/media\/22616"}],"wp:attachment":[{"href":"https:\/\/wham-vintage.com\/en\/wp-json\/wp\/v2\/media?parent=22614"}],"wp:term":[{"taxonomy":"genero-musical","embeddable":true,"href":"https:\/\/wham-vintage.com\/en\/wp-json\/wp\/v2\/genero-musical?post=22614"},{"taxonomy":"product_brand","embeddable":true,"href":"https:\/\/wham-vintage.com\/en\/wp-json\/wp\/v2\/product_brand?post=22614"},{"taxonomy":"product_cat","embeddable":true,"href":"https:\/\/wham-vintage.com\/en\/wp-json\/wp\/v2\/product_cat?post=22614"},{"taxonomy":"product_tag","embeddable":true,"href":"https:\/\/wham-vintage.com\/en\/wp-json\/wp\/v2\/product_tag?post=22614"},{"taxonomy":"tematica","embeddable":true,"href":"https:\/\/wham-vintage.com\/en\/wp-json\/wp\/v2\/tematica?post=22614"}],"curies":[{"name":"wp","href":"https:\/\/api.w.org\/{rel}","templated":true}]}}