{"id":22618,"date":"2026-01-04T19:11:57","date_gmt":"2026-01-04T18:11:57","guid":{"rendered":"https:\/\/wham-vintage.com\/?post_type=product&#038;p=22618"},"modified":"2026-01-04T19:26:52","modified_gmt":"2026-01-04T18:26:52","slug":"david-bowie-diamond-dogs-disco-vinilo-lp-edicion-50-aniversario","status":"publish","type":"product","link":"https:\/\/wham-vintage.com\/en\/david-bowie-diamond-dogs-disco-vinilo-lp-edicion-50-aniversario\/","title":{"rendered":"David Bowie \u2013 Diamond Dogs Vinyl LP 50th Anniversary Edition"},"content":{"rendered":"<div class=\"blkDrc\">\n<div><\/div>\n<div class=\"blkIzq\"><img decoding=\"async\" class=\"caratula\" title=\"bowie david_diamond dogs lp 50th anniversary.jpg\" src=\"https:\/\/www.discopunt.es\/img\/cover\/bowie david_diamond dogs lp 50th anniversary.jpg\" alt=\"bowie david_diamond dogs lp 50th anniversary.jpg\" \/><\/div>\n<div class=\"blkDrc\">\n<p>Las canciones del \u00e1lbum crearon un escenario apocal\u00edptico urbano con Bowie apareciendo en la portada como un controvertido h\u00edbrido mitad hombre, mitad perro pintado por el artista belga Guy Peellaert a partir de material del renombrado fot\u00f3grafo Terry O&#8217;Neill.<\/p>\n<p>Desde su lanzamiento, los temas de DIAMOND DOGS han sido versionados por artistas como Beck, Tina Turner, Duran Duran, Def Leppard, Joan As Police Woman, Dead Or Alive y The Struts.<\/p>\n<p>El \u00e1lbum se alz\u00f3 en ambos lados del Atl\u00e1ntico ocupando el n\u00famero 1 en el Reino Unido y el n\u00famero 5 en Estados Unidos. El primer sencillo del \u00e1lbum, el mencionado &#8216;REBEL REBEL&#8217;, alcanz\u00f3 el n\u00famero 1.<\/p>\n<p>Esta nueva impresi\u00f3n de DIAMOND DOGS se cort\u00f3 en un torno Neumann VMS80 personalizado con componentes electr\u00f3nicos de masters restaurados a 192 kHz de los m\u00e1ster originales, sin procesamiento adicional en la transferencia. John Webber lo ha cortado a mitad de velocidad en AIR Studios para mejorar sustancialmente la calidad de audio.<\/p><\/div>\n<div class=\"blkDrc\">\n<h3>\u00b7 Contenido:<\/h3>\n<p>1.- Future Legend (2016 Remaster)<br \/>\n2.- DiamondDogs(2016 Remaster)<br \/>\n3.- Sweet Thing (2016 Remaster)<br \/>\n4.- Candidate(2016 Remaster)<br \/>\n5.- Sweet Thing (Reprise) [2016 Remaster]<br \/>\n6.- Rebel Rebel (2016 Remaster)<br \/>\n7.- Rock &#8216;n&#8217; Roll with Me(2016 Remaster)<br \/>\n8.- We Arethe Dead (2016 Remaster)<br \/>\n9.- 1984 (2016 Remaster)<br \/>\n10.- BigBrother (2016 Remaster)<br \/>\n11.- Chant of the Ever CirclingSkeletal Family (2016 Remaster)<\/p><\/div>\n<\/div>\n","protected":false},"excerpt":{"rendered":"<p>Se celebra el 50 aniversario del ic\u00f3nico \u00e1lbum DIAMOND DOGS de DAVID BOWIE con la publicaci\u00f3n de una edici\u00f3n en especial con el audio masterizado a mitad de velocidad para mejorar la calidad de audio.<\/p>","protected":false},"featured_media":22619,"template":"","meta":{"_acf_changed":false,"_relevanssi_hide_post":"","_relevanssi_pin_for_all":"","_relevanssi_pin_keywords":"","_relevanssi_unpin_keywords":"","_relevanssi_related_keywords":"","_relevanssi_related_include_ids":"","_relevanssi_related_exclude_ids":"","_relevanssi_related_no_append":"","_relevanssi_related_not_related":"","_relevanssi_related_posts":"17435,22626,40415,32560,32137,17475","_relevanssi_noindex_reason":""},"genero-musical":[1549,1553,1662,1846,2712],"product_brand":[],"product_cat":[],"product_tag":[],"tematica":[],"class_list":{"0":"post-22618","1":"product","2":"type-product","3":"status-publish","4":"has-post-thumbnail","6":"genero-musical-lp-pop","7":"genero-musical-lp-pop-rock","8":"genero-musical-psicodelia-pop","9":"genero-musical-rock-britanico","10":"genero-musical-rock-psicodelico","12":"first","13":"onbackorder","14":"sale","15":"featured","16":"sold-individually","17":"purchasable","18":"product-type-simple"},"acf":[],"_links":{"self":[{"href":"https:\/\/wham-vintage.com\/en\/wp-json\/wp\/v2\/product\/22618","targetHints":{"allow":["GET"]}}],"collection":[{"href":"https:\/\/wham-vintage.com\/en\/wp-json\/wp\/v2\/product"}],"about":[{"href":"https:\/\/wham-vintage.com\/en\/wp-json\/wp\/v2\/types\/product"}],"wp:featuredmedia":[{"embeddable":true,"href":"https:\/\/wham-vintage.com\/en\/wp-json\/wp\/v2\/media\/22619"}],"wp:attachment":[{"href":"https:\/\/wham-vintage.com\/en\/wp-json\/wp\/v2\/media?parent=22618"}],"wp:term":[{"taxonomy":"genero-musical","embeddable":true,"href":"https:\/\/wham-vintage.com\/en\/wp-json\/wp\/v2\/genero-musical?post=22618"},{"taxonomy":"product_brand","embeddable":true,"href":"https:\/\/wham-vintage.com\/en\/wp-json\/wp\/v2\/product_brand?post=22618"},{"taxonomy":"product_cat","embeddable":true,"href":"https:\/\/wham-vintage.com\/en\/wp-json\/wp\/v2\/product_cat?post=22618"},{"taxonomy":"product_tag","embeddable":true,"href":"https:\/\/wham-vintage.com\/en\/wp-json\/wp\/v2\/product_tag?post=22618"},{"taxonomy":"tematica","embeddable":true,"href":"https:\/\/wham-vintage.com\/en\/wp-json\/wp\/v2\/tematica?post=22618"}],"curies":[{"name":"wp","href":"https:\/\/api.w.org\/{rel}","templated":true}]}}