{"id":24223,"date":"2026-01-08T19:31:16","date_gmt":"2026-01-08T18:31:16","guid":{"rendered":"https:\/\/wham-vintage.com\/?post_type=product&#038;p=24223"},"modified":"2026-02-06T20:03:05","modified_gmt":"2026-02-06T19:03:05","slug":"bunbury-cuentas-pendientes","status":"publish","type":"product","link":"https:\/\/wham-vintage.com\/en\/bunbury-cuentas-pendientes\/","title":{"rendered":"BUNBURY \u2013 Unfinished Business"},"content":{"rendered":"<div class=\"blkIzq\"><img decoding=\"async\" class=\"caratula\" title=\"bunbury_cuentas pendientes cd.jpg\" src=\"https:\/\/www.discopunt.es\/img\/cover\/bunbury_cuentas pendientes cd.jpg\" alt=\"bunbury_cuentas pendientes cd.jpg\" \/><\/div>\n<div class=\"blkDrc\">\n<p>&#8216;Para llegar hasta aqu\u00ed&#8217;, abre el nuevo \u00e1lbum, en un viaje del Mediterr\u00e1neo hasta Latinoam\u00e9rica, con guitarra portuguesa y acorde\u00f3n. Un viaje de ida y vuelta, retroalimentandose. Grabado en el Desierto de los Leones, M\u00e9xico, participaron en la grabaci\u00f3n, el maestro chileno Sebasti\u00e1n Aracena tocando todas las guitarras e instrumentos de cuerda, los mexicanos Luri Molina en el contrabajo y Johnny Molina en las percusiones. Y con la participaci\u00f3n de los miembros de los Santos Inocentes: Jorge &#8216;Rebe&#8217; Rebenaque en el piano, acorde\u00f3n y teclados y Ram\u00f3n Gac\u00edas en la bater\u00eda. Edici\u00f3n en CD softpack.<\/p>\n<\/div>\n<div class=\"blkDrc\">\n<h3>\u00b7 Content:<\/h3>\n<p>PARA LLEGAR HASTA AQU\u00cd<br \/>\nSALIENDO DEL ARRABAL<br \/>\nLAS CHINGADAS GANAS DE LLORAR<br \/>\nSERPIENTE<br \/>\nLOCO<br \/>\nCUENTAS PENDIENTES<br \/>\nTE PUEDES A TODO ACOSTUMBRAR<br \/>\nLA HIEDRA<br \/>\nCOMO UNA SOMBRA<br \/>\nEL BAILE DE LOS DISFRACES Y LA TENTACI\u00d3N<\/p>\n<\/div>\n<div><\/div>","protected":false},"excerpt":{"rendered":"<p>&#8220;Cuentas pendientes&#8221; es otro giro de tuerca de Bunbury, ya que se aleja radicalmente de su anterior \u00e1lbum &#8216;Greta Garbo&#8217; (2023) y a\u00fan m\u00e1s de discos anteriores, m\u00e1s contempor\u00e1neos y con ciertos matices electr\u00f3nicos, como &#8216;Curso de Levitaci\u00f3n Intensivo&#8217; (2020), &#8216;Posible&#8217; (2020), &#8216;Expectativas&#8217; (2017) y &#8216;Palosanto&#8217; (2013). En este nuevo \u00e1lbum hay una mirada hacia atr\u00e1s, al folklore y los ritmos tradicionales en nuestra lengua com\u00fan. Con la guitarra espa\u00f1ola, el piano, el contrabajo y las percusiones como protagonistas absolutos del sonido y la producci\u00f3n.<\/p>","protected":false},"featured_media":38094,"template":"","meta":{"_acf_changed":false,"_relevanssi_hide_post":"","_relevanssi_pin_for_all":"","_relevanssi_pin_keywords":"","_relevanssi_unpin_keywords":"","_relevanssi_related_keywords":"","_relevanssi_related_include_ids":"0","_relevanssi_related_exclude_ids":"","_relevanssi_related_no_append":"","_relevanssi_related_not_related":"","_relevanssi_related_posts":"17435,22626,32137,40415,32560,22822","_relevanssi_noindex_reason":""},"genero-musical":[1553],"product_brand":[],"product_cat":[],"product_tag":[],"tematica":[],"class_list":{"0":"post-24223","1":"product","2":"type-product","3":"status-publish","4":"has-post-thumbnail","6":"genero-musical-lp-pop-rock","8":"first","9":"instock","10":"sale","11":"featured","12":"sold-individually","13":"purchasable","14":"product-type-simple"},"acf":[],"_links":{"self":[{"href":"https:\/\/wham-vintage.com\/en\/wp-json\/wp\/v2\/product\/24223","targetHints":{"allow":["GET"]}}],"collection":[{"href":"https:\/\/wham-vintage.com\/en\/wp-json\/wp\/v2\/product"}],"about":[{"href":"https:\/\/wham-vintage.com\/en\/wp-json\/wp\/v2\/types\/product"}],"wp:featuredmedia":[{"embeddable":true,"href":"https:\/\/wham-vintage.com\/en\/wp-json\/wp\/v2\/media\/38094"}],"wp:attachment":[{"href":"https:\/\/wham-vintage.com\/en\/wp-json\/wp\/v2\/media?parent=24223"}],"wp:term":[{"taxonomy":"genero-musical","embeddable":true,"href":"https:\/\/wham-vintage.com\/en\/wp-json\/wp\/v2\/genero-musical?post=24223"},{"taxonomy":"product_brand","embeddable":true,"href":"https:\/\/wham-vintage.com\/en\/wp-json\/wp\/v2\/product_brand?post=24223"},{"taxonomy":"product_cat","embeddable":true,"href":"https:\/\/wham-vintage.com\/en\/wp-json\/wp\/v2\/product_cat?post=24223"},{"taxonomy":"product_tag","embeddable":true,"href":"https:\/\/wham-vintage.com\/en\/wp-json\/wp\/v2\/product_tag?post=24223"},{"taxonomy":"tematica","embeddable":true,"href":"https:\/\/wham-vintage.com\/en\/wp-json\/wp\/v2\/tematica?post=24223"}],"curies":[{"name":"wp","href":"https:\/\/api.w.org\/{rel}","templated":true}]}}