{"id":29418,"date":"2026-01-09T11:53:01","date_gmt":"2026-01-09T10:53:01","guid":{"rendered":"https:\/\/wham-vintage.com\/casa-malibu-barbie\/"},"modified":"2026-01-09T11:53:08","modified_gmt":"2026-01-09T10:53:08","slug":"casa-malibu-barbie","status":"publish","type":"product","link":"https:\/\/wham-vintage.com\/en\/casa-malibu-barbie\/","title":{"rendered":"Malibu Barbie House"},"content":{"rendered":"<p>LAUNCH<\/p>\n<p>Edad: +3-4 a\u00f1os. Tama\u00f1o: 16&#215;40,5&#215;72,5cm. Incluye casa de vacaciones de Barbie, 1 hamaca, 1 sof\u00e1, 4 sillas, 1 mesa auxiliar, 1 mesa de comedor, 1 l\u00e1mpara, 1 planta, 1 toalla, 1 manta, 1 cepillo de dientes, 1 cuenco para perros, 1 bandeja para magdalenas, 1 recipiente para palomitas, 1 pastel, 1 caja de regalo, 1 figura de perrito, 1 jarra de zumo, 4 copas, 4 platos, 2 perchas, 1 sart\u00e9n y 1 cart\u00f3n de huevos. Entra en el conjunto de juego de casa de vacaciones de Barbie y descubre infinitas posibilidades de juego con 2 niveles, 6 zonas de juego y m\u00e1s de 30 accesorios, incluido \u00a1un perrito!La casa de 2 pisos cuenta con dormitorio, ba\u00f1o, cocina, comedor, sala de estar y armario con acabados modernos y el estilo emblem\u00e1tico de Barbie. Recrea cualquier historia con sus divertidas funciones, como un columpio que funciona como ascensor y transformaciones que desvelan a\u00fan m\u00e1s oportunidades para contar historias. Despliega las literas para inspirar una fiesta de pijamas, y sube o baja la pared de la sala de estar para cambiar la historia de una noche de pel\u00edculas a una fiesta de cumplea\u00f1os.Entre las m\u00e1s de 30 piezas se incluyen accesorios para contar historias y divertidos muebles, como un elegante sof\u00e1, una mesa de comedor con la parte superior encajable y mucho m\u00e1s. ADVERTENCIA: No conviene para ni\u00f1os menores de 36 meses. Requiere montaje por parte de un adulto.<\/p>\n<p>MINIMUM ORDER: 1<\/p>\n<p>2026-02-26<\/p>\n<p>STOCK LEISURE STOCK: 0 THERE ARE 0<\/p>","protected":false},"excerpt":{"rendered":"<p>https:\/\/www.ociostock.com\/productos\/imagenes\/img_343429_2d0188bea71b038f1ff9eed040a504b4_1.jpg<\/p>","protected":false},"featured_media":0,"template":"","meta":{"_acf_changed":false,"_relevanssi_hide_post":"","_relevanssi_pin_for_all":"","_relevanssi_pin_keywords":"","_relevanssi_unpin_keywords":"","_relevanssi_related_keywords":"","_relevanssi_related_include_ids":"","_relevanssi_related_exclude_ids":"","_relevanssi_related_no_append":"","_relevanssi_related_not_related":"","_relevanssi_related_posts":"29437,29434,29481,29439,29426,29453","_relevanssi_noindex_reason":""},"genero-musical":[],"product_brand":[],"product_cat":[],"product_tag":[],"tematica":[],"class_list":{"0":"post-29418","1":"product","2":"type-product","3":"status-publish","6":"first","7":"onbackorder","8":"sold-individually","9":"purchasable","10":"product-type-simple"},"acf":[],"_links":{"self":[{"href":"https:\/\/wham-vintage.com\/en\/wp-json\/wp\/v2\/product\/29418","targetHints":{"allow":["GET"]}}],"collection":[{"href":"https:\/\/wham-vintage.com\/en\/wp-json\/wp\/v2\/product"}],"about":[{"href":"https:\/\/wham-vintage.com\/en\/wp-json\/wp\/v2\/types\/product"}],"wp:attachment":[{"href":"https:\/\/wham-vintage.com\/en\/wp-json\/wp\/v2\/media?parent=29418"}],"wp:term":[{"taxonomy":"genero-musical","embeddable":true,"href":"https:\/\/wham-vintage.com\/en\/wp-json\/wp\/v2\/genero-musical?post=29418"},{"taxonomy":"product_brand","embeddable":true,"href":"https:\/\/wham-vintage.com\/en\/wp-json\/wp\/v2\/product_brand?post=29418"},{"taxonomy":"product_cat","embeddable":true,"href":"https:\/\/wham-vintage.com\/en\/wp-json\/wp\/v2\/product_cat?post=29418"},{"taxonomy":"product_tag","embeddable":true,"href":"https:\/\/wham-vintage.com\/en\/wp-json\/wp\/v2\/product_tag?post=29418"},{"taxonomy":"tematica","embeddable":true,"href":"https:\/\/wham-vintage.com\/en\/wp-json\/wp\/v2\/tematica?post=29418"}],"curies":[{"name":"wp","href":"https:\/\/api.w.org\/{rel}","templated":true}]}}