{"id":29419,"date":"2026-01-09T11:53:01","date_gmt":"2026-01-09T10:53:01","guid":{"rendered":"https:\/\/wham-vintage.com\/muneca-y-cachorros-barbie\/"},"modified":"2026-01-09T11:53:09","modified_gmt":"2026-01-09T10:53:09","slug":"muneca-y-cachorros-barbie","status":"publish","type":"product","link":"https:\/\/wham-vintage.com\/en\/muneca-y-cachorros-barbie\/","title":{"rendered":"Barbie Doll and Puppies"},"content":{"rendered":"<p>LAUNCH<\/p>\n<p>Edad: +3-4 a\u00f1os. Tama\u00f1o: 23,5&#215;32,5&#215;6,1cm. Incluye mu\u00f1eca Barbie con un vestido, zapatos y diadema, 1 figura de perrita, 3 figuras de cachorro, 1 toalla, 2 huesos de perro, 1 cuerda de juguete, 1 bolsas de comida para perros, 1 biber\u00f3n, 1 cepillo, 1 piscina y 1 mochila. \u00a1La preciosa perrita de la mu\u00f1eca Barbie va a tener cachorros, y las ni\u00f1as pueden ayudar en el parto con el conjunto de juego de Barbie y sus perritos m\u00e1gicos!Presiona la espalda de mam\u00e1 perro para ayudar a la mu\u00f1eca Barbie con el parto de un cachorro, y luego vuelve a presionar para dar la bienvenida a 2 m\u00e1s.Llena la ba\u00f1era con agua helada, sumerge la toalla y p\u00e1sala por los cachorros para revelar una marca de nacimiento especial en cada uno. La mochila tiene espacio para los tres cachorros, por lo que la mu\u00f1eca Barbie puede cuidar de ellos en cualquier lugar. Contin\u00faa la historia con accesorios adicionales como un biber\u00f3n, dos cepillos, una cuerda de juguete, dos golosinas, una bolsa de comida para perros y un comedero. ADVERTENCIA: No conviene para ni\u00f1os menores de 36 meses.<\/p>\n<p>MINIMUM ORDER: 1<\/p>\n<p>2026-02-26<\/p>\n<p>STOCK LEISURE STOCK: 0 THERE ARE 0<\/p>","protected":false},"excerpt":{"rendered":"<p>https:\/\/www.ociostock.com\/productos\/imagenes\/img_343440_1b0c101399da1a9b4e67735281d146b0_1.jpg<\/p>","protected":false},"featured_media":0,"template":"","meta":{"_acf_changed":false,"_relevanssi_hide_post":"","_relevanssi_pin_for_all":"","_relevanssi_pin_keywords":"","_relevanssi_unpin_keywords":"","_relevanssi_related_keywords":"","_relevanssi_related_include_ids":"","_relevanssi_related_exclude_ids":"","_relevanssi_related_no_append":"","_relevanssi_related_not_related":"","_relevanssi_related_posts":"29434,29417,29437,29433,29453,29430","_relevanssi_noindex_reason":""},"genero-musical":[],"product_brand":[],"product_cat":[],"product_tag":[],"tematica":[],"class_list":{"0":"post-29419","1":"product","2":"type-product","3":"status-publish","6":"first","7":"onbackorder","8":"sold-individually","9":"purchasable","10":"product-type-simple"},"acf":[],"_links":{"self":[{"href":"https:\/\/wham-vintage.com\/en\/wp-json\/wp\/v2\/product\/29419","targetHints":{"allow":["GET"]}}],"collection":[{"href":"https:\/\/wham-vintage.com\/en\/wp-json\/wp\/v2\/product"}],"about":[{"href":"https:\/\/wham-vintage.com\/en\/wp-json\/wp\/v2\/types\/product"}],"wp:attachment":[{"href":"https:\/\/wham-vintage.com\/en\/wp-json\/wp\/v2\/media?parent=29419"}],"wp:term":[{"taxonomy":"genero-musical","embeddable":true,"href":"https:\/\/wham-vintage.com\/en\/wp-json\/wp\/v2\/genero-musical?post=29419"},{"taxonomy":"product_brand","embeddable":true,"href":"https:\/\/wham-vintage.com\/en\/wp-json\/wp\/v2\/product_brand?post=29419"},{"taxonomy":"product_cat","embeddable":true,"href":"https:\/\/wham-vintage.com\/en\/wp-json\/wp\/v2\/product_cat?post=29419"},{"taxonomy":"product_tag","embeddable":true,"href":"https:\/\/wham-vintage.com\/en\/wp-json\/wp\/v2\/product_tag?post=29419"},{"taxonomy":"tematica","embeddable":true,"href":"https:\/\/wham-vintage.com\/en\/wp-json\/wp\/v2\/tematica?post=29419"}],"curies":[{"name":"wp","href":"https:\/\/api.w.org\/{rel}","templated":true}]}}