{"id":29426,"date":"2026-01-09T11:53:01","date_gmt":"2026-01-09T10:53:01","guid":{"rendered":"https:\/\/wham-vintage.com\/muneca-apartamento-4-estancias-65-aniversario-barbie\/"},"modified":"2026-01-09T11:53:14","modified_gmt":"2026-01-09T10:53:14","slug":"muneca-apartamento-4-estancias-65-aniversario-barbie","status":"publish","type":"product","link":"https:\/\/wham-vintage.com\/en\/muneca-apartamento-4-estancias-65-aniversario-barbie\/","title":{"rendered":"Barbie Doll + 4-Room Apartment 65th Anniversary"},"content":{"rendered":"<p>LAUNCH<\/p>\n<p>Edad: +3-4 a\u00f1os. Tama\u00f1o: 25,5&#215;36,5&#215;32,5cm. Incluye 1 casa de Barbie con 1 mu\u00f1eca Barbie y 11 accesorios. \u00a1Los ni\u00f1os y las ni\u00f1as pueden imaginar muchas historias encantadoras con esta mu\u00f1eca Barbie y su Getaway House! Viene con 4 \u00e1reas de juego y 11 accesorios para disfrutar de horas interminables de diversi\u00f3n. Los accesorios de decoraci\u00f3n, que incluyen una vajilla variada, 2 sillas, una toalla y una manta, a\u00f1aden detalles realistas y todo tipo de posibilidades de juego. Los gr\u00e1ficos, como cubos de reciclaje y de abono, plantas, paneles solares en el tejado y un veh\u00edculo el\u00e9ctrico, pueden ayudar a que los ni\u00f1os y las ni\u00f1as sean conscientes de los h\u00e1bitos de vida ecol\u00f3gicos. La mu\u00f1eca Barbie incluida se siente como en casa en su adorable casa rosa. Desde preparar la comida en la cocina hasta invitar a dormir a sus amigas, \u00a1hay tantas escenas para imaginar!La casa de mu\u00f1ecas tiene una cocina con una mesa corredera, un ba\u00f1o, un dormitorio en alto y un acogedor sal\u00f3n para las noches de cine y juegos. ADVERTENCIA: No conviene para ni\u00f1os menores de 36 meses.<\/p>\n<p>MINIMUM ORDER: 1<\/p>\n<p>2026-02-26<\/p>\n<p>STOCK LEISURE STOCK: 0 THERE ARE 0<\/p>","protected":false},"excerpt":{"rendered":"<p>https:\/\/www.ociostock.com\/productos\/imagenes\/img_343401_0efa6a1617319de531089986d44f4c4e_1.jpg<\/p>","protected":false},"featured_media":0,"template":"","meta":{"_acf_changed":false,"_relevanssi_hide_post":"","_relevanssi_pin_for_all":"","_relevanssi_pin_keywords":"","_relevanssi_unpin_keywords":"","_relevanssi_related_keywords":"","_relevanssi_related_include_ids":"","_relevanssi_related_exclude_ids":"","_relevanssi_related_no_append":"","_relevanssi_related_not_related":"","_relevanssi_related_posts":"29434,29417,29437,29433,29453,29430","_relevanssi_noindex_reason":""},"genero-musical":[],"product_brand":[],"product_cat":[],"product_tag":[],"tematica":[],"class_list":{"0":"post-29426","1":"product","2":"type-product","3":"status-publish","6":"first","7":"onbackorder","8":"sold-individually","9":"purchasable","10":"product-type-simple"},"acf":[],"_links":{"self":[{"href":"https:\/\/wham-vintage.com\/en\/wp-json\/wp\/v2\/product\/29426","targetHints":{"allow":["GET"]}}],"collection":[{"href":"https:\/\/wham-vintage.com\/en\/wp-json\/wp\/v2\/product"}],"about":[{"href":"https:\/\/wham-vintage.com\/en\/wp-json\/wp\/v2\/types\/product"}],"wp:attachment":[{"href":"https:\/\/wham-vintage.com\/en\/wp-json\/wp\/v2\/media?parent=29426"}],"wp:term":[{"taxonomy":"genero-musical","embeddable":true,"href":"https:\/\/wham-vintage.com\/en\/wp-json\/wp\/v2\/genero-musical?post=29426"},{"taxonomy":"product_brand","embeddable":true,"href":"https:\/\/wham-vintage.com\/en\/wp-json\/wp\/v2\/product_brand?post=29426"},{"taxonomy":"product_cat","embeddable":true,"href":"https:\/\/wham-vintage.com\/en\/wp-json\/wp\/v2\/product_cat?post=29426"},{"taxonomy":"product_tag","embeddable":true,"href":"https:\/\/wham-vintage.com\/en\/wp-json\/wp\/v2\/product_tag?post=29426"},{"taxonomy":"tematica","embeddable":true,"href":"https:\/\/wham-vintage.com\/en\/wp-json\/wp\/v2\/tematica?post=29426"}],"curies":[{"name":"wp","href":"https:\/\/api.w.org\/{rel}","templated":true}]}}