{"id":29463,"date":"2026-01-09T11:53:36","date_gmt":"2026-01-09T10:53:36","guid":{"rendered":"https:\/\/wham-vintage.com\/muneca-generosa-cutie-reveal-osos-amorosos-barbie\/"},"modified":"2026-01-09T11:53:48","modified_gmt":"2026-01-09T10:53:48","slug":"muneca-generosa-cutie-reveal-osos-amorosos-barbie","status":"publish","type":"product","link":"https:\/\/wham-vintage.com\/en\/muneca-generosa-cutie-reveal-osos-amorosos-barbie\/","title":{"rendered":"Generous Cutie Reveal Care Bears Barbie Doll"},"content":{"rendered":"<p>LAUNCH<\/p>\n<p>Edad: +3 a\u00f1os. Abre la caja para encontrar a la osita Generosa, la m\u00e1s querida por los fans, con un disfraz de peluche violeta. La cara del disfraz est\u00e1 gui\u00f1ando un ojo y el disfraz tiene un dibujo de piruletas con corazones. \u00a1No puede ser m\u00e1s adorable! Retira la cabeza del disfraz y descubrir\u00e1s una mu\u00f1eca Barbie articulada con una melena larga y rubia con mechas violetas y detalles brillantes en los ojos. Abre las cuatro bolsas sorpresa para encontrar ropa y accesorios, como una falda, una diadema, unas gafas de sol, un par de zapatos, un peine con esponja y una adorable osita Generosa a juego en miniatura.<\/p>\n<p>MINIMUM ORDER: 1<\/p>\n<p>2026-03-30<\/p>\n<p>STOCK LEISURE STOCK: 0 THERE ARE 0<\/p>","protected":false},"excerpt":{"rendered":"<p>https:\/\/www.ociostock.com\/productos\/imagenes\/img_437241_d63b92f66ad2f3ad1d8b0eb51c320eb9_1.jpg<\/p>","protected":false},"featured_media":0,"template":"","meta":{"_acf_changed":false,"_relevanssi_hide_post":"","_relevanssi_pin_for_all":"","_relevanssi_pin_keywords":"","_relevanssi_unpin_keywords":"","_relevanssi_related_keywords":"","_relevanssi_related_include_ids":"","_relevanssi_related_exclude_ids":"","_relevanssi_related_no_append":"","_relevanssi_related_not_related":"","_relevanssi_related_posts":"29486,29487,29434,29462,29417,29437","_relevanssi_noindex_reason":""},"genero-musical":[],"product_brand":[],"product_cat":[],"product_tag":[],"tematica":[],"class_list":{"0":"post-29463","1":"product","2":"type-product","3":"status-publish","6":"first","7":"onbackorder","8":"sold-individually","9":"purchasable","10":"product-type-simple"},"acf":[],"_links":{"self":[{"href":"https:\/\/wham-vintage.com\/en\/wp-json\/wp\/v2\/product\/29463","targetHints":{"allow":["GET"]}}],"collection":[{"href":"https:\/\/wham-vintage.com\/en\/wp-json\/wp\/v2\/product"}],"about":[{"href":"https:\/\/wham-vintage.com\/en\/wp-json\/wp\/v2\/types\/product"}],"wp:attachment":[{"href":"https:\/\/wham-vintage.com\/en\/wp-json\/wp\/v2\/media?parent=29463"}],"wp:term":[{"taxonomy":"genero-musical","embeddable":true,"href":"https:\/\/wham-vintage.com\/en\/wp-json\/wp\/v2\/genero-musical?post=29463"},{"taxonomy":"product_brand","embeddable":true,"href":"https:\/\/wham-vintage.com\/en\/wp-json\/wp\/v2\/product_brand?post=29463"},{"taxonomy":"product_cat","embeddable":true,"href":"https:\/\/wham-vintage.com\/en\/wp-json\/wp\/v2\/product_cat?post=29463"},{"taxonomy":"product_tag","embeddable":true,"href":"https:\/\/wham-vintage.com\/en\/wp-json\/wp\/v2\/product_tag?post=29463"},{"taxonomy":"tematica","embeddable":true,"href":"https:\/\/wham-vintage.com\/en\/wp-json\/wp\/v2\/tematica?post=29463"}],"curies":[{"name":"wp","href":"https:\/\/api.w.org\/{rel}","templated":true}]}}