{"id":29471,"date":"2026-01-09T11:53:54","date_gmt":"2026-01-09T10:53:54","guid":{"rendered":"https:\/\/wham-vintage.com\/muneca-chelsea-perro-transportin-barbie\/"},"modified":"2026-01-09T11:53:56","modified_gmt":"2026-01-09T10:53:56","slug":"muneca-chelsea-perro-transportin-barbie","status":"publish","type":"product","link":"https:\/\/wham-vintage.com\/en\/muneca-chelsea-perro-transportin-barbie\/","title":{"rendered":"Chelsea Doll &amp; Barbie Dog Carrier"},"content":{"rendered":"<p>LAUNCH<\/p>\n<p>Edad: +3 a\u00f1os. El simp\u00e1tico cachorro de Chelsea tiene un transport\u00edn que puede transformarse: \u00a1despliega el transport\u00edn para disfrutar de cuatro zonas de juego, darle un ba\u00f1o al cachorro o dejar que duerma en la cama para perros! Chelsea tambi\u00e9n cuenta con diferentes juguetes, chuches y accesorios para perros para mantener entretenido al cachorro. Con el pelo rubio y una falda extra\u00edble, los ni\u00f1os y las ni\u00f1as pueden representar diferentes historias sobre el amor a los animales.<\/p>\n<p>MINIMUM ORDER: 1<\/p>\n<p>2026-03-30<\/p>\n<p>STOCK LEISURE STOCK: 0 THERE ARE 0<\/p>","protected":false},"excerpt":{"rendered":"<p>https:\/\/www.ociostock.com\/productos\/imagenes\/img_437236_75b369b47ae84b4b24c3a33f71eaef40_1.jpg<\/p>","protected":false},"featured_media":0,"template":"","meta":{"_acf_changed":false,"_relevanssi_hide_post":"","_relevanssi_pin_for_all":"","_relevanssi_pin_keywords":"","_relevanssi_unpin_keywords":"","_relevanssi_related_keywords":"","_relevanssi_related_include_ids":"","_relevanssi_related_exclude_ids":"","_relevanssi_related_no_append":"","_relevanssi_related_not_related":"","_relevanssi_related_posts":"29434,29453,29419,29417,29437,29433","_relevanssi_noindex_reason":""},"genero-musical":[],"product_brand":[],"product_cat":[],"product_tag":[],"tematica":[],"class_list":{"0":"post-29471","1":"product","2":"type-product","3":"status-publish","6":"first","7":"onbackorder","8":"sold-individually","9":"purchasable","10":"product-type-simple"},"acf":[],"_links":{"self":[{"href":"https:\/\/wham-vintage.com\/en\/wp-json\/wp\/v2\/product\/29471","targetHints":{"allow":["GET"]}}],"collection":[{"href":"https:\/\/wham-vintage.com\/en\/wp-json\/wp\/v2\/product"}],"about":[{"href":"https:\/\/wham-vintage.com\/en\/wp-json\/wp\/v2\/types\/product"}],"wp:attachment":[{"href":"https:\/\/wham-vintage.com\/en\/wp-json\/wp\/v2\/media?parent=29471"}],"wp:term":[{"taxonomy":"genero-musical","embeddable":true,"href":"https:\/\/wham-vintage.com\/en\/wp-json\/wp\/v2\/genero-musical?post=29471"},{"taxonomy":"product_brand","embeddable":true,"href":"https:\/\/wham-vintage.com\/en\/wp-json\/wp\/v2\/product_brand?post=29471"},{"taxonomy":"product_cat","embeddable":true,"href":"https:\/\/wham-vintage.com\/en\/wp-json\/wp\/v2\/product_cat?post=29471"},{"taxonomy":"product_tag","embeddable":true,"href":"https:\/\/wham-vintage.com\/en\/wp-json\/wp\/v2\/product_tag?post=29471"},{"taxonomy":"tematica","embeddable":true,"href":"https:\/\/wham-vintage.com\/en\/wp-json\/wp\/v2\/tematica?post=29471"}],"curies":[{"name":"wp","href":"https:\/\/api.w.org\/{rel}","templated":true}]}}