{"id":29483,"date":"2026-01-09T11:53:54","date_gmt":"2026-01-09T10:53:54","guid":{"rendered":"https:\/\/wham-vintage.com\/muneca-deluxe-syle-barbie-3\/"},"modified":"2026-01-09T11:54:05","modified_gmt":"2026-01-09T10:54:05","slug":"muneca-deluxe-syle-barbie-3","status":"publish","type":"product","link":"https:\/\/wham-vintage.com\/en\/muneca-deluxe-syle-barbie-3\/","title":{"rendered":"Deluxe Style Barbie Doll"},"content":{"rendered":"<p>LAUNCH<\/p>\n<p>Edad: +4 a\u00f1os. \u00a1Esta mu\u00f1eca Barbie resplandece en rosa de pies a cabeza! Su brillante cors\u00e9 met\u00e1lico se combina con unas ligeras mangas de organza que parecen \u201cflotar\u201d sobre sus hombros. Los pantalones a juego complementan a la perfecci\u00f3n su elegante look, mientras que el peinado semirrecogido deja ver sus gruesos pendientes de aro y su collar de rosas. La mu\u00f1eca Barbie luce accesorios como varias pulseras, un bolso con lazo y tacones rosas. Las articulaciones flexibles le permiten adoptar todo tipo de posturas.<\/p>\n<p>MINIMUM ORDER: 1<\/p>\n<p>2026-03-30<\/p>\n<p>STOCK LEISURE STOCK: 0 THERE ARE 0<\/p>","protected":false},"excerpt":{"rendered":"<p>https:\/\/www.ociostock.com\/productos\/imagenes\/img_437283_a050891a241207f2deea3e9c826c9e34_1.jpg<\/p>","protected":false},"featured_media":0,"template":"","meta":{"_acf_changed":false,"_relevanssi_hide_post":"","_relevanssi_pin_for_all":"","_relevanssi_pin_keywords":"","_relevanssi_unpin_keywords":"","_relevanssi_related_keywords":"","_relevanssi_related_include_ids":"","_relevanssi_related_exclude_ids":"","_relevanssi_related_no_append":"","_relevanssi_related_not_related":"","_relevanssi_related_posts":"29479,29482,29484,29434,29417,29437","_relevanssi_noindex_reason":""},"genero-musical":[],"product_brand":[],"product_cat":[],"product_tag":[],"tematica":[],"class_list":{"0":"post-29483","1":"product","2":"type-product","3":"status-publish","6":"first","7":"onbackorder","8":"sold-individually","9":"purchasable","10":"product-type-simple"},"acf":[],"_links":{"self":[{"href":"https:\/\/wham-vintage.com\/en\/wp-json\/wp\/v2\/product\/29483","targetHints":{"allow":["GET"]}}],"collection":[{"href":"https:\/\/wham-vintage.com\/en\/wp-json\/wp\/v2\/product"}],"about":[{"href":"https:\/\/wham-vintage.com\/en\/wp-json\/wp\/v2\/types\/product"}],"wp:attachment":[{"href":"https:\/\/wham-vintage.com\/en\/wp-json\/wp\/v2\/media?parent=29483"}],"wp:term":[{"taxonomy":"genero-musical","embeddable":true,"href":"https:\/\/wham-vintage.com\/en\/wp-json\/wp\/v2\/genero-musical?post=29483"},{"taxonomy":"product_brand","embeddable":true,"href":"https:\/\/wham-vintage.com\/en\/wp-json\/wp\/v2\/product_brand?post=29483"},{"taxonomy":"product_cat","embeddable":true,"href":"https:\/\/wham-vintage.com\/en\/wp-json\/wp\/v2\/product_cat?post=29483"},{"taxonomy":"product_tag","embeddable":true,"href":"https:\/\/wham-vintage.com\/en\/wp-json\/wp\/v2\/product_tag?post=29483"},{"taxonomy":"tematica","embeddable":true,"href":"https:\/\/wham-vintage.com\/en\/wp-json\/wp\/v2\/tematica?post=29483"}],"curies":[{"name":"wp","href":"https:\/\/api.w.org\/{rel}","templated":true}]}}