{"id":29498,"date":"2026-01-09T11:54:12","date_gmt":"2026-01-09T10:54:12","guid":{"rendered":"https:\/\/wham-vintage.com\/juego-de-mesa-la-rueda-libre-espanol\/"},"modified":"2026-01-09T11:54:19","modified_gmt":"2026-01-09T10:54:19","slug":"juego-de-mesa-la-rueda-libre-espanol","status":"publish","type":"product","link":"https:\/\/wham-vintage.com\/en\/juego-de-mesa-la-rueda-libre-espanol\/","title":{"rendered":"Juego de mesa La Rueda Libre espa\u00f1ol"},"content":{"rendered":"<p>LAUNCH<\/p>\n<p>Tama\u00f1o: 30x30x7,5cm. Idioma: Espa\u00f1ol. Edad: +7 a\u00f1os. Numero de jugadores: 2-12. Duracion de la partida: 20 minutos. M\u00e1s de 1800 verdades o retos, 30 minijuegos y 60 ruedas con diferentes temas: Mimo, dibujo, baile, canci\u00f3n, deporte, m\u00fasica y cultura general&#8230; \u00bfEst\u00e1s preparado para el reto?<\/p>\n<p>MINIMUM ORDER: 1<\/p>\n<p>2025-12-09<\/p>\n<p>STOCK OCIOSTOCK : 1 HAY\u00a0 3<\/p>","protected":false},"excerpt":{"rendered":"<p>https:\/\/www.ociostock.com\/productos\/imagenes\/img_403436_7996eb97b11ebc0a33c9fb207561f0df_1.jpg<\/p>","protected":false},"featured_media":0,"template":"","meta":{"_acf_changed":false,"_relevanssi_hide_post":"","_relevanssi_pin_for_all":"","_relevanssi_pin_keywords":"","_relevanssi_unpin_keywords":"","_relevanssi_related_keywords":"","_relevanssi_related_include_ids":"","_relevanssi_related_exclude_ids":"","_relevanssi_related_no_append":"","_relevanssi_related_not_related":"","_relevanssi_related_posts":"29500,29502,29501,29504,29505,29506","_relevanssi_noindex_reason":""},"genero-musical":[],"product_brand":[],"product_cat":[],"product_tag":[],"tematica":[],"class_list":{"0":"post-29498","1":"product","2":"type-product","3":"status-publish","6":"first","7":"onbackorder","8":"sold-individually","9":"purchasable","10":"product-type-simple"},"acf":[],"_links":{"self":[{"href":"https:\/\/wham-vintage.com\/en\/wp-json\/wp\/v2\/product\/29498","targetHints":{"allow":["GET"]}}],"collection":[{"href":"https:\/\/wham-vintage.com\/en\/wp-json\/wp\/v2\/product"}],"about":[{"href":"https:\/\/wham-vintage.com\/en\/wp-json\/wp\/v2\/types\/product"}],"wp:attachment":[{"href":"https:\/\/wham-vintage.com\/en\/wp-json\/wp\/v2\/media?parent=29498"}],"wp:term":[{"taxonomy":"genero-musical","embeddable":true,"href":"https:\/\/wham-vintage.com\/en\/wp-json\/wp\/v2\/genero-musical?post=29498"},{"taxonomy":"product_brand","embeddable":true,"href":"https:\/\/wham-vintage.com\/en\/wp-json\/wp\/v2\/product_brand?post=29498"},{"taxonomy":"product_cat","embeddable":true,"href":"https:\/\/wham-vintage.com\/en\/wp-json\/wp\/v2\/product_cat?post=29498"},{"taxonomy":"product_tag","embeddable":true,"href":"https:\/\/wham-vintage.com\/en\/wp-json\/wp\/v2\/product_tag?post=29498"},{"taxonomy":"tematica","embeddable":true,"href":"https:\/\/wham-vintage.com\/en\/wp-json\/wp\/v2\/tematica?post=29498"}],"curies":[{"name":"wp","href":"https:\/\/api.w.org\/{rel}","templated":true}]}}