{"id":29849,"date":"2026-01-09T12:00:05","date_gmt":"2026-01-09T11:00:05","guid":{"rendered":"https:\/\/wham-vintage.com\/juego-de-mesa-match-madness-espanol\/"},"modified":"2026-01-09T12:00:06","modified_gmt":"2026-01-09T11:00:06","slug":"juego-de-mesa-match-madness-espanol","status":"publish","type":"product","link":"https:\/\/wham-vintage.com\/en\/juego-de-mesa-match-madness-espanol\/","title":{"rendered":"Juego de mesa Match Madness espa\u00f1ol"},"content":{"rendered":"<p>LAUNCH<\/p>\n<p>Edad: +7 a\u00f1os. Numero de jugadores: 1-4. Duracion de la partida: 20 minutos. Pasos: 1. Toma 1 juego de 5 bloques. 2. Gira una carta de patr\u00f3n. 3. Gana el primer jugador en reproducir el patr\u00f3n! Componentes 20 bloques (4 juegos de 5 bloques distintos) 60 cartas de patr\u00f3n (5 niveles de dificultad) 1 Reglamento.<\/p>\n<p>MINIMUM ORDER: 1<\/p>\n<p>2025-11-24<\/p>\n<p>STOCK OCIOSTOCK : 1 HAY\u00a0 20<\/p>","protected":false},"excerpt":{"rendered":"<p>https:\/\/www.ociostock.com\/productos\/imagenes\/img_426101_9095216daea8d1be67cfc40f28b81798_1.jpg<\/p>","protected":false},"featured_media":0,"template":"","meta":{"_acf_changed":false,"_relevanssi_hide_post":"","_relevanssi_pin_for_all":"","_relevanssi_pin_keywords":"","_relevanssi_unpin_keywords":"","_relevanssi_related_keywords":"","_relevanssi_related_include_ids":"","_relevanssi_related_exclude_ids":"","_relevanssi_related_no_append":"","_relevanssi_related_not_related":"","_relevanssi_related_posts":"29500,29843,29851,29853,29498,29501","_relevanssi_noindex_reason":""},"genero-musical":[],"product_brand":[4695],"product_cat":[],"product_tag":[],"tematica":[],"class_list":{"0":"post-29849","1":"product","2":"type-product","3":"status-publish","5":"product_brand-sd-games","7":"first","8":"onbackorder","9":"sold-individually","10":"purchasable","11":"product-type-simple"},"acf":[],"_links":{"self":[{"href":"https:\/\/wham-vintage.com\/en\/wp-json\/wp\/v2\/product\/29849","targetHints":{"allow":["GET"]}}],"collection":[{"href":"https:\/\/wham-vintage.com\/en\/wp-json\/wp\/v2\/product"}],"about":[{"href":"https:\/\/wham-vintage.com\/en\/wp-json\/wp\/v2\/types\/product"}],"wp:attachment":[{"href":"https:\/\/wham-vintage.com\/en\/wp-json\/wp\/v2\/media?parent=29849"}],"wp:term":[{"taxonomy":"genero-musical","embeddable":true,"href":"https:\/\/wham-vintage.com\/en\/wp-json\/wp\/v2\/genero-musical?post=29849"},{"taxonomy":"product_brand","embeddable":true,"href":"https:\/\/wham-vintage.com\/en\/wp-json\/wp\/v2\/product_brand?post=29849"},{"taxonomy":"product_cat","embeddable":true,"href":"https:\/\/wham-vintage.com\/en\/wp-json\/wp\/v2\/product_cat?post=29849"},{"taxonomy":"product_tag","embeddable":true,"href":"https:\/\/wham-vintage.com\/en\/wp-json\/wp\/v2\/product_tag?post=29849"},{"taxonomy":"tematica","embeddable":true,"href":"https:\/\/wham-vintage.com\/en\/wp-json\/wp\/v2\/tematica?post=29849"}],"curies":[{"name":"wp","href":"https:\/\/api.w.org\/{rel}","templated":true}]}}