{"id":29853,"date":"2026-01-09T12:00:05","date_gmt":"2026-01-09T11:00:05","guid":{"rendered":"https:\/\/wham-vintage.com\/juego-de-mesa-semeva-labola-espanol\/"},"modified":"2026-01-09T12:00:09","modified_gmt":"2026-01-09T11:00:09","slug":"juego-de-mesa-semeva-labola-espanol","status":"publish","type":"product","link":"https:\/\/wham-vintage.com\/en\/juego-de-mesa-semeva-labola-espanol\/","title":{"rendered":"Juego de mesa Semeva Labola espa\u00f1ol"},"content":{"rendered":"<p>LAUNCH<\/p>\n<p>Edad: +7 a\u00f1os. Numero de jugadores: 1-4. Duracion de la partida: 20 minutos. Voltea una carta de desafio. Coloca las canicas en el canalon y 3 paredes magneticas en la plataforma. Eleva el canalon y haz rodar las canicas hasta la plataforma de juego. Inclina la plataforma de juego para mover las canicas y completar el desafio. Contiene: 1 contenedor de almacenaje, 1 libro de reglas., 1 plataforma con 1 canal\u00f3n, 42 cartas de desaf\u00edo, 24 canicas (6 verdes, 6 azules, 6 magentas y 6 amarillas),, 3 paredes magn\u00e9ticas (1 recta, 1 semicircular y 1 ondulada)1 contenedor de almacenaje, 1 libro de reglas., 1 plataforma con 1 canal\u00f3n, 42 cartas de desaf\u00edo, 24 canicas (6 verdes, 6 azules, 6 magentas y 6 amarillas),, 3 paredes magn\u00e9ticas (1 recta, 1 semicircular y 1 ondulada).<\/p>\n<p>MINIMUM ORDER: 1<\/p>\n<p>2025-11-13<\/p>\n<p>STOCK OCIOSTOCK : 1 HAY\u00a0 7<\/p>","protected":false},"excerpt":{"rendered":"<p>https:\/\/www.ociostock.com\/productos\/imagenes\/img_426097_e92282c86254190a0262051dbbed0516_1.jpg<\/p>","protected":false},"featured_media":0,"template":"","meta":{"_acf_changed":false,"_relevanssi_hide_post":"","_relevanssi_pin_for_all":"","_relevanssi_pin_keywords":"","_relevanssi_unpin_keywords":"","_relevanssi_related_keywords":"","_relevanssi_related_include_ids":"","_relevanssi_related_exclude_ids":"","_relevanssi_related_no_append":"","_relevanssi_related_not_related":"","_relevanssi_related_posts":"29500,29843,29851,29849,29498,29501","_relevanssi_noindex_reason":""},"genero-musical":[],"product_brand":[4695],"product_cat":[],"product_tag":[],"tematica":[],"class_list":{"0":"post-29853","1":"product","2":"type-product","3":"status-publish","5":"product_brand-sd-games","7":"first","8":"onbackorder","9":"sold-individually","10":"purchasable","11":"product-type-simple"},"acf":[],"_links":{"self":[{"href":"https:\/\/wham-vintage.com\/en\/wp-json\/wp\/v2\/product\/29853","targetHints":{"allow":["GET"]}}],"collection":[{"href":"https:\/\/wham-vintage.com\/en\/wp-json\/wp\/v2\/product"}],"about":[{"href":"https:\/\/wham-vintage.com\/en\/wp-json\/wp\/v2\/types\/product"}],"wp:attachment":[{"href":"https:\/\/wham-vintage.com\/en\/wp-json\/wp\/v2\/media?parent=29853"}],"wp:term":[{"taxonomy":"genero-musical","embeddable":true,"href":"https:\/\/wham-vintage.com\/en\/wp-json\/wp\/v2\/genero-musical?post=29853"},{"taxonomy":"product_brand","embeddable":true,"href":"https:\/\/wham-vintage.com\/en\/wp-json\/wp\/v2\/product_brand?post=29853"},{"taxonomy":"product_cat","embeddable":true,"href":"https:\/\/wham-vintage.com\/en\/wp-json\/wp\/v2\/product_cat?post=29853"},{"taxonomy":"product_tag","embeddable":true,"href":"https:\/\/wham-vintage.com\/en\/wp-json\/wp\/v2\/product_tag?post=29853"},{"taxonomy":"tematica","embeddable":true,"href":"https:\/\/wham-vintage.com\/en\/wp-json\/wp\/v2\/tematica?post=29853"}],"curies":[{"name":"wp","href":"https:\/\/api.w.org\/{rel}","templated":true}]}}