{"id":30307,"date":"2026-01-09T12:07:39","date_gmt":"2026-01-09T11:07:39","guid":{"rendered":"https:\/\/wham-vintage.com\/mochila-roar-jurassic-world-43cm-adaptable\/"},"modified":"2026-01-09T12:07:54","modified_gmt":"2026-01-09T11:07:54","slug":"mochila-roar-jurassic-world-43cm-adaptable","status":"publish","type":"product","link":"https:\/\/wham-vintage.com\/en\/mochila-roar-jurassic-world-43cm-adaptable\/","title":{"rendered":"Mochila Roar Jurassic World 43cm adaptable"},"content":{"rendered":"<p>LAUNCH<\/p>\n<p>Tama\u00f1o: 31x16x45cm. Tres amplios compartimentos exteriores. Cierre con cremalleras y tiradores de cuerda de alta resistencia. Interiormente forrada. Adem\u00e1s tiene dos bolsillos laterales reforzados de gran calidad para botellas y accesorios. Tirantes regulables, acolchados y ergon\u00f3micos para un mejor ajuste a la espalda. Espaldera acolchada para mayor comodidad, con asa superior que aporta un plus de confort a su manejo. Adaptable a carro. Material 100% poli\u00e9ster cruzado de gran calidad, tejido transpirable y duradero. La originalidad de su dise\u00f1o con dos tiras cruzadas con mosquet\u00f3n hacen de este modelo la mochila perfecta para los amantes de esta impresionante saga.<\/p>\n<p>MINIMUM ORDER: 1<\/p>\n<p>2026-03-13<\/p>\n<p>STOCK LEISURE STOCK: 0 THERE ARE 0<\/p>","protected":false},"excerpt":{"rendered":"<p>https:\/\/www.ociostock.com\/productos\/imagenes\/img_336140_390b732bd7daefaeb4439ade01467491_1.jpg<\/p>","protected":false},"featured_media":0,"template":"","meta":{"_acf_changed":false,"_relevanssi_hide_post":"","_relevanssi_pin_for_all":"","_relevanssi_pin_keywords":"","_relevanssi_unpin_keywords":"","_relevanssi_related_keywords":"","_relevanssi_related_include_ids":"","_relevanssi_related_exclude_ids":"","_relevanssi_related_no_append":"","_relevanssi_related_not_related":"","_relevanssi_related_posts":"30309,30294,30295,30296,30286,30306","_relevanssi_noindex_reason":""},"genero-musical":[],"product_brand":[],"product_cat":[],"product_tag":[],"tematica":[],"class_list":{"0":"post-30307","1":"product","2":"type-product","3":"status-publish","6":"first","7":"onbackorder","8":"sold-individually","9":"purchasable","10":"product-type-simple"},"acf":[],"_links":{"self":[{"href":"https:\/\/wham-vintage.com\/en\/wp-json\/wp\/v2\/product\/30307","targetHints":{"allow":["GET"]}}],"collection":[{"href":"https:\/\/wham-vintage.com\/en\/wp-json\/wp\/v2\/product"}],"about":[{"href":"https:\/\/wham-vintage.com\/en\/wp-json\/wp\/v2\/types\/product"}],"wp:attachment":[{"href":"https:\/\/wham-vintage.com\/en\/wp-json\/wp\/v2\/media?parent=30307"}],"wp:term":[{"taxonomy":"genero-musical","embeddable":true,"href":"https:\/\/wham-vintage.com\/en\/wp-json\/wp\/v2\/genero-musical?post=30307"},{"taxonomy":"product_brand","embeddable":true,"href":"https:\/\/wham-vintage.com\/en\/wp-json\/wp\/v2\/product_brand?post=30307"},{"taxonomy":"product_cat","embeddable":true,"href":"https:\/\/wham-vintage.com\/en\/wp-json\/wp\/v2\/product_cat?post=30307"},{"taxonomy":"product_tag","embeddable":true,"href":"https:\/\/wham-vintage.com\/en\/wp-json\/wp\/v2\/product_tag?post=30307"},{"taxonomy":"tematica","embeddable":true,"href":"https:\/\/wham-vintage.com\/en\/wp-json\/wp\/v2\/tematica?post=30307"}],"curies":[{"name":"wp","href":"https:\/\/api.w.org\/{rel}","templated":true}]}}