{"id":33580,"date":"2026-01-23T11:16:47","date_gmt":"2026-01-23T10:16:47","guid":{"rendered":"https:\/\/wham-vintage.com\/?post_type=product&#038;p=33580"},"modified":"2026-01-23T11:27:21","modified_gmt":"2026-01-23T10:27:21","slug":"recycled-j-casanova-disco-vinilo-lp-rap","status":"publish","type":"product","link":"https:\/\/wham-vintage.com\/en\/recycled-j-casanova-disco-vinilo-lp-rap\/","title":{"rendered":"RECYCLED J &#8211; CASANOVA &#8211; Disco vinilo LP RAP"},"content":{"rendered":"<p>Recycled J se ha dado a conocer por su versatilidad musical, siendo capaz de mezclar mundos tan distantes como el rap del underground y el pop de masas, creando un estilo \u00fanico y por el que hoy en d\u00eda se le reconoce.<\/p>\n<p>El madrile\u00f1o tiene una legi\u00f3n de seguidores que se cuentan por miles y se ha ganado el respeto y reconocimiento del entorno art\u00edstico. Un verdadero artista que crea tendencia y que ha dejado su imprenta en toda una generaci\u00f3n.<br \/>\n\u00b7 Content:<br \/>\nCara A<\/p>\n<p>1. 150 Canciones<br \/>\n2. Ganas<br \/>\n3. Cara a cara<br \/>\n4. Casanova<br \/>\n5. Perro hambriento<br \/>\n6. No hay manera<\/p>\n<p>Cara B<\/p>\n<p>7. Rosas Freestyle<br \/>\n8. 10.000 Kms<br \/>\n9. Primadonna<br \/>\n10. Los muertos y las flores<br \/>\n11. Dime algo<br \/>\n12. Pa no volver<\/p>","protected":false},"excerpt":{"rendered":"<p>Recycled ha querido aprovechar la ocasi\u00f3n para incluir 4 nuevas canciones con colaboraciones tanto del panorama nacional como internacional en este formato especial que consiste en un vinilo marmoleado de 140g con con un dise\u00f1o en donde mezcla lo cl\u00e1sico del rap con lo moderno del trap y otras fusiones.<\/p>","protected":false},"featured_media":33583,"template":"","meta":{"_acf_changed":false,"_relevanssi_hide_post":"","_relevanssi_pin_for_all":"","_relevanssi_pin_keywords":"","_relevanssi_unpin_keywords":"","_relevanssi_related_keywords":"","_relevanssi_related_include_ids":"0","_relevanssi_related_exclude_ids":"","_relevanssi_related_no_append":"","_relevanssi_related_not_related":"","_relevanssi_related_posts":"40415,33890,15393,40595,15585,18742","_relevanssi_noindex_reason":""},"genero-musical":[1675],"product_brand":[],"product_cat":[],"product_tag":[],"tematica":[],"class_list":{"0":"post-33580","1":"product","2":"type-product","3":"status-publish","4":"has-post-thumbnail","6":"genero-musical-trap","8":"first","9":"outofstock","10":"sale","11":"featured","12":"sold-individually","13":"purchasable","14":"product-type-simple"},"acf":[],"_links":{"self":[{"href":"https:\/\/wham-vintage.com\/en\/wp-json\/wp\/v2\/product\/33580","targetHints":{"allow":["GET"]}}],"collection":[{"href":"https:\/\/wham-vintage.com\/en\/wp-json\/wp\/v2\/product"}],"about":[{"href":"https:\/\/wham-vintage.com\/en\/wp-json\/wp\/v2\/types\/product"}],"wp:featuredmedia":[{"embeddable":true,"href":"https:\/\/wham-vintage.com\/en\/wp-json\/wp\/v2\/media\/33583"}],"wp:attachment":[{"href":"https:\/\/wham-vintage.com\/en\/wp-json\/wp\/v2\/media?parent=33580"}],"wp:term":[{"taxonomy":"genero-musical","embeddable":true,"href":"https:\/\/wham-vintage.com\/en\/wp-json\/wp\/v2\/genero-musical?post=33580"},{"taxonomy":"product_brand","embeddable":true,"href":"https:\/\/wham-vintage.com\/en\/wp-json\/wp\/v2\/product_brand?post=33580"},{"taxonomy":"product_cat","embeddable":true,"href":"https:\/\/wham-vintage.com\/en\/wp-json\/wp\/v2\/product_cat?post=33580"},{"taxonomy":"product_tag","embeddable":true,"href":"https:\/\/wham-vintage.com\/en\/wp-json\/wp\/v2\/product_tag?post=33580"},{"taxonomy":"tematica","embeddable":true,"href":"https:\/\/wham-vintage.com\/en\/wp-json\/wp\/v2\/tematica?post=33580"}],"curies":[{"name":"wp","href":"https:\/\/api.w.org\/{rel}","templated":true}]}}