{"id":38964,"date":"2026-02-12T15:15:35","date_gmt":"2026-02-12T14:15:35","guid":{"rendered":"https:\/\/wham-vintage.com\/supreme-jebbiajames-phaidon-ingles\/"},"modified":"2026-02-12T16:45:06","modified_gmt":"2026-02-12T15:45:06","slug":"supreme-jebbiajames-phaidon-ingles","status":"publish","type":"product","link":"https:\/\/wham-vintage.com\/en\/supreme-jebbiajames-phaidon-ingles\/","title":{"rendered":"SUPREME \u2013 JEBBIA,JAMES \u2013 PHAIDON INGLES"},"content":{"rendered":"<p>Disponible a partir: 10-02-2020<\/p>\n<p><em>Supreme<\/em>, creado en colaboraci\u00f3n con su fundador James Jebbia y publicado por Phaidon, es el libro que documenta la evoluci\u00f3n completa de la marca neoyorquina que redefini\u00f3 la cultura urbana. A trav\u00e9s de fotograf\u00edas exclusivas, material de archivo, campa\u00f1as hist\u00f3ricas y colaboraciones legendarias, el volumen muestra c\u00f3mo Supreme pas\u00f3 de ser un peque\u00f1o espacio para skaters en Lafayette Street a convertirse en un referente mundial del dise\u00f1o, la moda y el arte contempor\u00e1neo. Con una edici\u00f3n impecable y un enfoque visual potente, este libro es una pieza imprescindible para coleccionistas, amantes del streetwear, dise\u00f1adores y cualquier persona interesada en comprender el impacto cultural de Supreme.<\/p>\n<h2><strong>Origin<\/strong><\/h2>\n<ul>\n<li>Supreme se fund\u00f3 en 1994 en Nueva York por <strong>James Jebbia<\/strong>.<\/li>\n<li>Su primera tienda estaba pensada para <strong>skaters<\/strong>, con un espacio abierto para que pudieran entrar con la tabla sin problemas.<\/li>\n<li>Vend\u00edan ropa, accesorios y material relacionado con la cultura skate.<\/li>\n<\/ul>\n<h2><strong>Evoluci\u00f3n<\/strong><\/h2>\n<p>Con el tiempo, Supreme pas\u00f3 de ser una tienda de skate a convertirse en un <strong>icono global del streetwear<\/strong>. \u00bfPor qu\u00e9?<\/p>\n<ul>\n<li>Colaboraciones con artistas (Jeff Koons, Takashi Murakami, Damien Hirst).<\/li>\n<li>Colaboraciones con marcas de lujo (Louis Vuitton).<\/li>\n<li>Ediciones limitadas que se agotan en minutos.<\/li>\n<li>Una est\u00e9tica muy marcada y reconocible.<\/li>\n<\/ul>\n<h2><strong>Hoy en d\u00eda<\/strong><\/h2>\n<p>Supreme es una marca que mezcla:<\/p>\n<ul>\n<li><strong>Skate<\/strong><\/li>\n<li><strong>Moda urbana<\/strong><\/li>\n<li><strong>Arte contempor\u00e1neo<\/strong><\/li>\n<li><strong>Cultura pop<\/strong><\/li>\n<\/ul>\n<p>Sigue vinculada al skate, pero su influencia es mucho m\u00e1s amplia: moda, dise\u00f1o, coleccionismo y cultura visual.<\/p>","protected":false},"excerpt":{"rendered":"<p>La historia visual definitiva de la marca skate y vestimenta casual Supreme, presentada en un volumen que re\u00fane archivos, colaboraciones y momentos clave de la marca que transform\u00f3 el streetwear en un fen\u00f3meno global.<\/p>","protected":false},"featured_media":38965,"template":"","meta":{"_acf_changed":false,"_relevanssi_hide_post":"","_relevanssi_pin_for_all":"","_relevanssi_pin_keywords":"","_relevanssi_unpin_keywords":"","_relevanssi_related_keywords":"","_relevanssi_related_include_ids":"0","_relevanssi_related_exclude_ids":"","_relevanssi_related_no_append":"","_relevanssi_related_not_related":"","_relevanssi_related_posts":"23547,20685,39026,37629,38856,16964","_relevanssi_noindex_reason":""},"genero-musical":[],"product_brand":[7036],"product_cat":[],"product_tag":[7081,7034],"tematica":[],"class_list":{"0":"post-38964","1":"product","2":"type-product","3":"status-publish","4":"has-post-thumbnail","6":"product_brand-phaidon-ingles","7":"product_tag-jebbia-james","8":"product_tag-libros-de-arte-y-diseno","10":"first","11":"onbackorder","12":"sold-individually","13":"purchasable","14":"product-type-simple"},"acf":[],"_links":{"self":[{"href":"https:\/\/wham-vintage.com\/en\/wp-json\/wp\/v2\/product\/38964","targetHints":{"allow":["GET"]}}],"collection":[{"href":"https:\/\/wham-vintage.com\/en\/wp-json\/wp\/v2\/product"}],"about":[{"href":"https:\/\/wham-vintage.com\/en\/wp-json\/wp\/v2\/types\/product"}],"wp:featuredmedia":[{"embeddable":true,"href":"https:\/\/wham-vintage.com\/en\/wp-json\/wp\/v2\/media\/38965"}],"wp:attachment":[{"href":"https:\/\/wham-vintage.com\/en\/wp-json\/wp\/v2\/media?parent=38964"}],"wp:term":[{"taxonomy":"genero-musical","embeddable":true,"href":"https:\/\/wham-vintage.com\/en\/wp-json\/wp\/v2\/genero-musical?post=38964"},{"taxonomy":"product_brand","embeddable":true,"href":"https:\/\/wham-vintage.com\/en\/wp-json\/wp\/v2\/product_brand?post=38964"},{"taxonomy":"product_cat","embeddable":true,"href":"https:\/\/wham-vintage.com\/en\/wp-json\/wp\/v2\/product_cat?post=38964"},{"taxonomy":"product_tag","embeddable":true,"href":"https:\/\/wham-vintage.com\/en\/wp-json\/wp\/v2\/product_tag?post=38964"},{"taxonomy":"tematica","embeddable":true,"href":"https:\/\/wham-vintage.com\/en\/wp-json\/wp\/v2\/tematica?post=38964"}],"curies":[{"name":"wp","href":"https:\/\/api.w.org\/{rel}","templated":true}]}}