{"id":40898,"date":"2026-02-17T11:55:02","date_gmt":"2026-02-17T10:55:02","guid":{"rendered":"https:\/\/wham-vintage.com\/?post_type=product&#038;p=40898"},"modified":"2026-02-17T11:55:04","modified_gmt":"2026-02-17T10:55:04","slug":"jeff-goldblum-i-shouldnt-be-telling-you-this-disco-vinilo-lp-jazz","status":"publish","type":"product","link":"https:\/\/wham-vintage.com\/en\/jeff-goldblum-i-shouldnt-be-telling-you-this-disco-vinilo-lp-jazz\/","title":{"rendered":"Jeff Goldblum &#8211; I Shouldn\u00b4t Be Telling You This &#8211; Disco vinilo LP Jazz"},"content":{"rendered":"<p><iframe loading=\"lazy\" width=\"560\" height=\"315\" src=\"https:\/\/www.youtube.com\/embed\/KYDQCckzpCA?si=rvv9CjDfHAJ3AGS4\" title=\"YouTube video player\" frameborder=\"0\" allow=\"accelerometer; autoplay; clipboard-write; encrypted-media; gyroscope; picture-in-picture; web-share\" referrerpolicy=\"strict-origin-when-cross-origin\" allowfullscreen><\/iframe><\/p>\n<\/div>\n<div><\/div>\n<div class=\"blkDrc\">\n<h3>\u00b7 Contenido:<\/h3>\n<p>LP (A)<\/p>\n<p>1 \u00b7 Let&#8217;s Face The Music And Dance [feat. Sharon Van Etten]<br \/>\n\u00b7 by Jeff Goldblum &amp; the Mildred Snitzer Orchestra \u00b7 4:06<\/p>\n<p>2 \u00b7 The Sidewinder \/ The Beat Goes On [feat. Inara George]<br \/>\n\u00b7 by Jeff Goldblum &amp; the Mildred Snitzer Orchestra \u00b7 4:31<\/p>\n<p>3 \u00b7 Driftin&#8217;<br \/>\n\u00b7 by Jeff Goldblum &amp; the Mildred Snitzer Orchestra \u00b7 4:42<\/p>\n<p>4 \u00b7 The Thrill Is Gone \/ Django<br \/>\n\u00b7 by Jeff Goldblum &amp; The Mildred Snitzer Orchestra &amp; Miley Cyrus \u00b7 3:55<\/p>\n<p>5 \u00b7 The Kicker<br \/>\n\u00b7 by Jeff Goldblum &amp; the Mildred Snitzer Orchestra \u00b7 3:46<\/p>\n<p>B<\/p>\n<p>6 \u00b7 Don\u2019t Worry \u2018Bout Me [feat. Fiona Apple]<br \/>\nby Jeff Goldblum &amp; the Mildred Snitzer Orchestra \u00b7 3:23<\/p>\n<p>7 \u00b7 The Cat<br \/>\n\u00b7 by Jeff Goldblum &amp; the Mildred Snitzer Orchestra \u00b7 2:51<\/p>\n<p>8 \u00b7 Four On Six \/ Broken English [feat. Anna Calvi]<br \/>\n\u00b7 by Jeff Goldblum &amp; the Mildred Snitzer Orchestra \u00b7 4:09<\/p>\n<p>9 \u00b7 If I Knew Then [feat. Gina Saputo]<br \/>\n\u00b7 by Jeff Goldblum &amp; the Mildred Snitzer Orchestra \u00b7 1:44<\/p>\n<p>10 \u00b7 Make Someone Happy<br \/>\n\u00b7 by Jeff Goldblum &amp; The Mildred Snitzer Orchestra &amp; Gregory Porter \u00b7 4:42<\/p>\n<p>11 \u00b7 Little Man You&#8217;ve Had A Busy Day<br \/>\n\u00b7 by Jeff Goldblum &amp; the Mildred Snitzer Orchestra \u00b7 3:45<\/p><\/div>\n","protected":false},"excerpt":{"rendered":"<p>La leyenda de Hollywood Jeff Goldblum lanza el 1 de noviembre su segundo \u00e1lbum \u201cI Shouldn\u00b4t Be Telling You This\u201d junto a <strong>The Mildred Snitzer Orchestra<\/strong> bajo el sello Decca Records.<\/p>\n<p>Para ello Jeff ha reunido a un extraordinario grupo de vocalistas de todos los \u00e1mbitos de la vida musical, alguno de los cuales se presentan como nuevas voces del jazz por primera vez con este \u00e1lbum.<\/p>\n<p>Adem\u00e1s, en \u00e9l se incluyen colaboraciones con grandes estrellas de la m\u00fasica como <strong>Miley Cyrus<\/strong> and <strong>Gregory Porter<\/strong>.<\/p>","protected":false},"featured_media":40899,"template":"","meta":{"_acf_changed":false,"_relevanssi_hide_post":"","_relevanssi_pin_for_all":"","_relevanssi_pin_keywords":"","_relevanssi_unpin_keywords":"","_relevanssi_related_keywords":"","_relevanssi_related_include_ids":"0","_relevanssi_related_exclude_ids":"","_relevanssi_related_no_append":"","_relevanssi_related_not_related":"","_relevanssi_related_posts":"40415,17802,17435,15649,38824,20074","_relevanssi_noindex_reason":""},"genero-musical":[5751,7026],"product_brand":[],"product_cat":[],"product_tag":[],"tematica":[],"class_list":{"0":"post-40898","1":"product","2":"type-product","3":"status-publish","4":"has-post-thumbnail","6":"genero-musical-azid-jazz","7":"genero-musical-jazz-big-band","9":"first","10":"onbackorder","11":"sold-individually","12":"taxable","13":"shipping-taxable","14":"purchasable","15":"product-type-simple"},"acf":[],"_links":{"self":[{"href":"https:\/\/wham-vintage.com\/en\/wp-json\/wp\/v2\/product\/40898","targetHints":{"allow":["GET"]}}],"collection":[{"href":"https:\/\/wham-vintage.com\/en\/wp-json\/wp\/v2\/product"}],"about":[{"href":"https:\/\/wham-vintage.com\/en\/wp-json\/wp\/v2\/types\/product"}],"wp:featuredmedia":[{"embeddable":true,"href":"https:\/\/wham-vintage.com\/en\/wp-json\/wp\/v2\/media\/40899"}],"wp:attachment":[{"href":"https:\/\/wham-vintage.com\/en\/wp-json\/wp\/v2\/media?parent=40898"}],"wp:term":[{"taxonomy":"genero-musical","embeddable":true,"href":"https:\/\/wham-vintage.com\/en\/wp-json\/wp\/v2\/genero-musical?post=40898"},{"taxonomy":"product_brand","embeddable":true,"href":"https:\/\/wham-vintage.com\/en\/wp-json\/wp\/v2\/product_brand?post=40898"},{"taxonomy":"product_cat","embeddable":true,"href":"https:\/\/wham-vintage.com\/en\/wp-json\/wp\/v2\/product_cat?post=40898"},{"taxonomy":"product_tag","embeddable":true,"href":"https:\/\/wham-vintage.com\/en\/wp-json\/wp\/v2\/product_tag?post=40898"},{"taxonomy":"tematica","embeddable":true,"href":"https:\/\/wham-vintage.com\/en\/wp-json\/wp\/v2\/tematica?post=40898"}],"curies":[{"name":"wp","href":"https:\/\/api.w.org\/{rel}","templated":true}]}}