{"id":53548,"date":"2026-03-06T21:50:12","date_gmt":"2026-03-06T20:50:12","guid":{"rendered":"https:\/\/wham-vintage.com\/?post_type=product&#038;p=53548"},"modified":"2026-04-20T11:27:34","modified_gmt":"2026-04-20T10:27:34","slug":"the-beatles-help-dvd-richard-lester-edicion-espanola","status":"publish","type":"product","link":"https:\/\/wham-vintage.com\/en\/the-beatles-help-dvd-richard-lester-edicion-espanola\/","title":{"rendered":"The Beatles HELP DVD &#8211; Richard Lester &#8211; Edici\u00f3n espa\u00f1ola"},"content":{"rendered":"","protected":false},"excerpt":{"rendered":"<p>DVD Usado, en perfecto estado. Extras: Biograf\u00edas, filmograf\u00edas, posters, &#8220;men\u00fas animados y sonoros&#8221;<\/p>","protected":false},"featured_media":53547,"template":"","meta":{"_acf_changed":false,"_relevanssi_hide_post":"","_relevanssi_pin_for_all":"","_relevanssi_pin_keywords":"","_relevanssi_unpin_keywords":"","_relevanssi_related_keywords":"","_relevanssi_related_include_ids":"0","_relevanssi_related_exclude_ids":"","_relevanssi_related_no_append":"","_relevanssi_related_not_related":"","_relevanssi_related_posts":"39440,17435,21940,14719,40415,14584","_relevanssi_noindex_reason":""},"genero-musical":[],"grupo-categoria":[],"product_brand":[],"product_cat":[9216,9215,142],"product_tag":[],"class_list":{"0":"post-53548","1":"product","2":"type-product","3":"status-publish","4":"has-post-thumbnail","6":"product_cat-discos-de-vinilo-lp-novedad-y-reediciones","7":"product_cat-musica-discos-vinilos-cassettes","8":"product_cat-dvd-blu-ray-vhs","10":"first","11":"instock","12":"taxable","13":"shipping-taxable","14":"purchasable","15":"product-type-simple"},"acf":[],"_links":{"self":[{"href":"https:\/\/wham-vintage.com\/en\/wp-json\/wp\/v2\/product\/53548","targetHints":{"allow":["GET"]}}],"collection":[{"href":"https:\/\/wham-vintage.com\/en\/wp-json\/wp\/v2\/product"}],"about":[{"href":"https:\/\/wham-vintage.com\/en\/wp-json\/wp\/v2\/types\/product"}],"wp:featuredmedia":[{"embeddable":true,"href":"https:\/\/wham-vintage.com\/en\/wp-json\/wp\/v2\/media\/53547"}],"wp:attachment":[{"href":"https:\/\/wham-vintage.com\/en\/wp-json\/wp\/v2\/media?parent=53548"}],"wp:term":[{"taxonomy":"genero-musical","embeddable":true,"href":"https:\/\/wham-vintage.com\/en\/wp-json\/wp\/v2\/genero-musical?post=53548"},{"taxonomy":"grupo-categoria","embeddable":true,"href":"https:\/\/wham-vintage.com\/en\/wp-json\/wp\/v2\/grupo-categoria?post=53548"},{"taxonomy":"product_brand","embeddable":true,"href":"https:\/\/wham-vintage.com\/en\/wp-json\/wp\/v2\/product_brand?post=53548"},{"taxonomy":"product_cat","embeddable":true,"href":"https:\/\/wham-vintage.com\/en\/wp-json\/wp\/v2\/product_cat?post=53548"},{"taxonomy":"product_tag","embeddable":true,"href":"https:\/\/wham-vintage.com\/en\/wp-json\/wp\/v2\/product_tag?post=53548"}],"curies":[{"name":"wp","href":"https:\/\/api.w.org\/{rel}","templated":true}]}}